{"id":1505,"date":"2024-05-14T13:45:06","date_gmt":"2024-05-14T11:45:06","guid":{"rendered":"https:\/\/dokmairwanda.com\/?page_id=1505"},"modified":"2024-05-20T11:10:12","modified_gmt":"2024-05-20T09:10:12","slug":"training","status":"publish","type":"page","link":"https:\/\/dokmairwanda.com\/fr\/training\/","title":{"rendered":"Entra\u00eenement"},"content":{"rendered":"<div class=\"row\"  id=\"row-220181723\">\n\n\n\t<div id=\"col-79705092\" class=\"col medium-6 small-12 large-6\"  >\n\t\t\t\t<div class=\"col-inner\"  >\n\t\t\t\n\t\t\t\n\n<div class=\"text-center\"><div class=\"is-divider divider clearfix\" ><\/div><\/div>\n\n\t<div id=\"text-1066019285\" class=\"text\">\n\t\t\n\n<h2 class=\"font_2 wixui-rich-text__text\" style=\"text-align: center;\"><span class=\"wixui-rich-text__text\">Notre histoire<\/span><\/h2>\n<p class=\"font_7 wixui-rich-text__text\"><span class=\"wixui-rich-text__text\">Maroquinerie artisanale et cours de couture<\/span><\/p>\n<p class=\"font_8 wixui-rich-text__text\" style=\"text-align: left;\"><span class=\"wixui-rich-text__text\">Chez Dokmai Hub, nous sommes passionn\u00e9s par la cr\u00e9ation d&#039;articles en cuir de haute qualit\u00e9 inspir\u00e9s par la beaut\u00e9 du Rwanda. Notre club de couture est un espace o\u00f9 les gens se r\u00e9unissent et partagent leur amour de l&#039;artisanat. Nous accueillons tous les niveaux de comp\u00e9tences et croyons en la n\u00e9cessit\u00e9 de favoriser une communaut\u00e9 solidaire. Si vous souhaitez rejoindre notre club de couture ou souhaitez en savoir plus sur nos cours, n&#039;h\u00e9sitez pas \u00e0 nous contacter.<\/span><\/p>\n\n\t\t\n<style>\n#text-1066019285 {\n  text-align: center;\n}\n<\/style>\n\t<\/div>\n\t\n\n\t\t<\/div>\n\t\t\t\t\t<\/div>\n\n\t\n\n\t<div id=\"col-1181551784\" class=\"col medium-6 small-12 large-6\"  >\n\t\t\t\t<div class=\"col-inner\"  >\n\t\t\t\n\t\t\t\n\n<div class=\"video video-fit mb\" style=\"padding-top:56.25%;\"><iframe loading=\"lazy\" title=\"Rencontrez Mme Umunyana\" width=\"1020\" height=\"574\" src=\"https:\/\/www.youtube.com\/embed\/rC4KV4MXLeI?feature=oembed\" frameborder=\"0\" allow=\"accelerometer; autoplay; clipboard-write; encrypted-media; gyroscope; picture-in-picture; web-share\" referrerpolicy=\"strict-origin-when-cross-origin\" allowfullscreen><\/iframe><\/div>\n\n\n\t\t<\/div>\n\t\t\t\t\t<\/div>\n\n\t\n\n<\/div>\n<div class=\"text-center\"><div class=\"is-divider divider clearfix\" ><\/div><\/div>\n\n<h2 style=\"text-align: center;\">R\u00e9servez un cours de formation en couture<\/h2>\n<div class=\"row\"  id=\"row-1234941096\">\n\n\n\t<div id=\"col-2049553946\" class=\"col small-12 large-12\"  >\n\t\t\t\t<div class=\"col-inner\"  >\n\t\t\t\n\t\t\t\n\n<div class=\"row\"  id=\"row-65196302\">\n\n\n\t<div id=\"col-1776779439\" class=\"col medium-3 small-12 large-3\"  >\n\t\t\t\t<div class=\"col-inner\"  >\n\t\t\t\n\t\t\t\n\n\n\t\t<\/div>\n\t\t\t\t\t<\/div>\n\n\t\n\n\t<div id=\"col-1546199858\" class=\"col medium-6 small-12 large-6\"  >\n\t\t\t\t<div class=\"col-inner\"  >\n\t\t\t\n\t\t\t\n\n\t\n  \n    <div id=\"product-grid-1669181248\" class=\"row large-columns-2 medium-columns- small-columns- row-small row-masonry\" data-packery-options='{\"itemSelector\": \".col\", \"gutter\": 0, \"presentageWidth\" : true}'>\n\n  \n\t     <div class=\"product-small col has-hover product type-product post-1514 status-publish first instock product_cat-booking has-post-thumbnail virtual sold-individually taxable purchasable product-type-simple\">\n\t<div class=\"col-inner\">\n\t\n<div class=\"badge-container absolute left top z-1\">\n\n<\/div>\n\t<div class=\"product-small box\">\n\t\t<div class=\"box-image\">\n\t\t\t<div class=\"image-fade_in_back\">\n\t\t\t\t<a href=\"https:\/\/dokmairwanda.com\/fr\/produit\/group-training\/\">\n\t\t\t\t\t<img loading=\"lazy\" decoding=\"async\" width=\"247\" height=\"296\" src=\"https:\/\/dokmairwanda.com\/wp-content\/uploads\/2021\/04\/IMG_9817-247x296.jpg\" class=\"attachment-woocommerce_thumbnail size-woocommerce_thumbnail\" alt=\"Group Sewing Training\" srcset=\"https:\/\/dokmairwanda.com\/wp-content\/uploads\/2021\/04\/IMG_9817-247x296.jpg 247w, https:\/\/dokmairwanda.com\/wp-content\/uploads\/2021\/04\/IMG_9817-600x720.jpg 600w\" sizes=\"auto, (max-width: 247px) 100vw, 247px\" \/><img loading=\"lazy\" decoding=\"async\" width=\"247\" height=\"296\" src=\"https:\/\/dokmairwanda.com\/wp-content\/uploads\/2021\/04\/IMG_9746-247x296.jpg\" class=\"show-on-hover absolute fill hide-for-small back-image\" alt=\"Alternative view of Group Sewing Training\" aria-hidden=\"true\" srcset=\"https:\/\/dokmairwanda.com\/wp-content\/uploads\/2021\/04\/IMG_9746-247x296.jpg 247w, https:\/\/dokmairwanda.com\/wp-content\/uploads\/2021\/04\/IMG_9746-600x720.jpg 600w\" sizes=\"auto, (max-width: 247px) 100vw, 247px\" \/>\t\t\t\t<\/a>\n\t\t\t<\/div>\n\t\t\t<div class=\"image-tools is-small top right show-on-hover\">\n\t\t\t\t\t\t\t<\/div>\n\t\t\t<div class=\"image-tools is-small hide-for-small bottom left show-on-hover\">\n\t\t\t\t\t\t\t<\/div>\n\t\t\t<div class=\"image-tools grid-tools text-center hide-for-small bottom hover-slide-in show-on-hover\">\n\t\t\t\t<a href=\"\/fr\/wp-json\/wp\/v2\/pages\/1505?add-to-cart=1514\" aria-describedby=\"woocommerce_loop_add_to_cart_link_describedby_1514\" data-quantity=\"1\" class=\"add-to-cart-grid no-padding is-transparent product_type_simple add_to_cart_button ajax_add_to_cart\" data-product_id=\"1514\" data-product_sku=\"\" aria-label=\"Ajouter au panier : \u00ab Group Sewing Training \u00bb\" rel=\"nofollow\" data-success_message=\"\u00ab Group Sewing Training \u00bb a \u00e9t\u00e9 ajout\u00e9 \u00e0 votre panier\" role=\"button\" data-no-translation-aria-label=\"\" data-no-translation-data-success_message=\"\"><div class=\"cart-icon tooltip is-small\" title=\"Ajouter au panier\" data-no-translation-title=\"\"><strong>+<\/strong><\/div><\/a>\t<span id=\"woocommerce_loop_add_to_cart_link_describedby_1514\" class=\"screen-reader-text\">\n\t\t\t<\/span>\n\t\t\t<\/div>\n\t\t\t\t\t<\/div>\n\n\t\t<div class=\"box-text box-text-products\">\n\t\t\t<div class=\"title-wrapper\"><p class=\"name product-title woocommerce-loop-product__title\"><a href=\"https:\/\/dokmairwanda.com\/fr\/produit\/group-training\/\" class=\"woocommerce-LoopProduct-link woocommerce-loop-product__link\">Formation de couture en groupe<\/a><\/p><\/div><div class=\"price-wrapper\">\n\t<span class=\"price\"><span class='wmc-cache-pid' data-wmc_product_id='1514'><span class=\"woocommerce-Price-amount amount\">202,100&nbsp;<span class=\"woocommerce-Price-currencySymbol\">RWF<\/span><\/span><\/span><\/span>\n<\/div>\t\t<\/div>\n\t<\/div>\n\t\t<\/div>\n<\/div><div class=\"product-small col has-hover product type-product post-1511 status-publish instock product_cat-booking product_tag-leather product_tag-sewing product_tag-training has-post-thumbnail virtual taxable purchasable product-type-simple\">\n\t<div class=\"col-inner\">\n\t\n<div class=\"badge-container absolute left top z-1\">\n\n<\/div>\n\t<div class=\"product-small box\">\n\t\t<div class=\"box-image\">\n\t\t\t<div class=\"image-fade_in_back\">\n\t\t\t\t<a href=\"https:\/\/dokmairwanda.com\/fr\/produit\/individual-training\/\">\n\t\t\t\t\t<img loading=\"lazy\" decoding=\"async\" width=\"247\" height=\"296\" src=\"https:\/\/dokmairwanda.com\/wp-content\/uploads\/2021\/04\/IMG_9717-247x296.jpg\" class=\"attachment-woocommerce_thumbnail size-woocommerce_thumbnail\" alt=\"Individual Training\" srcset=\"https:\/\/dokmairwanda.com\/wp-content\/uploads\/2021\/04\/IMG_9717-247x296.jpg 247w, https:\/\/dokmairwanda.com\/wp-content\/uploads\/2021\/04\/IMG_9717-600x720.jpg 600w\" sizes=\"auto, (max-width: 247px) 100vw, 247px\" \/><img loading=\"lazy\" decoding=\"async\" width=\"247\" height=\"296\" src=\"https:\/\/dokmairwanda.com\/wp-content\/uploads\/2021\/04\/IMG_9785-247x296.jpg\" class=\"show-on-hover absolute fill hide-for-small back-image\" alt=\"Alternative view of Individual Training\" aria-hidden=\"true\" srcset=\"https:\/\/dokmairwanda.com\/wp-content\/uploads\/2021\/04\/IMG_9785-247x296.jpg 247w, https:\/\/dokmairwanda.com\/wp-content\/uploads\/2021\/04\/IMG_9785-600x720.jpg 600w\" sizes=\"auto, (max-width: 247px) 100vw, 247px\" \/>\t\t\t\t<\/a>\n\t\t\t<\/div>\n\t\t\t<div class=\"image-tools is-small top right show-on-hover\">\n\t\t\t\t\t\t\t<\/div>\n\t\t\t<div class=\"image-tools is-small hide-for-small bottom left show-on-hover\">\n\t\t\t\t\t\t\t<\/div>\n\t\t\t<div class=\"image-tools grid-tools text-center hide-for-small bottom hover-slide-in show-on-hover\">\n\t\t\t\t<a href=\"\/fr\/wp-json\/wp\/v2\/pages\/1505?add-to-cart=1511\" aria-describedby=\"woocommerce_loop_add_to_cart_link_describedby_1511\" data-quantity=\"1\" class=\"add-to-cart-grid no-padding is-transparent product_type_simple add_to_cart_button ajax_add_to_cart\" data-product_id=\"1511\" data-product_sku=\"\" aria-label=\"Ajouter au panier : \u00ab Individual Training \u00bb\" rel=\"nofollow\" data-success_message=\"\u00ab Individual Training \u00bb a \u00e9t\u00e9 ajout\u00e9 \u00e0 votre panier\" role=\"button\" data-no-translation-aria-label=\"\" data-no-translation-data-success_message=\"\"><div class=\"cart-icon tooltip is-small\" title=\"Ajouter au panier\" data-no-translation-title=\"\"><strong>+<\/strong><\/div><\/a>\t<span id=\"woocommerce_loop_add_to_cart_link_describedby_1511\" class=\"screen-reader-text\">\n\t\t\t<\/span>\n\t\t\t<\/div>\n\t\t\t\t\t<\/div>\n\n\t\t<div class=\"box-text box-text-products\">\n\t\t\t<div class=\"title-wrapper\"><p class=\"name product-title woocommerce-loop-product__title\"><a href=\"https:\/\/dokmairwanda.com\/fr\/produit\/individual-training\/\" class=\"woocommerce-LoopProduct-link woocommerce-loop-product__link\">Formation individuelle<\/a><\/p><\/div><div class=\"price-wrapper\">\n\t<span class=\"price\"><span class='wmc-cache-pid' data-wmc_product_id='1511'><span class=\"woocommerce-Price-amount amount\">20,000&nbsp;<span class=\"woocommerce-Price-currencySymbol\">RWF<\/span><\/span><\/span><\/span>\n<\/div>\t\t<\/div>\n\t<\/div>\n\t\t<\/div>\n<\/div><\/div>\n\n\t\n  \n    <div class=\"row large-columns-2 medium-columns- small-columns- row-small\" >\n  <\/div>\n\n\n\t\t<\/div>\n\t\t\t\t\t<\/div>\n\n\t\n\n\t<div id=\"col-590110345\" class=\"col medium-3 small-12 large-3\"  >\n\t\t\t\t<div class=\"col-inner\"  >\n\t\t\t\n\t\t\t\n\n\n\t\t<\/div>\n\t\t\t\t\t<\/div>\n\n\t\n\n<\/div>\n\n\t\t<\/div>\n\t\t\t\t\t<\/div>\n\n\t\n\n<\/div>","protected":false},"excerpt":{"rendered":"","protected":false},"author":1,"featured_media":0,"parent":0,"menu_order":0,"comment_status":"closed","ping_status":"closed","template":"","meta":{"footnotes":""},"class_list":["post-1505","page","type-page","status-publish","hentry"],"_links":{"self":[{"href":"https:\/\/dokmairwanda.com\/fr\/wp-json\/wp\/v2\/pages\/1505","targetHints":{"allow":["GET"]}}],"collection":[{"href":"https:\/\/dokmairwanda.com\/fr\/wp-json\/wp\/v2\/pages"}],"about":[{"href":"https:\/\/dokmairwanda.com\/fr\/wp-json\/wp\/v2\/types\/page"}],"author":[{"embeddable":true,"href":"https:\/\/dokmairwanda.com\/fr\/wp-json\/wp\/v2\/users\/1"}],"replies":[{"embeddable":true,"href":"https:\/\/dokmairwanda.com\/fr\/wp-json\/wp\/v2\/comments?post=1505"}],"version-history":[{"count":7,"href":"https:\/\/dokmairwanda.com\/fr\/wp-json\/wp\/v2\/pages\/1505\/revisions"}],"predecessor-version":[{"id":1532,"href":"https:\/\/dokmairwanda.com\/fr\/wp-json\/wp\/v2\/pages\/1505\/revisions\/1532"}],"wp:attachment":[{"href":"https:\/\/dokmairwanda.com\/fr\/wp-json\/wp\/v2\/media?parent=1505"}],"curies":[{"name":"wp","href":"https:\/\/api.w.org\/{rel}","templated":true}]}}