{"id":1002,"date":"2021-06-20T13:41:29","date_gmt":"2021-06-20T11:41:29","guid":{"rendered":"http:\/\/dokmai.paulwebdesign.rw\/?post_type=product&#038;p=1002"},"modified":"2023-02-20T11:57:46","modified_gmt":"2023-02-20T09:57:46","slug":"igitego","status":"publish","type":"product","link":"https:\/\/dokmairwanda.com\/fr\/produit\/igitego\/","title":{"rendered":"Igitego"},"content":{"rendered":"<p>Mat\u00e9riel: <b>Cuir<\/b><b>\/<\/b><b>kitenge<\/b><b><\/b><\/p>\n<p><strong>D\u00e9tails int\u00e9rieurs :<\/strong> S\u00e9parateur pour ordinateur portable\/fermeture \u00e9clair int\u00e9rieure et poche pour smartphone. Doublure en kitenge.<\/p>\n<p><strong>D\u00e9tails ext\u00e9rieurs :<\/strong> Fermeture \u00e0 rabat\/d\u00e9tails kitenge sur le rabat.<\/p>\n<p><strong>Description du mat\u00e9riel:\u00a0<\/strong>Les articles de Dokmai sont fabriqu\u00e9s \u00e0 partir de cuir de haute qualit\u00e9 r\u00e9pondant \u00e0 la norme europ\u00e9enne (REACH) associ\u00e9 \u00e0 un tissu en coton imprim\u00e9 refl\u00e9tant la joie de vivre rwandaise.<\/p>","protected":false},"excerpt":{"rendered":"<p>Mati\u00e8re : Cuir\/kitenge D\u00e9tails int\u00e9rieurs : S\u00e9parateur pour ordinateur portable\/fermeture \u00e9clair int\u00e9rieure et poche pour smartphone. Doublure en kitenge. D\u00e9tails ext\u00e9rieurs : fermeture \u00e0 rabat\/d\u00e9tails kitenge sur le rabat. Description du mat\u00e9riau : les articles de Dokmai sont fabriqu\u00e9s \u00e0 partir de cuir de haute qualit\u00e9 r\u00e9pondant \u00e0 la norme europ\u00e9enne (REACH) associ\u00e9 \u00e0 un tissu en coton imprim\u00e9 refl\u00e9tant la joie de vivre rwandaise.<\/p>","protected":false},"featured_media":512,"comment_status":"closed","ping_status":"closed","template":"","meta":[],"product_brand":[],"product_cat":[19,102],"product_tag":[],"mwb_booking_cost":[],"mwb_booking_service":[],"class_list":{"0":"post-1002","1":"product","2":"type-product","3":"status-publish","4":"has-post-thumbnail","6":"product_cat-men","7":"product_cat-featured","9":"first","10":"instock","11":"taxable","12":"shipping-taxable","13":"purchasable","14":"product-type-variable"},"_links":{"self":[{"href":"https:\/\/dokmairwanda.com\/fr\/wp-json\/wp\/v2\/product\/1002","targetHints":{"allow":["GET"]}}],"collection":[{"href":"https:\/\/dokmairwanda.com\/fr\/wp-json\/wp\/v2\/product"}],"about":[{"href":"https:\/\/dokmairwanda.com\/fr\/wp-json\/wp\/v2\/types\/product"}],"replies":[{"embeddable":true,"href":"https:\/\/dokmairwanda.com\/fr\/wp-json\/wp\/v2\/comments?post=1002"}],"wp:featuredmedia":[{"embeddable":true,"href":"https:\/\/dokmairwanda.com\/fr\/wp-json\/wp\/v2\/media\/512"}],"wp:attachment":[{"href":"https:\/\/dokmairwanda.com\/fr\/wp-json\/wp\/v2\/media?parent=1002"}],"wp:term":[{"taxonomy":"product_brand","embeddable":true,"href":"https:\/\/dokmairwanda.com\/fr\/wp-json\/wp\/v2\/product_brand?post=1002"},{"taxonomy":"product_cat","embeddable":true,"href":"https:\/\/dokmairwanda.com\/fr\/wp-json\/wp\/v2\/product_cat?post=1002"},{"taxonomy":"product_tag","embeddable":true,"href":"https:\/\/dokmairwanda.com\/fr\/wp-json\/wp\/v2\/product_tag?post=1002"},{"taxonomy":"mwb_booking_cost","embeddable":true,"href":"https:\/\/dokmairwanda.com\/fr\/wp-json\/wp\/v2\/mwb_booking_cost?post=1002"},{"taxonomy":"mwb_booking_service","embeddable":true,"href":"https:\/\/dokmairwanda.com\/fr\/wp-json\/wp\/v2\/mwb_booking_service?post=1002"}],"curies":[{"name":"wp","href":"https:\/\/api.w.org\/{rel}","templated":true}]}}