{"id":1171,"date":"2021-12-14T09:12:24","date_gmt":"2021-12-14T07:12:24","guid":{"rendered":"https:\/\/dokmairwanda.com\/?post_type=product&#038;p=1171"},"modified":"2023-03-06T12:16:20","modified_gmt":"2023-03-06T10:16:20","slug":"desk-organizer-set","status":"publish","type":"product","link":"https:\/\/dokmairwanda.com\/fr\/produit\/desk-organizer-set\/","title":{"rendered":"Ensemble d&#039;organisateur de bureau"},"content":{"rendered":"<p><strong>Mat\u00e9riel:<\/strong> Le produit est fabriqu\u00e9 en similicuir et imprim\u00e9 Kitenge.<\/p>\n<p><strong>Taille:<\/strong> 20cm Lx70cm L<\/p>\n<p><strong>La description:<\/strong> Notre ensemble d&#039;organisateurs de bureau est un magnifique accessoire de bureau en quatre pi\u00e8ces en similicuir et imprim\u00e9 Kitenge. L&#039;ensemble comprend : un tapis pour ordinateur portable, un tapis de souris, un porte-cartes de visite et un porte-stylo et crayons.<\/p>","protected":false},"excerpt":{"rendered":"<p>Mat\u00e9riau : le produit est fabriqu\u00e9 en similicuir et imprim\u00e9 Kitenge. Taille: 20cm Lx70cm W Description: Notre ensemble d&#039;organisateur de bureau est un magnifique accessoire de bureau en similicuir et imprim\u00e9 Kitenge. L&#039;ensemble comprend: un tapis pour ordinateur portable, un tapis de souris, un porte-cartes de visite et un porte-stylo et crayons.<\/p>","protected":false},"featured_media":1158,"comment_status":"closed","ping_status":"closed","template":"","meta":[],"product_brand":[],"product_cat":[71,100,102,15],"product_tag":[122,146,117,119,147,64,142,110,141,148,136,145,127,128,137,118,139,120,129,132,130,116,135,143,144,138,126,140,123,124,121,133,131,125,134],"mwb_booking_cost":[],"mwb_booking_service":[],"class_list":{"0":"post-1171","1":"product","2":"type-product","3":"status-publish","4":"has-post-thumbnail","6":"product_cat-corporate","7":"product_cat-desktop-organizer","8":"product_cat-featured","9":"product_cat-uncategorised","10":"product_tag-card-holders","11":"product_tag-decorative-desk-organizer-set","12":"product_tag-desk-mat","13":"product_tag-desk-organizer-set","14":"product_tag-desk-organizer-set-dokmai","15":"product_tag-desk-pads","16":"product_tag-desktop-accessories","17":"product_tag-desktop-organizer","18":"product_tag-dokmai","19":"product_tag-dokmai-rwanda","20":"product_tag-kitenge-desk-organizer","21":"product_tag-kitenge-office-materials","22":"product_tag-kitenge-print","23":"product_tag-kitenge-print-materials","24":"product_tag-kitenge-products","25":"product_tag-kitenge-table-mat","26":"product_tag-laptop-mat","27":"product_tag-leather-desk-pads","28":"product_tag-leather-in-rwanda","29":"product_tag-leather-materials","30":"product_tag-leather-products-in-rwanda","31":"product_tag-leatherette","32":"product_tag-leatherette-desk-organizer","33":"product_tag-leatherette-desktop-accessories","34":"product_tag-leatherette-office-materials","35":"product_tag-made-in-kitenge-products","36":"product_tag-made-in-rwanda","37":"product_tag-office-table-set","38":"product_tag-quality-leather","39":"product_tag-quality-leather-products","40":"product_tag-rwanda-leather-products","41":"product_tag-table-mats-products","42":"product_tag-vegan-leather-alternative","43":"product_tag-visit-rwanda","44":"product_tag-workspace-organizers","46":"first","47":"instock","48":"taxable","49":"shipping-taxable","50":"purchasable","51":"product-type-variable"},"_links":{"self":[{"href":"https:\/\/dokmairwanda.com\/fr\/wp-json\/wp\/v2\/product\/1171","targetHints":{"allow":["GET"]}}],"collection":[{"href":"https:\/\/dokmairwanda.com\/fr\/wp-json\/wp\/v2\/product"}],"about":[{"href":"https:\/\/dokmairwanda.com\/fr\/wp-json\/wp\/v2\/types\/product"}],"replies":[{"embeddable":true,"href":"https:\/\/dokmairwanda.com\/fr\/wp-json\/wp\/v2\/comments?post=1171"}],"wp:featuredmedia":[{"embeddable":true,"href":"https:\/\/dokmairwanda.com\/fr\/wp-json\/wp\/v2\/media\/1158"}],"wp:attachment":[{"href":"https:\/\/dokmairwanda.com\/fr\/wp-json\/wp\/v2\/media?parent=1171"}],"wp:term":[{"taxonomy":"product_brand","embeddable":true,"href":"https:\/\/dokmairwanda.com\/fr\/wp-json\/wp\/v2\/product_brand?post=1171"},{"taxonomy":"product_cat","embeddable":true,"href":"https:\/\/dokmairwanda.com\/fr\/wp-json\/wp\/v2\/product_cat?post=1171"},{"taxonomy":"product_tag","embeddable":true,"href":"https:\/\/dokmairwanda.com\/fr\/wp-json\/wp\/v2\/product_tag?post=1171"},{"taxonomy":"mwb_booking_cost","embeddable":true,"href":"https:\/\/dokmairwanda.com\/fr\/wp-json\/wp\/v2\/mwb_booking_cost?post=1171"},{"taxonomy":"mwb_booking_service","embeddable":true,"href":"https:\/\/dokmairwanda.com\/fr\/wp-json\/wp\/v2\/mwb_booking_service?post=1171"}],"curies":[{"name":"wp","href":"https:\/\/api.w.org\/{rel}","templated":true}]}}