{"id":1173,"date":"2021-12-14T10:08:34","date_gmt":"2021-12-14T08:08:34","guid":{"rendered":"https:\/\/dokmairwanda.com\/?post_type=product&#038;p=1173"},"modified":"2024-04-30T11:11:20","modified_gmt":"2024-04-30T09:11:20","slug":"agasaro-cross-body-bag","status":"publish","type":"product","link":"https:\/\/dokmairwanda.com\/fr\/produit\/agasaro-cross-body-bag\/","title":{"rendered":"Sac \u00e0 bandouli\u00e8re Agasaro"},"content":{"rendered":"<p><strong>Mat\u00e9riel:<\/strong> Notre sac \u00e0 bandouli\u00e8re Agasaro est fabriqu\u00e9 \u00e0 la main \u00e0 partir de cuir pleine fleur avec une teinte en plusieurs couleurs, doubl\u00e9 de tissu kitenge durable.<\/p>\n<p><strong>La description:<\/strong> ce sac vous permet de transporter autant de choses avec vous\u00a0; un t\u00e9l\u00e9phone portable, un ordinateur portable, etc. le motif con\u00e7u pour \u00e9voquer les souvenirs du Rwanda. Une rayure du m\u00eame tissu court verticalement sur le devant du sac, accentuant son cuir rouge et rassemblant l&#039;ensemble.<\/p>","protected":false},"excerpt":{"rendered":"<p>Material: Our Agasaro Crossbody Bag is handcrafted from full-grain leather with a hue in several colors, lined with durable kitenge fabric. Description: this Bag eases it for you to carry so much with You; a cell phone, a notebook, and more.\u00a0 the pattern designed to evoke memories of Rwanda. A stripe of the same fabric [&#8230;]\n","protected":false},"featured_media":1176,"comment_status":"closed","ping_status":"closed","template":"","meta":[],"product_brand":[],"product_cat":[229,102,27],"product_tag":[149,150,161,168,226,163,164,167,171,157,141,148,162,152,155,170,153,166,173,172,129,158,159,154,126,160,121,156,104,151,125,165,169],"mwb_booking_cost":[],"mwb_booking_service":[],"class_list":{"0":"post-1173","1":"product","2":"type-product","3":"status-publish","4":"has-post-thumbnail","6":"product_cat-cross-body-bag","7":"product_cat-featured","8":"product_cat-women","9":"product_tag-agasaro-cross-body-bag","10":"product_tag-agasaro-shoulder-bag","11":"product_tag-bags-from-dokmai","12":"product_tag-beautiful-crossbody-bags","13":"product_tag-crossbodies","14":"product_tag-crossbody-bags","15":"product_tag-crossbody-bags-for-women","16":"product_tag-crossbody-handbags","17":"product_tag-designer-crossbody-bag","18":"product_tag-designer-leather-bags","19":"product_tag-dokmai","20":"product_tag-dokmai-rwanda","21":"product_tag-dokmai-rwanda-kigali","22":"product_tag-handbags","23":"product_tag-handbags-made-of-leather","24":"product_tag-kigali-leatherette-crossbody-bags","25":"product_tag-kitenge-handbags","26":"product_tag-leather-crossbody-bags","27":"product_tag-leather-handbags","28":"product_tag-leather-in-kigali","29":"product_tag-leather-in-rwanda","30":"product_tag-leather-wallets","31":"product_tag-leatherette-crossbody","32":"product_tag-leatherette-handbags","33":"product_tag-made-in-rwanda","34":"product_tag-purses-from-dokmai","35":"product_tag-rwanda-leather-products","36":"product_tag-shop-designer-handbags","37":"product_tag-shoulder-bag","38":"product_tag-shoulder-bags-in-rwanda","39":"product_tag-visit-rwanda","40":"product_tag-women-crossbody-bags","41":"product_tag-womens-crossbody-bags","43":"first","44":"instock","45":"taxable","46":"shipping-taxable","47":"purchasable","48":"product-type-simple"},"_links":{"self":[{"href":"https:\/\/dokmairwanda.com\/fr\/wp-json\/wp\/v2\/product\/1173","targetHints":{"allow":["GET"]}}],"collection":[{"href":"https:\/\/dokmairwanda.com\/fr\/wp-json\/wp\/v2\/product"}],"about":[{"href":"https:\/\/dokmairwanda.com\/fr\/wp-json\/wp\/v2\/types\/product"}],"replies":[{"embeddable":true,"href":"https:\/\/dokmairwanda.com\/fr\/wp-json\/wp\/v2\/comments?post=1173"}],"wp:featuredmedia":[{"embeddable":true,"href":"https:\/\/dokmairwanda.com\/fr\/wp-json\/wp\/v2\/media\/1176"}],"wp:attachment":[{"href":"https:\/\/dokmairwanda.com\/fr\/wp-json\/wp\/v2\/media?parent=1173"}],"wp:term":[{"taxonomy":"product_brand","embeddable":true,"href":"https:\/\/dokmairwanda.com\/fr\/wp-json\/wp\/v2\/product_brand?post=1173"},{"taxonomy":"product_cat","embeddable":true,"href":"https:\/\/dokmairwanda.com\/fr\/wp-json\/wp\/v2\/product_cat?post=1173"},{"taxonomy":"product_tag","embeddable":true,"href":"https:\/\/dokmairwanda.com\/fr\/wp-json\/wp\/v2\/product_tag?post=1173"},{"taxonomy":"mwb_booking_cost","embeddable":true,"href":"https:\/\/dokmairwanda.com\/fr\/wp-json\/wp\/v2\/mwb_booking_cost?post=1173"},{"taxonomy":"mwb_booking_service","embeddable":true,"href":"https:\/\/dokmairwanda.com\/fr\/wp-json\/wp\/v2\/mwb_booking_service?post=1173"}],"curies":[{"name":"wp","href":"https:\/\/api.w.org\/{rel}","templated":true}]}}