{"id":1191,"date":"2021-12-14T10:19:04","date_gmt":"2021-12-14T08:19:04","guid":{"rendered":"https:\/\/dokmairwanda.com\/?post_type=product&#038;p=1191"},"modified":"2023-06-06T13:27:11","modified_gmt":"2023-06-06T11:27:11","slug":"teta-wallet","status":"publish","type":"product","link":"https:\/\/dokmairwanda.com\/fr\/produit\/teta-wallet\/","title":{"rendered":"Portefeuille Teta"},"content":{"rendered":"<p><strong>Mat\u00e9riel:<\/strong> Le portefeuille Teta est fabriqu\u00e9 \u00e0 partir de cuir pleine fleur 100% et est doubl\u00e9 d&#039;un tissu kitenge ou batik pour \u00e9voquer le sentiment du Rwanda et ses origines artisanales.<\/p>\n<p><strong>La description:<\/strong> Le portefeuille Teta est un excellent accord avec notre sac \u00e0 bandouli\u00e8re Agasaro. Le portefeuille Teta est bien construit et r\u00e9sistera facilement \u00e0 une utilisation quotidienne ; si vous le stockez, assurez-vous qu&#039;il se trouve dans un endroit frais et sec pour prot\u00e9ger le cuir naturel.<\/p>","protected":false},"excerpt":{"rendered":"<p>Material: Teta Wallet\u00a0is made from 100% full grain leather, and is lined with either a kitenge or batik fabric to evoke the feeling of Rwanda and its handmade origins. Description: The Teta wallet is an excellent pairing with our Agasaro Crossbody Bag.\u00a0The Teta wallet is well constructed and will easily hold up to everyday use; [&#8230;]\n","protected":false},"featured_media":1192,"comment_status":"closed","ping_status":"closed","template":"","meta":[],"product_brand":[],"product_cat":[48,27],"product_tag":[29,141,148,166,109,158,175,35],"mwb_booking_cost":[],"mwb_booking_service":[],"class_list":{"0":"post-1191","1":"product","2":"type-product","3":"status-publish","4":"has-post-thumbnail","6":"product_cat-wallets-women","7":"product_cat-women","8":"product_tag-crossbody","9":"product_tag-dokmai","10":"product_tag-dokmai-rwanda","11":"product_tag-leather-crossbody-bags","12":"product_tag-leather-wallet","13":"product_tag-leather-wallets","14":"product_tag-teta-wallet","15":"product_tag-wallet","17":"first","18":"instock","19":"taxable","20":"shipping-taxable","21":"purchasable","22":"product-type-simple"},"_links":{"self":[{"href":"https:\/\/dokmairwanda.com\/fr\/wp-json\/wp\/v2\/product\/1191","targetHints":{"allow":["GET"]}}],"collection":[{"href":"https:\/\/dokmairwanda.com\/fr\/wp-json\/wp\/v2\/product"}],"about":[{"href":"https:\/\/dokmairwanda.com\/fr\/wp-json\/wp\/v2\/types\/product"}],"replies":[{"embeddable":true,"href":"https:\/\/dokmairwanda.com\/fr\/wp-json\/wp\/v2\/comments?post=1191"}],"wp:featuredmedia":[{"embeddable":true,"href":"https:\/\/dokmairwanda.com\/fr\/wp-json\/wp\/v2\/media\/1192"}],"wp:attachment":[{"href":"https:\/\/dokmairwanda.com\/fr\/wp-json\/wp\/v2\/media?parent=1191"}],"wp:term":[{"taxonomy":"product_brand","embeddable":true,"href":"https:\/\/dokmairwanda.com\/fr\/wp-json\/wp\/v2\/product_brand?post=1191"},{"taxonomy":"product_cat","embeddable":true,"href":"https:\/\/dokmairwanda.com\/fr\/wp-json\/wp\/v2\/product_cat?post=1191"},{"taxonomy":"product_tag","embeddable":true,"href":"https:\/\/dokmairwanda.com\/fr\/wp-json\/wp\/v2\/product_tag?post=1191"},{"taxonomy":"mwb_booking_cost","embeddable":true,"href":"https:\/\/dokmairwanda.com\/fr\/wp-json\/wp\/v2\/mwb_booking_cost?post=1191"},{"taxonomy":"mwb_booking_service","embeddable":true,"href":"https:\/\/dokmairwanda.com\/fr\/wp-json\/wp\/v2\/mwb_booking_service?post=1191"}],"curies":[{"name":"wp","href":"https:\/\/api.w.org\/{rel}","templated":true}]}}