{"id":1200,"date":"2021-12-17T08:44:24","date_gmt":"2021-12-17T06:44:24","guid":{"rendered":"https:\/\/dokmairwanda.com\/?post_type=product&#038;p=1200"},"modified":"2025-09-26T12:54:01","modified_gmt":"2025-09-26T10:54:01","slug":"kirezi-workbag","status":"publish","type":"product","link":"https:\/\/dokmairwanda.com\/fr\/produit\/kirezi-workbag\/","title":{"rendered":"Sac de travail Kirezi"},"content":{"rendered":"<p><strong>Mat\u00e9riel:<\/strong> Cuir avec doublure Kitenge<\/p>\n<p><strong>Taille:<\/strong> 9\u2033 L, 12\u2033 H, 5.2\u2033 L<\/p>\n<p><strong>La description:<\/strong> Poche arri\u00e8re zipp\u00e9e, poign\u00e9es fixes et sangle r\u00e9glable, fermeture \u00e0 glissi\u00e8re ronde, s&#039;adapte sur le bas,<\/p>\n<p>Poche int\u00e9rieure zipp\u00e9e, poche pour smartphone et fentes pour cartes de visite<\/p>","protected":false},"excerpt":{"rendered":"<p>Mat\u00e9riau : Cuir avec doublure Kitenge Taille : 9\u2033 L, 12\u2033 H, 5,2\u2033 W Description : Poche arri\u00e8re zipp\u00e9e, poign\u00e9es fixes et sangle r\u00e9glable, fermeture \u00e9clair ronde, s&#039;adapte sur le bas, poche int\u00e9rieure zipp\u00e9e, poche pour smartphone et emplacements pour cartes de visite<\/p>","protected":false},"featured_media":1205,"comment_status":"closed","ping_status":"closed","template":"","meta":[],"product_brand":[],"product_cat":[28,27],"product_tag":[29,163,141,148,177,158,126,123,178,113,37],"mwb_booking_cost":[],"mwb_booking_service":[],"class_list":{"0":"post-1200","1":"product","2":"type-product","3":"status-publish","4":"has-post-thumbnail","6":"product_cat-handbags-women","7":"product_cat-women","8":"product_tag-crossbody","9":"product_tag-crossbody-bags","10":"product_tag-dokmai","11":"product_tag-dokmai-rwanda","12":"product_tag-kirezi-workbag","13":"product_tag-leather-wallets","14":"product_tag-made-in-rwanda","15":"product_tag-quality-leather","16":"product_tag-rwanda-fine-leather","17":"product_tag-wallets","18":"product_tag-weekender","20":"first","21":"instock","22":"taxable","23":"shipping-taxable","24":"purchasable","25":"product-type-simple"},"_links":{"self":[{"href":"https:\/\/dokmairwanda.com\/fr\/wp-json\/wp\/v2\/product\/1200","targetHints":{"allow":["GET"]}}],"collection":[{"href":"https:\/\/dokmairwanda.com\/fr\/wp-json\/wp\/v2\/product"}],"about":[{"href":"https:\/\/dokmairwanda.com\/fr\/wp-json\/wp\/v2\/types\/product"}],"replies":[{"embeddable":true,"href":"https:\/\/dokmairwanda.com\/fr\/wp-json\/wp\/v2\/comments?post=1200"}],"wp:featuredmedia":[{"embeddable":true,"href":"https:\/\/dokmairwanda.com\/fr\/wp-json\/wp\/v2\/media\/1205"}],"wp:attachment":[{"href":"https:\/\/dokmairwanda.com\/fr\/wp-json\/wp\/v2\/media?parent=1200"}],"wp:term":[{"taxonomy":"product_brand","embeddable":true,"href":"https:\/\/dokmairwanda.com\/fr\/wp-json\/wp\/v2\/product_brand?post=1200"},{"taxonomy":"product_cat","embeddable":true,"href":"https:\/\/dokmairwanda.com\/fr\/wp-json\/wp\/v2\/product_cat?post=1200"},{"taxonomy":"product_tag","embeddable":true,"href":"https:\/\/dokmairwanda.com\/fr\/wp-json\/wp\/v2\/product_tag?post=1200"},{"taxonomy":"mwb_booking_cost","embeddable":true,"href":"https:\/\/dokmairwanda.com\/fr\/wp-json\/wp\/v2\/mwb_booking_cost?post=1200"},{"taxonomy":"mwb_booking_service","embeddable":true,"href":"https:\/\/dokmairwanda.com\/fr\/wp-json\/wp\/v2\/mwb_booking_service?post=1200"}],"curies":[{"name":"wp","href":"https:\/\/api.w.org\/{rel}","templated":true}]}}