{"id":1206,"date":"2021-12-17T08:53:30","date_gmt":"2021-12-17T06:53:30","guid":{"rendered":"https:\/\/dokmairwanda.com\/?post_type=product&#038;p=1206"},"modified":"2023-03-06T11:53:40","modified_gmt":"2023-03-06T09:53:40","slug":"ihogoza","status":"publish","type":"product","link":"https:\/\/dokmairwanda.com\/fr\/produit\/ihogoza\/","title":{"rendered":"Housse pour ordinateur portable Ihogoza"},"content":{"rendered":"<p><strong>Mat\u00e9riel:<\/strong> cuir avec d\u00e9cor Kitenge<\/p>\n<p><strong>Taille:<\/strong> 12,6 &quot;L, 8,6\u2033H, 0,5\u2033D<\/p>\n<p><strong>La description:<\/strong> Le produit a une poche int\u00e9rieure zipp\u00e9e, une poche pour smartphone, une fermeture zipp\u00e9e qui vous aident \u00e0 bien transporter votre mat\u00e9riel.<\/p>","protected":false},"excerpt":{"rendered":"<p>Mat\u00e9riau : cuir avec d\u00e9cor Kitenge Taille : 12,6\u2033 L, 8,6\u2033H, 0,5\u2033P Description : Le produit a une poche int\u00e9rieure zipp\u00e9e, une poche pour smartphone, une fermeture \u00e0 glissi\u00e8re qui vous aident \u00e0 bien transporter vos mat\u00e9riaux.<\/p>","protected":false},"featured_media":1207,"comment_status":"closed","ping_status":"closed","template":"","meta":[],"product_brand":[],"product_cat":[228,27],"product_tag":[149,150,161,157,179],"mwb_booking_cost":[],"mwb_booking_service":[],"class_list":{"0":"post-1206","1":"product","2":"type-product","3":"status-publish","4":"has-post-thumbnail","6":"product_cat-laptop-sleeve","7":"product_cat-women","8":"product_tag-agasaro-cross-body-bag","9":"product_tag-agasaro-shoulder-bag","10":"product_tag-bags-from-dokmai","11":"product_tag-designer-leather-bags","12":"product_tag-ihogoza-laptop-sleeve","14":"first","15":"instock","16":"taxable","17":"shipping-taxable","18":"purchasable","19":"product-type-simple"},"_links":{"self":[{"href":"https:\/\/dokmairwanda.com\/fr\/wp-json\/wp\/v2\/product\/1206","targetHints":{"allow":["GET"]}}],"collection":[{"href":"https:\/\/dokmairwanda.com\/fr\/wp-json\/wp\/v2\/product"}],"about":[{"href":"https:\/\/dokmairwanda.com\/fr\/wp-json\/wp\/v2\/types\/product"}],"replies":[{"embeddable":true,"href":"https:\/\/dokmairwanda.com\/fr\/wp-json\/wp\/v2\/comments?post=1206"}],"wp:featuredmedia":[{"embeddable":true,"href":"https:\/\/dokmairwanda.com\/fr\/wp-json\/wp\/v2\/media\/1207"}],"wp:attachment":[{"href":"https:\/\/dokmairwanda.com\/fr\/wp-json\/wp\/v2\/media?parent=1206"}],"wp:term":[{"taxonomy":"product_brand","embeddable":true,"href":"https:\/\/dokmairwanda.com\/fr\/wp-json\/wp\/v2\/product_brand?post=1206"},{"taxonomy":"product_cat","embeddable":true,"href":"https:\/\/dokmairwanda.com\/fr\/wp-json\/wp\/v2\/product_cat?post=1206"},{"taxonomy":"product_tag","embeddable":true,"href":"https:\/\/dokmairwanda.com\/fr\/wp-json\/wp\/v2\/product_tag?post=1206"},{"taxonomy":"mwb_booking_cost","embeddable":true,"href":"https:\/\/dokmairwanda.com\/fr\/wp-json\/wp\/v2\/mwb_booking_cost?post=1206"},{"taxonomy":"mwb_booking_service","embeddable":true,"href":"https:\/\/dokmairwanda.com\/fr\/wp-json\/wp\/v2\/mwb_booking_service?post=1206"}],"curies":[{"name":"wp","href":"https:\/\/api.w.org\/{rel}","templated":true}]}}