{"id":1208,"date":"2021-12-17T09:09:50","date_gmt":"2021-12-17T07:09:50","guid":{"rendered":"https:\/\/dokmairwanda.com\/?post_type=product&#038;p=1208"},"modified":"2023-03-06T10:53:01","modified_gmt":"2023-03-06T08:53:01","slug":"pouch-clutch-mikindi","status":"publish","type":"product","link":"https:\/\/dokmairwanda.com\/fr\/produit\/pouch-clutch-mikindi\/","title":{"rendered":"Pochette Pochette MIKINDI"},"content":{"rendered":"<p><strong>Mat\u00e9riel:<\/strong> Daim<\/p>\n<p><strong>La description:<\/strong> Pochette pochette \u00e0 dragonne, avec motif g\u00e9om\u00e9trique (triangle) \u00e0 l&#039;avant, fermeture \u00e0 glissi\u00e8re, utilis\u00e9e pour organiser vos petites affaires ou comme pochette de soir\u00e9e.<\/p>\n<p><strong>Taille:<\/strong> L 14.2\u2033 \/H 6\u2033<\/p>","protected":false},"excerpt":{"rendered":"<p>Mati\u00e8re : Cuir su\u00e9d\u00e9 Description : Pochette \u00e0 dragonne, avec motif g\u00e9om\u00e9trique (triangle) sur le devant, fermeture zipp\u00e9e, utilis\u00e9e pour organiser vos petits objets ou comme pochette de soir\u00e9e. Taille : L 14,2\u2033 \/H 6\u2033<\/p>","protected":false},"featured_media":1209,"comment_status":"closed","ping_status":"closed","template":"","meta":[],"product_brand":[],"product_cat":[229,27],"product_tag":[161,157,141,148,162,155,170,181,166,173,172,129,132,130,109,158,180,160,176,175,113],"mwb_booking_cost":[],"mwb_booking_service":[],"class_list":{"0":"post-1208","1":"product","2":"type-product","3":"status-publish","4":"has-post-thumbnail","6":"product_cat-cross-body-bag","7":"product_cat-women","8":"product_tag-bags-from-dokmai","9":"product_tag-designer-leather-bags","10":"product_tag-dokmai","11":"product_tag-dokmai-rwanda","12":"product_tag-dokmai-rwanda-kigali","13":"product_tag-handbags-made-of-leather","14":"product_tag-kigali-leatherette-crossbody-bags","15":"product_tag-leather-clutches-in-rwanda","16":"product_tag-leather-crossbody-bags","17":"product_tag-leather-handbags","18":"product_tag-leather-in-kigali","19":"product_tag-leather-in-rwanda","20":"product_tag-leather-materials","21":"product_tag-leather-products-in-rwanda","22":"product_tag-leather-wallet","23":"product_tag-leather-wallets","24":"product_tag-pouch-clutch-mikindi","25":"product_tag-purses-from-dokmai","26":"product_tag-tesi-wallet","27":"product_tag-teta-wallet","28":"product_tag-wallets","30":"first","31":"instock","32":"taxable","33":"shipping-taxable","34":"purchasable","35":"product-type-simple"},"_links":{"self":[{"href":"https:\/\/dokmairwanda.com\/fr\/wp-json\/wp\/v2\/product\/1208","targetHints":{"allow":["GET"]}}],"collection":[{"href":"https:\/\/dokmairwanda.com\/fr\/wp-json\/wp\/v2\/product"}],"about":[{"href":"https:\/\/dokmairwanda.com\/fr\/wp-json\/wp\/v2\/types\/product"}],"replies":[{"embeddable":true,"href":"https:\/\/dokmairwanda.com\/fr\/wp-json\/wp\/v2\/comments?post=1208"}],"wp:featuredmedia":[{"embeddable":true,"href":"https:\/\/dokmairwanda.com\/fr\/wp-json\/wp\/v2\/media\/1209"}],"wp:attachment":[{"href":"https:\/\/dokmairwanda.com\/fr\/wp-json\/wp\/v2\/media?parent=1208"}],"wp:term":[{"taxonomy":"product_brand","embeddable":true,"href":"https:\/\/dokmairwanda.com\/fr\/wp-json\/wp\/v2\/product_brand?post=1208"},{"taxonomy":"product_cat","embeddable":true,"href":"https:\/\/dokmairwanda.com\/fr\/wp-json\/wp\/v2\/product_cat?post=1208"},{"taxonomy":"product_tag","embeddable":true,"href":"https:\/\/dokmairwanda.com\/fr\/wp-json\/wp\/v2\/product_tag?post=1208"},{"taxonomy":"mwb_booking_cost","embeddable":true,"href":"https:\/\/dokmairwanda.com\/fr\/wp-json\/wp\/v2\/mwb_booking_cost?post=1208"},{"taxonomy":"mwb_booking_service","embeddable":true,"href":"https:\/\/dokmairwanda.com\/fr\/wp-json\/wp\/v2\/mwb_booking_service?post=1208"}],"curies":[{"name":"wp","href":"https:\/\/api.w.org\/{rel}","templated":true}]}}