{"id":121,"date":"2021-03-24T08:49:13","date_gmt":"2021-03-24T08:49:13","guid":{"rendered":"http:\/\/dokmai.paulwebdesign.rw\/?post_type=product&#038;p=121"},"modified":"2023-02-20T11:03:43","modified_gmt":"2023-02-20T09:03:43","slug":"queen-wallet","status":"publish","type":"product","link":"https:\/\/dokmairwanda.com\/fr\/produit\/queen-wallet\/","title":{"rendered":"Portefeuille reine"},"content":{"rendered":"<p><strong>Mat\u00e9riel<\/strong>: Kitenge avec cuir (la photo est indicative, les m\u00eames tissus kitenge ne sont pas toujours disponibles<br \/>\nveuillez nous contacter pour des photos des tissus kitenge disponibles avant de commander).<br \/>\n<strong>Taille<\/strong>: 7.8&quot;W\/4.7&quot;H\/1.5&quot;P<br \/>\n<strong>La description<\/strong>: Double compartiments zipp\u00e9s, porte-cartes int\u00e9rieurs, poche int\u00e9rieure zipp\u00e9e.<\/p>","protected":false},"excerpt":{"rendered":"<p>Mati\u00e8re : Kitenge avec cuir (la photo est indicative, les m\u00eames tissus kitenge ne sont pas toujours disponibles merci de nous contacter pour des photos des tissus kitenge disponibles avant de commander). Taille : 7,8&quot; L\/4,7&quot; H\/1,5&quot; P Description : Compartiments doubles zipp\u00e9s, porte-cartes int\u00e9rieurs, poche int\u00e9rieure zipp\u00e9e.<\/p>","protected":false},"featured_media":190,"comment_status":"open","ping_status":"closed","template":"","meta":[],"product_brand":[],"product_cat":[48,27],"product_tag":[35],"mwb_booking_cost":[],"mwb_booking_service":[],"class_list":{"0":"post-121","1":"product","2":"type-product","3":"status-publish","4":"has-post-thumbnail","6":"product_cat-wallets-women","7":"product_cat-women","8":"product_tag-wallet","10":"first","11":"instock","12":"taxable","13":"shipping-taxable","14":"purchasable","15":"product-type-variable"},"_links":{"self":[{"href":"https:\/\/dokmairwanda.com\/fr\/wp-json\/wp\/v2\/product\/121","targetHints":{"allow":["GET"]}}],"collection":[{"href":"https:\/\/dokmairwanda.com\/fr\/wp-json\/wp\/v2\/product"}],"about":[{"href":"https:\/\/dokmairwanda.com\/fr\/wp-json\/wp\/v2\/types\/product"}],"replies":[{"embeddable":true,"href":"https:\/\/dokmairwanda.com\/fr\/wp-json\/wp\/v2\/comments?post=121"}],"wp:featuredmedia":[{"embeddable":true,"href":"https:\/\/dokmairwanda.com\/fr\/wp-json\/wp\/v2\/media\/190"}],"wp:attachment":[{"href":"https:\/\/dokmairwanda.com\/fr\/wp-json\/wp\/v2\/media?parent=121"}],"wp:term":[{"taxonomy":"product_brand","embeddable":true,"href":"https:\/\/dokmairwanda.com\/fr\/wp-json\/wp\/v2\/product_brand?post=121"},{"taxonomy":"product_cat","embeddable":true,"href":"https:\/\/dokmairwanda.com\/fr\/wp-json\/wp\/v2\/product_cat?post=121"},{"taxonomy":"product_tag","embeddable":true,"href":"https:\/\/dokmairwanda.com\/fr\/wp-json\/wp\/v2\/product_tag?post=121"},{"taxonomy":"mwb_booking_cost","embeddable":true,"href":"https:\/\/dokmairwanda.com\/fr\/wp-json\/wp\/v2\/mwb_booking_cost?post=121"},{"taxonomy":"mwb_booking_service","embeddable":true,"href":"https:\/\/dokmairwanda.com\/fr\/wp-json\/wp\/v2\/mwb_booking_service?post=121"}],"curies":[{"name":"wp","href":"https:\/\/api.w.org\/{rel}","templated":true}]}}