{"id":1211,"date":"2021-12-17T09:23:49","date_gmt":"2021-12-17T07:23:49","guid":{"rendered":"https:\/\/dokmairwanda.com\/?post_type=product&#038;p=1211"},"modified":"2023-03-06T10:42:30","modified_gmt":"2023-03-06T08:42:30","slug":"tote-bag-nasho","status":"publish","type":"product","link":"https:\/\/dokmairwanda.com\/fr\/produit\/tote-bag-nasho\/","title":{"rendered":"Sac cabas NASHO"},"content":{"rendered":"<p><strong>Mat\u00e9riel: <\/strong>Cuir pur<\/p>\n<p><strong>Taille:<\/strong>17&quot;L\/12,5&quot;H \/6&quot;P<\/p>\n<p><strong>La description:<\/strong> notre \u00e9l\u00e9gant sac fourre-tout en cuir imprim\u00e9, con\u00e7u avec un grand espace de rangement, une poche int\u00e9rieure zipp\u00e9e et 2 grandes poches ouvertes. Anses courtes et longue bandouli\u00e8re r\u00e9glable.<\/p>","protected":false},"excerpt":{"rendered":"<p>Mat\u00e9riau : Cuir pur Taille : 17&quot; W\/12,5&quot; H \/ 6&quot; P Description : notre \u00e9l\u00e9gant sac fourre-tout en cuir imprim\u00e9, con\u00e7u avec de nombreux rangements, une poche int\u00e9rieure zipp\u00e9e et 2 grandes poches ouvertes. Anses courtes et longue bandouli\u00e8re r\u00e9glable.<\/p>","protected":false},"featured_media":1212,"comment_status":"closed","ping_status":"closed","template":"","meta":[],"product_brand":[],"product_cat":[28,27],"product_tag":[187,161,168,167,148,162,183,184,186,182,185],"mwb_booking_cost":[],"mwb_booking_service":[],"class_list":{"0":"post-1211","1":"product","2":"type-product","3":"status-publish","4":"has-post-thumbnail","6":"product_cat-handbags-women","7":"product_cat-women","8":"product_tag-bags","9":"product_tag-bags-from-dokmai","10":"product_tag-beautiful-crossbody-bags","11":"product_tag-crossbody-handbags","12":"product_tag-dokmai-rwanda","13":"product_tag-dokmai-rwanda-kigali","14":"product_tag-long-strap-bags","15":"product_tag-shoulder-bags-for-women","16":"product_tag-shoulder-bags-made-of-leather","17":"product_tag-tote-bag-nasho","18":"product_tag-womens-shoulder-bags","20":"first","21":"instock","22":"taxable","23":"shipping-taxable","24":"purchasable","25":"product-type-simple"},"_links":{"self":[{"href":"https:\/\/dokmairwanda.com\/fr\/wp-json\/wp\/v2\/product\/1211","targetHints":{"allow":["GET"]}}],"collection":[{"href":"https:\/\/dokmairwanda.com\/fr\/wp-json\/wp\/v2\/product"}],"about":[{"href":"https:\/\/dokmairwanda.com\/fr\/wp-json\/wp\/v2\/types\/product"}],"replies":[{"embeddable":true,"href":"https:\/\/dokmairwanda.com\/fr\/wp-json\/wp\/v2\/comments?post=1211"}],"wp:featuredmedia":[{"embeddable":true,"href":"https:\/\/dokmairwanda.com\/fr\/wp-json\/wp\/v2\/media\/1212"}],"wp:attachment":[{"href":"https:\/\/dokmairwanda.com\/fr\/wp-json\/wp\/v2\/media?parent=1211"}],"wp:term":[{"taxonomy":"product_brand","embeddable":true,"href":"https:\/\/dokmairwanda.com\/fr\/wp-json\/wp\/v2\/product_brand?post=1211"},{"taxonomy":"product_cat","embeddable":true,"href":"https:\/\/dokmairwanda.com\/fr\/wp-json\/wp\/v2\/product_cat?post=1211"},{"taxonomy":"product_tag","embeddable":true,"href":"https:\/\/dokmairwanda.com\/fr\/wp-json\/wp\/v2\/product_tag?post=1211"},{"taxonomy":"mwb_booking_cost","embeddable":true,"href":"https:\/\/dokmairwanda.com\/fr\/wp-json\/wp\/v2\/mwb_booking_cost?post=1211"},{"taxonomy":"mwb_booking_service","embeddable":true,"href":"https:\/\/dokmairwanda.com\/fr\/wp-json\/wp\/v2\/mwb_booking_service?post=1211"}],"curies":[{"name":"wp","href":"https:\/\/api.w.org\/{rel}","templated":true}]}}