{"id":1216,"date":"2021-12-17T09:33:43","date_gmt":"2021-12-17T07:33:43","guid":{"rendered":"https:\/\/dokmairwanda.com\/?post_type=product&#038;p=1216"},"modified":"2023-03-06T11:07:25","modified_gmt":"2023-03-06T09:07:25","slug":"foldover-crossbody-mika","status":"publish","type":"product","link":"https:\/\/dokmairwanda.com\/fr\/produit\/foldover-crossbody-mika\/","title":{"rendered":"Bandouli\u00e8re \u00e0 rabat MIKA"},"content":{"rendered":"<p><strong>Taille: <\/strong>Sangle 12&quot;L\/8&quot;H\/2.3&quot;D 45&quot;<\/p>\n<p><strong>La description:<\/strong> Bandouli\u00e8re en cuir de qualit\u00e9 sup\u00e9rieure gris fonc\u00e9 \u00e0 rabat. Sangle longue r\u00e9glable. Poche int\u00e9rieure zipp\u00e9e.<\/p>","protected":false},"excerpt":{"rendered":"<p>Taille: 12&quot;W\/8&quot;H\/2.3&quot;D Strap 45&quot; Description: Cuir de qualit\u00e9 sup\u00e9rieure gris fonc\u00e9 repli\u00e9 sur le corps. Sangle longue r\u00e9glable. Poche int\u00e9rieure zipp\u00e9e.<\/p>","protected":false},"featured_media":1217,"comment_status":"closed","ping_status":"closed","template":"","meta":[],"product_brand":[],"product_cat":[229,15,27],"product_tag":[149,168,29,163,164,167,171,188,170,166,165,169],"mwb_booking_cost":[],"mwb_booking_service":[],"class_list":{"0":"post-1216","1":"product","2":"type-product","3":"status-publish","4":"has-post-thumbnail","6":"product_cat-cross-body-bag","7":"product_cat-uncategorised","8":"product_cat-women","9":"product_tag-agasaro-cross-body-bag","10":"product_tag-beautiful-crossbody-bags","11":"product_tag-crossbody","12":"product_tag-crossbody-bags","13":"product_tag-crossbody-bags-for-women","14":"product_tag-crossbody-handbags","15":"product_tag-designer-crossbody-bag","16":"product_tag-foldover-crossbody-mika","17":"product_tag-kigali-leatherette-crossbody-bags","18":"product_tag-leather-crossbody-bags","19":"product_tag-women-crossbody-bags","20":"product_tag-womens-crossbody-bags","22":"first","23":"instock","24":"taxable","25":"shipping-taxable","26":"purchasable","27":"product-type-simple"},"_links":{"self":[{"href":"https:\/\/dokmairwanda.com\/fr\/wp-json\/wp\/v2\/product\/1216","targetHints":{"allow":["GET"]}}],"collection":[{"href":"https:\/\/dokmairwanda.com\/fr\/wp-json\/wp\/v2\/product"}],"about":[{"href":"https:\/\/dokmairwanda.com\/fr\/wp-json\/wp\/v2\/types\/product"}],"replies":[{"embeddable":true,"href":"https:\/\/dokmairwanda.com\/fr\/wp-json\/wp\/v2\/comments?post=1216"}],"wp:featuredmedia":[{"embeddable":true,"href":"https:\/\/dokmairwanda.com\/fr\/wp-json\/wp\/v2\/media\/1217"}],"wp:attachment":[{"href":"https:\/\/dokmairwanda.com\/fr\/wp-json\/wp\/v2\/media?parent=1216"}],"wp:term":[{"taxonomy":"product_brand","embeddable":true,"href":"https:\/\/dokmairwanda.com\/fr\/wp-json\/wp\/v2\/product_brand?post=1216"},{"taxonomy":"product_cat","embeddable":true,"href":"https:\/\/dokmairwanda.com\/fr\/wp-json\/wp\/v2\/product_cat?post=1216"},{"taxonomy":"product_tag","embeddable":true,"href":"https:\/\/dokmairwanda.com\/fr\/wp-json\/wp\/v2\/product_tag?post=1216"},{"taxonomy":"mwb_booking_cost","embeddable":true,"href":"https:\/\/dokmairwanda.com\/fr\/wp-json\/wp\/v2\/mwb_booking_cost?post=1216"},{"taxonomy":"mwb_booking_service","embeddable":true,"href":"https:\/\/dokmairwanda.com\/fr\/wp-json\/wp\/v2\/mwb_booking_service?post=1216"}],"curies":[{"name":"wp","href":"https:\/\/api.w.org\/{rel}","templated":true}]}}