{"id":1218,"date":"2021-12-17T09:42:50","date_gmt":"2021-12-17T07:42:50","guid":{"rendered":"https:\/\/dokmairwanda.com\/?post_type=product&#038;p=1218"},"modified":"2024-04-29T16:44:25","modified_gmt":"2024-04-29T14:44:25","slug":"crossbody-bag-isaro","status":"publish","type":"product","link":"https:\/\/dokmairwanda.com\/fr\/produit\/crossbody-bag-isaro\/","title":{"rendered":"Sac bandouli\u00e8re ISARO"},"content":{"rendered":"<p><strong>Taille:<\/strong> DIAM 7.2\u2033, D : 2\u2033, sangle 45\u2019\u2019<\/p>\n<p><strong>La description:<\/strong> Un mini sac \u00e0 bandouli\u00e8re fabriqu\u00e9 \u00e0 partir de cuir de la meilleure qualit\u00e9 avec une forme ronde, une fermeture zipp\u00e9e, une bandouli\u00e8re r\u00e9glable et une poche zipp\u00e9e sur le devant., Doublure : tissu imprim\u00e9<\/p>","protected":false},"excerpt":{"rendered":"<p>Taille : DIAM 7,2&quot;, D : 2&quot;, bandouli\u00e8re 45&quot; Description : Un mini sac \u00e0 bandouli\u00e8re fabriqu\u00e9 \u00e0 partir de cuir de la meilleure qualit\u00e9 avec une forme ronde, une fermeture zipp\u00e9e, une bandouli\u00e8re r\u00e9glable et une poche zipp\u00e9e sur le devant., Doublure : tissu imprim\u00e9<\/p>","protected":false},"featured_media":1220,"comment_status":"closed","ping_status":"closed","template":"","meta":[],"product_brand":[],"product_cat":[229,27],"product_tag":[149,168,163,164],"mwb_booking_cost":[],"mwb_booking_service":[],"class_list":{"0":"post-1218","1":"product","2":"type-product","3":"status-publish","4":"has-post-thumbnail","6":"product_cat-cross-body-bag","7":"product_cat-women","8":"product_tag-agasaro-cross-body-bag","9":"product_tag-beautiful-crossbody-bags","10":"product_tag-crossbody-bags","11":"product_tag-crossbody-bags-for-women","13":"first","14":"instock","15":"taxable","16":"shipping-taxable","17":"purchasable","18":"product-type-simple"},"_links":{"self":[{"href":"https:\/\/dokmairwanda.com\/fr\/wp-json\/wp\/v2\/product\/1218","targetHints":{"allow":["GET"]}}],"collection":[{"href":"https:\/\/dokmairwanda.com\/fr\/wp-json\/wp\/v2\/product"}],"about":[{"href":"https:\/\/dokmairwanda.com\/fr\/wp-json\/wp\/v2\/types\/product"}],"replies":[{"embeddable":true,"href":"https:\/\/dokmairwanda.com\/fr\/wp-json\/wp\/v2\/comments?post=1218"}],"wp:featuredmedia":[{"embeddable":true,"href":"https:\/\/dokmairwanda.com\/fr\/wp-json\/wp\/v2\/media\/1220"}],"wp:attachment":[{"href":"https:\/\/dokmairwanda.com\/fr\/wp-json\/wp\/v2\/media?parent=1218"}],"wp:term":[{"taxonomy":"product_brand","embeddable":true,"href":"https:\/\/dokmairwanda.com\/fr\/wp-json\/wp\/v2\/product_brand?post=1218"},{"taxonomy":"product_cat","embeddable":true,"href":"https:\/\/dokmairwanda.com\/fr\/wp-json\/wp\/v2\/product_cat?post=1218"},{"taxonomy":"product_tag","embeddable":true,"href":"https:\/\/dokmairwanda.com\/fr\/wp-json\/wp\/v2\/product_tag?post=1218"},{"taxonomy":"mwb_booking_cost","embeddable":true,"href":"https:\/\/dokmairwanda.com\/fr\/wp-json\/wp\/v2\/mwb_booking_cost?post=1218"},{"taxonomy":"mwb_booking_service","embeddable":true,"href":"https:\/\/dokmairwanda.com\/fr\/wp-json\/wp\/v2\/mwb_booking_service?post=1218"}],"curies":[{"name":"wp","href":"https:\/\/api.w.org\/{rel}","templated":true}]}}