{"id":122,"date":"2021-03-24T08:49:13","date_gmt":"2021-03-24T08:49:13","guid":{"rendered":"http:\/\/dokmai.paulwebdesign.rw\/?post_type=product&#038;p=122"},"modified":"2023-06-06T13:13:55","modified_gmt":"2023-06-06T11:13:55","slug":"kanyana-wallet","status":"publish","type":"product","link":"https:\/\/dokmairwanda.com\/fr\/produit\/kanyana-wallet\/","title":{"rendered":"Kanyana"},"content":{"rendered":"<p><strong>Mat\u00e9riel<\/strong>: Cuir avec Kitenge<\/p>\n<p>Les motifs du tissu de doublure en kitenge changent en fonction de la disponibilit\u00e9 du march\u00e9 local. Veuillez consulter \u00ab\u00a0Choix de tissus\u00a0\u00bb ci-dessous pour voir ce qui est actuellement disponible.<\/p>\n<p>Dragonne de 10&quot;<br \/>\n<strong>La description<\/strong>: 6 emplacements pour cartes de cr\u00e9dit, compartiments smartphone et argent<br \/>\nbretelles bicolores\/ fermeture zipp\u00e9e et dragonne<\/p>","protected":false},"excerpt":{"rendered":"<p>Mat\u00e9riau : Cuir avec doublure Kitenge Les motifs des tissus de doublure Kitenge changent en fonction de la disponibilit\u00e9 sur le march\u00e9 local. Veuillez consulter \u00ab\u00a0Choix de tissus\u00a0\u00bb ci-dessous pour voir ce qui est actuellement disponible. Dragonne 10&quot; Description : 6 fentes pour cartes de cr\u00e9dit, compartiments pour smartphone et monnaie Sangles bicolores\/fermeture zipp\u00e9e et dragonne<\/p>","protected":false},"featured_media":197,"comment_status":"open","ping_status":"closed","template":"","meta":[],"product_brand":[],"product_cat":[27,48],"product_tag":[35],"mwb_booking_cost":[],"mwb_booking_service":[],"class_list":{"0":"post-122","1":"product","2":"type-product","3":"status-publish","4":"has-post-thumbnail","6":"product_cat-women","7":"product_cat-wallets-women","8":"product_tag-wallet","10":"first","11":"instock","12":"taxable","13":"shipping-taxable","14":"purchasable","15":"product-type-variable"},"_links":{"self":[{"href":"https:\/\/dokmairwanda.com\/fr\/wp-json\/wp\/v2\/product\/122","targetHints":{"allow":["GET"]}}],"collection":[{"href":"https:\/\/dokmairwanda.com\/fr\/wp-json\/wp\/v2\/product"}],"about":[{"href":"https:\/\/dokmairwanda.com\/fr\/wp-json\/wp\/v2\/types\/product"}],"replies":[{"embeddable":true,"href":"https:\/\/dokmairwanda.com\/fr\/wp-json\/wp\/v2\/comments?post=122"}],"wp:featuredmedia":[{"embeddable":true,"href":"https:\/\/dokmairwanda.com\/fr\/wp-json\/wp\/v2\/media\/197"}],"wp:attachment":[{"href":"https:\/\/dokmairwanda.com\/fr\/wp-json\/wp\/v2\/media?parent=122"}],"wp:term":[{"taxonomy":"product_brand","embeddable":true,"href":"https:\/\/dokmairwanda.com\/fr\/wp-json\/wp\/v2\/product_brand?post=122"},{"taxonomy":"product_cat","embeddable":true,"href":"https:\/\/dokmairwanda.com\/fr\/wp-json\/wp\/v2\/product_cat?post=122"},{"taxonomy":"product_tag","embeddable":true,"href":"https:\/\/dokmairwanda.com\/fr\/wp-json\/wp\/v2\/product_tag?post=122"},{"taxonomy":"mwb_booking_cost","embeddable":true,"href":"https:\/\/dokmairwanda.com\/fr\/wp-json\/wp\/v2\/mwb_booking_cost?post=122"},{"taxonomy":"mwb_booking_service","embeddable":true,"href":"https:\/\/dokmairwanda.com\/fr\/wp-json\/wp\/v2\/mwb_booking_service?post=122"}],"curies":[{"name":"wp","href":"https:\/\/api.w.org\/{rel}","templated":true}]}}