{"id":1223,"date":"2021-12-17T09:53:30","date_gmt":"2021-12-17T07:53:30","guid":{"rendered":"https:\/\/dokmairwanda.com\/?post_type=product&#038;p=1223"},"modified":"2023-03-06T10:38:32","modified_gmt":"2023-03-06T08:38:32","slug":"padded-leather-laptop-sleeve-rweru-2","status":"publish","type":"product","link":"https:\/\/dokmairwanda.com\/fr\/produit\/padded-leather-laptop-sleeve-rweru-2\/","title":{"rendered":"Housse d&#039;ordinateur portable rembourr\u00e9e en cuir RWERU"},"content":{"rendered":"<p>Taille : L 14,5&quot;, H 10&quot;<\/p>\n<p>Description : Housse rembourr\u00e9e pour ordinateur portable en cuir, avec des motifs g\u00e9om\u00e9triques sur le devant.<\/p>","protected":false},"excerpt":{"rendered":"<p>Taille : L 14,5\u2033, H 10\u201d Description : Housse rembourr\u00e9e en cuir pour ordinateur portable, avec des motifs g\u00e9om\u00e9triques sur le devant.<\/p>","protected":false},"featured_media":1224,"comment_status":"closed","ping_status":"closed","template":"","meta":[],"product_brand":[],"product_cat":[228,27],"product_tag":[157,155,181,120,173,172,129,130,109,191,190],"mwb_booking_cost":[],"mwb_booking_service":[],"class_list":{"0":"post-1223","1":"product","2":"type-product","3":"status-publish","4":"has-post-thumbnail","6":"product_cat-laptop-sleeve","7":"product_cat-women","8":"product_tag-designer-leather-bags","9":"product_tag-handbags-made-of-leather","10":"product_tag-leather-clutches-in-rwanda","11":"product_tag-leather-desk-pads","12":"product_tag-leather-handbags","13":"product_tag-leather-in-kigali","14":"product_tag-leather-in-rwanda","15":"product_tag-leather-products-in-rwanda","16":"product_tag-leather-wallet","17":"product_tag-padded-leather-laptop-sleeve","18":"product_tag-padded-leather-laptop-sleeve-rweru","20":"first","21":"instock","22":"taxable","23":"shipping-taxable","24":"purchasable","25":"product-type-simple"},"_links":{"self":[{"href":"https:\/\/dokmairwanda.com\/fr\/wp-json\/wp\/v2\/product\/1223","targetHints":{"allow":["GET"]}}],"collection":[{"href":"https:\/\/dokmairwanda.com\/fr\/wp-json\/wp\/v2\/product"}],"about":[{"href":"https:\/\/dokmairwanda.com\/fr\/wp-json\/wp\/v2\/types\/product"}],"replies":[{"embeddable":true,"href":"https:\/\/dokmairwanda.com\/fr\/wp-json\/wp\/v2\/comments?post=1223"}],"wp:featuredmedia":[{"embeddable":true,"href":"https:\/\/dokmairwanda.com\/fr\/wp-json\/wp\/v2\/media\/1224"}],"wp:attachment":[{"href":"https:\/\/dokmairwanda.com\/fr\/wp-json\/wp\/v2\/media?parent=1223"}],"wp:term":[{"taxonomy":"product_brand","embeddable":true,"href":"https:\/\/dokmairwanda.com\/fr\/wp-json\/wp\/v2\/product_brand?post=1223"},{"taxonomy":"product_cat","embeddable":true,"href":"https:\/\/dokmairwanda.com\/fr\/wp-json\/wp\/v2\/product_cat?post=1223"},{"taxonomy":"product_tag","embeddable":true,"href":"https:\/\/dokmairwanda.com\/fr\/wp-json\/wp\/v2\/product_tag?post=1223"},{"taxonomy":"mwb_booking_cost","embeddable":true,"href":"https:\/\/dokmairwanda.com\/fr\/wp-json\/wp\/v2\/mwb_booking_cost?post=1223"},{"taxonomy":"mwb_booking_service","embeddable":true,"href":"https:\/\/dokmairwanda.com\/fr\/wp-json\/wp\/v2\/mwb_booking_service?post=1223"}],"curies":[{"name":"wp","href":"https:\/\/api.w.org\/{rel}","templated":true}]}}