{"id":1227,"date":"2021-12-17T10:10:51","date_gmt":"2021-12-17T08:10:51","guid":{"rendered":"https:\/\/dokmairwanda.com\/?post_type=product&#038;p=1227"},"modified":"2025-08-31T17:00:33","modified_gmt":"2025-08-31T15:00:33","slug":"clutch-bag-yire-2","status":"publish","type":"product","link":"https:\/\/dokmairwanda.com\/fr\/produit\/clutch-bag-yire-2\/","title":{"rendered":"Pochette Yire"},"content":{"rendered":"<p><strong>Taille:<\/strong> L 16\u2033\/ H 12\u2033<\/p>\n<p>Description : La pochette Yire est confectionn\u00e9e dans deux tons compl\u00e9mentaires et orn\u00e9e de motifs traditionnels <em>imigongo<\/em> Motifs g\u00e9om\u00e9triques sur le devant, hommage \u00e0 l&#039;art rwandais. Polyvalent, il est dot\u00e9 d&#039;une fermeture zipp\u00e9e s\u00e9curis\u00e9e et d&#039;une doublure en tissu imprim\u00e9 qui lui conf\u00e8re une touche de personnalit\u00e9. Assez spacieux pour contenir des documents ou un ordinateur portable, mais assez \u00e9l\u00e9gant pour \u00eatre port\u00e9 comme une pochette, c&#039;est le compagnon id\u00e9al pour les occasions professionnelles comme d\u00e9contract\u00e9es.<\/p>","protected":false},"excerpt":{"rendered":"<p>La pochette Yire est confectionn\u00e9e dans deux tons compl\u00e9mentaires et orn\u00e9e de motifs traditionnels <em>imigongo<\/em> Motifs g\u00e9om\u00e9triques sur le devant, hommage \u00e0 l&#039;art rwandais. Polyvalent, il est dot\u00e9 d&#039;une fermeture zipp\u00e9e s\u00e9curis\u00e9e et d&#039;une doublure en tissu imprim\u00e9 qui lui conf\u00e8re une touche de personnalit\u00e9. Assez spacieux pour contenir des documents ou un ordinateur portable, mais assez \u00e9l\u00e9gant pour \u00eatre port\u00e9 comme une pochette, c&#039;est le compagnon id\u00e9al pour les occasions professionnelles comme d\u00e9contract\u00e9es.<\/p>","protected":false},"featured_media":1229,"comment_status":"closed","ping_status":"closed","template":"","meta":[],"product_brand":[],"product_cat":[228,27],"product_tag":[189,163,164,157,155,70],"mwb_booking_cost":[],"mwb_booking_service":[],"class_list":{"0":"post-1227","1":"product","2":"type-product","3":"status-publish","4":"has-post-thumbnail","6":"product_cat-laptop-sleeve","7":"product_cat-women","8":"product_tag-crossbody-bag-isaro","9":"product_tag-crossbody-bags","10":"product_tag-crossbody-bags-for-women","11":"product_tag-designer-leather-bags","12":"product_tag-handbags-made-of-leather","13":"product_tag-pouch-clutch","15":"first","16":"instock","17":"taxable","18":"shipping-taxable","19":"purchasable","20":"product-type-simple"},"_links":{"self":[{"href":"https:\/\/dokmairwanda.com\/fr\/wp-json\/wp\/v2\/product\/1227","targetHints":{"allow":["GET"]}}],"collection":[{"href":"https:\/\/dokmairwanda.com\/fr\/wp-json\/wp\/v2\/product"}],"about":[{"href":"https:\/\/dokmairwanda.com\/fr\/wp-json\/wp\/v2\/types\/product"}],"replies":[{"embeddable":true,"href":"https:\/\/dokmairwanda.com\/fr\/wp-json\/wp\/v2\/comments?post=1227"}],"wp:featuredmedia":[{"embeddable":true,"href":"https:\/\/dokmairwanda.com\/fr\/wp-json\/wp\/v2\/media\/1229"}],"wp:attachment":[{"href":"https:\/\/dokmairwanda.com\/fr\/wp-json\/wp\/v2\/media?parent=1227"}],"wp:term":[{"taxonomy":"product_brand","embeddable":true,"href":"https:\/\/dokmairwanda.com\/fr\/wp-json\/wp\/v2\/product_brand?post=1227"},{"taxonomy":"product_cat","embeddable":true,"href":"https:\/\/dokmairwanda.com\/fr\/wp-json\/wp\/v2\/product_cat?post=1227"},{"taxonomy":"product_tag","embeddable":true,"href":"https:\/\/dokmairwanda.com\/fr\/wp-json\/wp\/v2\/product_tag?post=1227"},{"taxonomy":"mwb_booking_cost","embeddable":true,"href":"https:\/\/dokmairwanda.com\/fr\/wp-json\/wp\/v2\/mwb_booking_cost?post=1227"},{"taxonomy":"mwb_booking_service","embeddable":true,"href":"https:\/\/dokmairwanda.com\/fr\/wp-json\/wp\/v2\/mwb_booking_service?post=1227"}],"curies":[{"name":"wp","href":"https:\/\/api.w.org\/{rel}","templated":true}]}}