{"id":1232,"date":"2021-12-17T10:27:06","date_gmt":"2021-12-17T08:27:06","guid":{"rendered":"https:\/\/dokmairwanda.com\/?post_type=product&#038;p=1232"},"modified":"2025-09-11T11:21:44","modified_gmt":"2025-09-11T09:21:44","slug":"imigongo-passport-holder-2","status":"publish","type":"product","link":"https:\/\/dokmairwanda.com\/fr\/produit\/imigongo-passport-holder-2\/","title":{"rendered":"Titulaire du passeport Imigongo"},"content":{"rendered":"<p><strong>Mat\u00e9riel:<\/strong> Cuir avec tissu en coton au motif imigongo.(Imigongo est un motif traditionnel rwandais. Ses couleurs sont g\u00e9n\u00e9ralement le blanc, le noir, le rouge et le gris en spirales ou des motifs g\u00e9om\u00e9triques peints sur les murs, la poterie ou la toile)<\/p>\n<p><strong>Taille:<\/strong> 8,6 &quot;W, 5,5&quot; H<\/p>\n<p><strong>La description:<\/strong> ce porte-passeport est disponible en une seule couleur de cuir ou en 2 tons. Pour votre passeport, billet avec 3 emplacements carte de cr\u00e9dit. Notre porte-passeport vous aidera \u00e0 d\u00e9coller avec style et \u00e0 doubler en tant que protecteur et endroit pour ranger vos cartes en toute s\u00e9curit\u00e9.<\/p>","protected":false},"excerpt":{"rendered":"<p>Material: Leather with cotton fabric in imigongo design.(Imigongo is a traditional Rwandan pattern. Its colors are generally white, black, red and gray in spiral or geometrical designs painted on walls , pottery or canvas) Size: 8.6&#8243; W,5.5&#8243;H Description: this passport holder comes either in one leather color or in 2 tone colors. For your passport, [&#8230;]\n","protected":false},"featured_media":1233,"comment_status":"closed","ping_status":"closed","template":"","meta":[],"product_brand":[],"product_cat":[194,19],"product_tag":[50,122,195,181,173,172,129,199,200,158,201,33,196,197,198,202,113],"mwb_booking_cost":[],"mwb_booking_service":[],"class_list":{"0":"post-1232","1":"product","2":"type-product","3":"status-publish","4":"has-post-thumbnail","6":"product_cat-card-holder","7":"product_cat-men","8":"product_tag-card-holder","9":"product_tag-card-holders","10":"product_tag-imigongo-passport-holder","11":"product_tag-leather-clutches-in-rwanda","12":"product_tag-leather-handbags","13":"product_tag-leather-in-kigali","14":"product_tag-leather-in-rwanda","15":"product_tag-leather-passport-holder","16":"product_tag-leather-passport-holder-wallet","17":"product_tag-leather-wallets","18":"product_tag-mens-passport-holder-wallet","19":"product_tag-passport-holder","20":"product_tag-passport-holder-for-men","21":"product_tag-passport-wallets","22":"product_tag-passport-wallets-for-men","23":"product_tag-travel-wallets","24":"product_tag-wallets","26":"first","27":"instock","28":"taxable","29":"shipping-taxable","30":"purchasable","31":"product-type-simple"},"_links":{"self":[{"href":"https:\/\/dokmairwanda.com\/fr\/wp-json\/wp\/v2\/product\/1232","targetHints":{"allow":["GET"]}}],"collection":[{"href":"https:\/\/dokmairwanda.com\/fr\/wp-json\/wp\/v2\/product"}],"about":[{"href":"https:\/\/dokmairwanda.com\/fr\/wp-json\/wp\/v2\/types\/product"}],"replies":[{"embeddable":true,"href":"https:\/\/dokmairwanda.com\/fr\/wp-json\/wp\/v2\/comments?post=1232"}],"wp:featuredmedia":[{"embeddable":true,"href":"https:\/\/dokmairwanda.com\/fr\/wp-json\/wp\/v2\/media\/1233"}],"wp:attachment":[{"href":"https:\/\/dokmairwanda.com\/fr\/wp-json\/wp\/v2\/media?parent=1232"}],"wp:term":[{"taxonomy":"product_brand","embeddable":true,"href":"https:\/\/dokmairwanda.com\/fr\/wp-json\/wp\/v2\/product_brand?post=1232"},{"taxonomy":"product_cat","embeddable":true,"href":"https:\/\/dokmairwanda.com\/fr\/wp-json\/wp\/v2\/product_cat?post=1232"},{"taxonomy":"product_tag","embeddable":true,"href":"https:\/\/dokmairwanda.com\/fr\/wp-json\/wp\/v2\/product_tag?post=1232"},{"taxonomy":"mwb_booking_cost","embeddable":true,"href":"https:\/\/dokmairwanda.com\/fr\/wp-json\/wp\/v2\/mwb_booking_cost?post=1232"},{"taxonomy":"mwb_booking_service","embeddable":true,"href":"https:\/\/dokmairwanda.com\/fr\/wp-json\/wp\/v2\/mwb_booking_service?post=1232"}],"curies":[{"name":"wp","href":"https:\/\/api.w.org\/{rel}","templated":true}]}}