{"id":1234,"date":"2021-12-17T10:38:13","date_gmt":"2021-12-17T08:38:13","guid":{"rendered":"https:\/\/dokmairwanda.com\/?post_type=product&#038;p=1234"},"modified":"2025-08-31T17:29:28","modified_gmt":"2025-08-31T15:29:28","slug":"anet-workbag-2","status":"publish","type":"product","link":"https:\/\/dokmairwanda.com\/fr\/produit\/anet-workbag-2\/","title":{"rendered":"Sac de travail Anet"},"content":{"rendered":"<p><strong>Sac de travail Anet \u2013 Un savoir-faire intemporel pour le professionnel moderne<\/strong><br \/>\nCon\u00e7u pour ceux qui dirigent avec d\u00e9termination, le sac de travail Anet est fabriqu\u00e9 \u00e0 partir de cuir de haute qualit\u00e9 et doubl\u00e9 de mat\u00e9riaux vibrants. <em>kitenge<\/em> Tissu\u00a0: chaque motif refl\u00e8te l&#039;h\u00e9ritage rwandais. Avec sa silhouette structur\u00e9e et ses pieds protecteurs \u00e0 la base, ce sac allie style et durabilit\u00e9.<\/p>\n<p>\u00c0 l&#039;int\u00e9rieur, un compartiment d\u00e9di\u00e9 pour ordinateur portable et des poches judicieusement plac\u00e9es permettent de ranger vos essentiels, des cartes de visite aux petits extras que vous emportez \u00ab\u00a0au cas o\u00f9\u00a0\u00bb. La fermeture zipp\u00e9e assure la s\u00e9curit\u00e9, tandis que les bretelles fixes offrent un port confortable \u00e0 l&#039;\u00e9paule pour vos d\u00e9placements quotidiens ou vos r\u00e9unions.<\/p>\n<p><strong>Mat\u00e9riels:<\/strong> Cuir avec <em>kitenge<\/em> doublure (les motifs varient en fonction de la disponibilit\u00e9 du march\u00e9)<br \/>\n<strong>Taille:<\/strong> 15,7 po L \u00d7 12,4 po H \u00d7 4,7 po P<br \/>\n<strong>Sangles :<\/strong> Longueur fixe de 22,8 po<\/p>\n<p>Pour voir disponible <em>kitenge<\/em> mod\u00e8les, veuillez nous contacter directement. Nous serons heureux de partager les options actuelles afin que vous puissiez choisir celle qui vous convient.<\/p>","protected":false},"excerpt":{"rendered":"<p><strong>Sac de travail Anet \u2013 Un savoir-faire intemporel pour le professionnel moderne<\/strong><br \/>\nCon\u00e7u pour ceux qui dirigent avec d\u00e9termination, le sac de travail Anet est fabriqu\u00e9 \u00e0 partir de cuir de haute qualit\u00e9 et doubl\u00e9 de mat\u00e9riaux vibrants. <em>kitenge<\/em> Tissu\u00a0: chaque motif refl\u00e8te l&#039;h\u00e9ritage rwandais. Avec sa silhouette structur\u00e9e et ses pieds protecteurs \u00e0 la base, ce sac allie style et durabilit\u00e9.<\/p>","protected":false},"featured_media":1235,"comment_status":"closed","ping_status":"closed","template":"","meta":[],"product_brand":[],"product_cat":[28,27],"product_tag":[203,212,207,47,214,213,215,208,216,206,210,211,204,205,217,218,209],"mwb_booking_cost":[],"mwb_booking_service":[],"class_list":{"0":"post-1234","1":"product","2":"type-product","3":"status-publish","4":"has-post-thumbnail","6":"product_cat-handbags-women","7":"product_cat-women","8":"product_tag-anet-workbag","9":"product_tag-best-work-bag","10":"product_tag-best-work-bags-for-women","11":"product_tag-laptop-bag","12":"product_tag-office-bag","13":"product_tag-office-bags","14":"product_tag-professional-work-bag","15":"product_tag-quality-leather-work-bags","16":"product_tag-shoulder-bag-for-work","17":"product_tag-womens-handbags","18":"product_tag-womens-work-bags","19":"product_tag-womens-work-bags-in-rwanda","20":"product_tag-work-bags","21":"product_tag-work-bags-made-from-leather","22":"product_tag-work-purse","23":"product_tag-work-tote","24":"product_tag-work-bags-in-rwanda","26":"first","27":"instock","28":"taxable","29":"shipping-taxable","30":"purchasable","31":"product-type-simple"},"_links":{"self":[{"href":"https:\/\/dokmairwanda.com\/fr\/wp-json\/wp\/v2\/product\/1234","targetHints":{"allow":["GET"]}}],"collection":[{"href":"https:\/\/dokmairwanda.com\/fr\/wp-json\/wp\/v2\/product"}],"about":[{"href":"https:\/\/dokmairwanda.com\/fr\/wp-json\/wp\/v2\/types\/product"}],"replies":[{"embeddable":true,"href":"https:\/\/dokmairwanda.com\/fr\/wp-json\/wp\/v2\/comments?post=1234"}],"wp:featuredmedia":[{"embeddable":true,"href":"https:\/\/dokmairwanda.com\/fr\/wp-json\/wp\/v2\/media\/1235"}],"wp:attachment":[{"href":"https:\/\/dokmairwanda.com\/fr\/wp-json\/wp\/v2\/media?parent=1234"}],"wp:term":[{"taxonomy":"product_brand","embeddable":true,"href":"https:\/\/dokmairwanda.com\/fr\/wp-json\/wp\/v2\/product_brand?post=1234"},{"taxonomy":"product_cat","embeddable":true,"href":"https:\/\/dokmairwanda.com\/fr\/wp-json\/wp\/v2\/product_cat?post=1234"},{"taxonomy":"product_tag","embeddable":true,"href":"https:\/\/dokmairwanda.com\/fr\/wp-json\/wp\/v2\/product_tag?post=1234"},{"taxonomy":"mwb_booking_cost","embeddable":true,"href":"https:\/\/dokmairwanda.com\/fr\/wp-json\/wp\/v2\/mwb_booking_cost?post=1234"},{"taxonomy":"mwb_booking_service","embeddable":true,"href":"https:\/\/dokmairwanda.com\/fr\/wp-json\/wp\/v2\/mwb_booking_service?post=1234"}],"curies":[{"name":"wp","href":"https:\/\/api.w.org\/{rel}","templated":true}]}}