{"id":1236,"date":"2021-12-17T10:47:04","date_gmt":"2021-12-17T08:47:04","guid":{"rendered":"https:\/\/dokmairwanda.com\/?post_type=product&#038;p=1236"},"modified":"2024-04-29T16:46:37","modified_gmt":"2024-04-29T14:46:37","slug":"cari-clutch-lts-2","status":"publish","type":"product","link":"https:\/\/dokmairwanda.com\/fr\/produit\/cari-clutch-lts-2\/","title":{"rendered":"Cari embrayage-lts"},"content":{"rendered":"<div id=\"top-content\" class=\"spanTopWidth\">\n<div class=\"twpara-row row-fluid\">\n<div id=\"V5n1xpxv\" class=\"span12 tw-para\">\n<div class=\"ptext\">\n<p><strong>Mat\u00e9riel:<\/strong> cuir avec doublure kitenge<\/p>\n<p>Les motifs du tissu de doublure Kitenge changent en fonction de la disponibilit\u00e9 du march\u00e9 local (si vous souhaitez acheter ce produit<br \/>\nveuillez nous contacter pour obtenir des photos avec les mod\u00e8les disponibles parmi lesquels vous pouvez choisir<\/p>\n<p><strong>Taille:<\/strong> 9,8 &quot;W \/ 6&quot; H \/ 0,8&quot; D, longue sangle amovible de 46,5&quot; et bracelet<\/p>\n<p><strong>La description:<\/strong> Poche int\u00e9rieure zipp\u00e9e.Fermeture zipp\u00e9e, longue bandouli\u00e8re amovible et poignet, d\u00e9tails de gland.<\/p>\n<\/div>\n<\/div>\n<\/div>\n<\/div>","protected":false},"excerpt":{"rendered":"<p>Material: leather w\/kitenge lining Kitenge lining fabric patterns change depending on local market availability (if you wish to purchase this product please contact us to obtain pictures with available patterns from which you can choose Size: 9.8&#8243; W\u00a0\/ 6&#8243; H \/ 0.8\u201d D, \u00a046.5\u201d removable long strap, and wristlet Description: Inner zip pocket.zip closure ,removable [&#8230;]\n","protected":false},"featured_media":1237,"comment_status":"closed","ping_status":"closed","template":"","meta":[],"product_brand":[],"product_cat":[229,27],"product_tag":[219,192,152,222,220,169],"mwb_booking_cost":[],"mwb_booking_service":[],"class_list":{"0":"post-1236","1":"product","2":"type-product","3":"status-publish","4":"has-post-thumbnail","6":"product_cat-cross-body-bag","7":"product_cat-women","8":"product_tag-cari-clutch-lts","9":"product_tag-clutch-bag-yire","10":"product_tag-handbags","11":"product_tag-womens-clutch-bag","12":"product_tag-womens-clutches","13":"product_tag-womens-crossbody-bags","15":"first","16":"instock","17":"taxable","18":"shipping-taxable","19":"purchasable","20":"product-type-simple"},"_links":{"self":[{"href":"https:\/\/dokmairwanda.com\/fr\/wp-json\/wp\/v2\/product\/1236","targetHints":{"allow":["GET"]}}],"collection":[{"href":"https:\/\/dokmairwanda.com\/fr\/wp-json\/wp\/v2\/product"}],"about":[{"href":"https:\/\/dokmairwanda.com\/fr\/wp-json\/wp\/v2\/types\/product"}],"replies":[{"embeddable":true,"href":"https:\/\/dokmairwanda.com\/fr\/wp-json\/wp\/v2\/comments?post=1236"}],"wp:featuredmedia":[{"embeddable":true,"href":"https:\/\/dokmairwanda.com\/fr\/wp-json\/wp\/v2\/media\/1237"}],"wp:attachment":[{"href":"https:\/\/dokmairwanda.com\/fr\/wp-json\/wp\/v2\/media?parent=1236"}],"wp:term":[{"taxonomy":"product_brand","embeddable":true,"href":"https:\/\/dokmairwanda.com\/fr\/wp-json\/wp\/v2\/product_brand?post=1236"},{"taxonomy":"product_cat","embeddable":true,"href":"https:\/\/dokmairwanda.com\/fr\/wp-json\/wp\/v2\/product_cat?post=1236"},{"taxonomy":"product_tag","embeddable":true,"href":"https:\/\/dokmairwanda.com\/fr\/wp-json\/wp\/v2\/product_tag?post=1236"},{"taxonomy":"mwb_booking_cost","embeddable":true,"href":"https:\/\/dokmairwanda.com\/fr\/wp-json\/wp\/v2\/mwb_booking_cost?post=1236"},{"taxonomy":"mwb_booking_service","embeddable":true,"href":"https:\/\/dokmairwanda.com\/fr\/wp-json\/wp\/v2\/mwb_booking_service?post=1236"}],"curies":[{"name":"wp","href":"https:\/\/api.w.org\/{rel}","templated":true}]}}