{"id":1248,"date":"2021-12-17T12:44:18","date_gmt":"2021-12-17T10:44:18","guid":{"rendered":"https:\/\/dokmairwanda.com\/?post_type=product&#038;p=1248"},"modified":"2025-09-03T13:11:38","modified_gmt":"2025-09-03T11:11:38","slug":"yves-laptop-sleeve","status":"publish","type":"product","link":"https:\/\/dokmairwanda.com\/fr\/produit\/yves-laptop-sleeve\/","title":{"rendered":"Yves Housse d&#039;ordinateur"},"content":{"rendered":"<p><b>Mat\u00e9riel: <\/b>Cuir<\/p>\n<p><b>La description: <\/b>Notre housse pour ordinateur portable est bien con\u00e7ue pour prot\u00e9ger votre appareil des chocs, des rayures, de l&#039;eau et de la poussi\u00e8re lors de votre utilisation quotidienne. nous consid\u00e9rons la s\u00e9curit\u00e9 de votre appareil.<\/p>","protected":false},"excerpt":{"rendered":"<p>Mat\u00e9riau : cuir Description : notre housse pour ordinateur portable est bien con\u00e7ue pour prot\u00e9ger votre appareil des chocs, des rayures, de l&#039;eau et de la poussi\u00e8re lors de votre utilisation quotidienne. nous consid\u00e9rons la s\u00e9curit\u00e9 de votre appareil.<\/p>","protected":false},"featured_media":1249,"comment_status":"closed","ping_status":"closed","template":"","meta":[],"product_brand":[],"product_cat":[230,19],"product_tag":[57,214],"mwb_booking_cost":[],"mwb_booking_service":[],"class_list":{"0":"post-1248","1":"product","2":"type-product","3":"status-publish","4":"has-post-thumbnail","6":"product_cat-laptop-sleeve-men","7":"product_cat-men","8":"product_tag-laptop-sleeve","9":"product_tag-office-bag","11":"first","12":"instock","13":"taxable","14":"shipping-taxable","15":"purchasable","16":"product-type-simple"},"_links":{"self":[{"href":"https:\/\/dokmairwanda.com\/fr\/wp-json\/wp\/v2\/product\/1248","targetHints":{"allow":["GET"]}}],"collection":[{"href":"https:\/\/dokmairwanda.com\/fr\/wp-json\/wp\/v2\/product"}],"about":[{"href":"https:\/\/dokmairwanda.com\/fr\/wp-json\/wp\/v2\/types\/product"}],"replies":[{"embeddable":true,"href":"https:\/\/dokmairwanda.com\/fr\/wp-json\/wp\/v2\/comments?post=1248"}],"wp:featuredmedia":[{"embeddable":true,"href":"https:\/\/dokmairwanda.com\/fr\/wp-json\/wp\/v2\/media\/1249"}],"wp:attachment":[{"href":"https:\/\/dokmairwanda.com\/fr\/wp-json\/wp\/v2\/media?parent=1248"}],"wp:term":[{"taxonomy":"product_brand","embeddable":true,"href":"https:\/\/dokmairwanda.com\/fr\/wp-json\/wp\/v2\/product_brand?post=1248"},{"taxonomy":"product_cat","embeddable":true,"href":"https:\/\/dokmairwanda.com\/fr\/wp-json\/wp\/v2\/product_cat?post=1248"},{"taxonomy":"product_tag","embeddable":true,"href":"https:\/\/dokmairwanda.com\/fr\/wp-json\/wp\/v2\/product_tag?post=1248"},{"taxonomy":"mwb_booking_cost","embeddable":true,"href":"https:\/\/dokmairwanda.com\/fr\/wp-json\/wp\/v2\/mwb_booking_cost?post=1248"},{"taxonomy":"mwb_booking_service","embeddable":true,"href":"https:\/\/dokmairwanda.com\/fr\/wp-json\/wp\/v2\/mwb_booking_service?post=1248"}],"curies":[{"name":"wp","href":"https:\/\/api.w.org\/{rel}","templated":true}]}}