{"id":136,"date":"2021-03-24T08:49:36","date_gmt":"2021-03-24T08:49:36","guid":{"rendered":"http:\/\/dokmai.paulwebdesign.rw\/?post_type=product&#038;p=136"},"modified":"2023-02-20T10:59:39","modified_gmt":"2023-02-20T08:59:39","slug":"mimi-wallet","status":"publish","type":"product","link":"https:\/\/dokmairwanda.com\/fr\/produit\/mimi-wallet\/","title":{"rendered":"Portefeuille Mimi"},"content":{"rendered":"<p><strong>Mat\u00e9riel<\/strong>: Cuir avec kitenge<\/p>\n<p><strong>D\u00e9tails int\u00e9rieurs :<\/strong> 4 emplacements pour cartes de cr\u00e9dit\/2 compartiments pour billets<\/p>\n<p><strong>D\u00e9tails ext\u00e9rieurs :<\/strong> poche perfor\u00e9e en cuir bicolore. fermeture \u00e9clair<\/p>\n<p><strong>Description du mat\u00e9riel:\u00a0<\/strong>Les articles de Dokmai sont fabriqu\u00e9s \u00e0 partir de cuir de haute qualit\u00e9 r\u00e9pondant \u00e0 la norme europ\u00e9enne (REACH) associ\u00e9 \u00e0 un tissu en coton imprim\u00e9 refl\u00e9tant la joie de vivre rwandaise.<\/p>","protected":false},"excerpt":{"rendered":"<p>Mat\u00e9riau : Cuir avec kitenge D\u00e9tails int\u00e9rieurs : 4 emplacements pour cartes de cr\u00e9dit\/2 compartiments pour billets D\u00e9tails ext\u00e9rieurs : poche perfor\u00e9e en cuir bicolore. fermeture \u00e0 glissi\u00e8re Description du mat\u00e9riau : Les articles Dokmai sont fabriqu\u00e9s \u00e0 partir de cuir de haute qualit\u00e9 r\u00e9pondant \u00e0 la norme europ\u00e9enne (REACH) associ\u00e9 \u00e0 un tissu en coton imprim\u00e9 refl\u00e9tant la joie de vivre rwandaise.<\/p>","protected":false},"featured_media":199,"comment_status":"open","ping_status":"closed","template":"","meta":[],"product_brand":[],"product_cat":[27,48],"product_tag":[35],"mwb_booking_cost":[],"mwb_booking_service":[],"class_list":{"0":"post-136","1":"product","2":"type-product","3":"status-publish","4":"has-post-thumbnail","6":"product_cat-women","7":"product_cat-wallets-women","8":"product_tag-wallet","10":"first","11":"instock","12":"taxable","13":"shipping-taxable","14":"purchasable","15":"product-type-variable"},"_links":{"self":[{"href":"https:\/\/dokmairwanda.com\/fr\/wp-json\/wp\/v2\/product\/136","targetHints":{"allow":["GET"]}}],"collection":[{"href":"https:\/\/dokmairwanda.com\/fr\/wp-json\/wp\/v2\/product"}],"about":[{"href":"https:\/\/dokmairwanda.com\/fr\/wp-json\/wp\/v2\/types\/product"}],"replies":[{"embeddable":true,"href":"https:\/\/dokmairwanda.com\/fr\/wp-json\/wp\/v2\/comments?post=136"}],"wp:featuredmedia":[{"embeddable":true,"href":"https:\/\/dokmairwanda.com\/fr\/wp-json\/wp\/v2\/media\/199"}],"wp:attachment":[{"href":"https:\/\/dokmairwanda.com\/fr\/wp-json\/wp\/v2\/media?parent=136"}],"wp:term":[{"taxonomy":"product_brand","embeddable":true,"href":"https:\/\/dokmairwanda.com\/fr\/wp-json\/wp\/v2\/product_brand?post=136"},{"taxonomy":"product_cat","embeddable":true,"href":"https:\/\/dokmairwanda.com\/fr\/wp-json\/wp\/v2\/product_cat?post=136"},{"taxonomy":"product_tag","embeddable":true,"href":"https:\/\/dokmairwanda.com\/fr\/wp-json\/wp\/v2\/product_tag?post=136"},{"taxonomy":"mwb_booking_cost","embeddable":true,"href":"https:\/\/dokmairwanda.com\/fr\/wp-json\/wp\/v2\/mwb_booking_cost?post=136"},{"taxonomy":"mwb_booking_service","embeddable":true,"href":"https:\/\/dokmairwanda.com\/fr\/wp-json\/wp\/v2\/mwb_booking_service?post=136"}],"curies":[{"name":"wp","href":"https:\/\/api.w.org\/{rel}","templated":true}]}}