{"id":137,"date":"2021-03-24T08:49:36","date_gmt":"2021-03-24T08:49:36","guid":{"rendered":"http:\/\/dokmai.paulwebdesign.rw\/?post_type=product&#038;p=137"},"modified":"2023-03-06T12:03:51","modified_gmt":"2023-03-06T10:03:51","slug":"king-lts-wallet","status":"publish","type":"product","link":"https:\/\/dokmairwanda.com\/fr\/produit\/king-lts-wallet\/","title":{"rendered":"Portefeuille King Lts"},"content":{"rendered":"<p><strong>Mat\u00e9riel<\/strong>: Cuir\/KITENGE<\/p>\n<p><strong>Taille:<\/strong> Bracelet de 7,8&quot; w\/4,7&quot; h\/1,5&quot; d 10&quot;<\/p>\n<p><strong>La description<\/strong>: Compartiments int\u00e9rieurs porte-cartes, poche int\u00e9rieure zipp\u00e9e, fermeture zipp\u00e9e.<\/p>","protected":false},"excerpt":{"rendered":"<p>Mat\u00e9riel : Cuir\/KITENGE Taille : 7.8&quot;w\/4.7&quot;h\/1.5&quot;d 10&quot; dragonne Description : Compartiments int\u00e9rieurs porte-cartes, poche int\u00e9rieure zipp\u00e9e, fermeture zipp\u00e9e.<\/p>","protected":false},"featured_media":201,"comment_status":"open","ping_status":"closed","template":"","meta":[],"product_brand":[],"product_cat":[48,27],"product_tag":[35],"mwb_booking_cost":[],"mwb_booking_service":[],"class_list":{"0":"post-137","1":"product","2":"type-product","3":"status-publish","4":"has-post-thumbnail","6":"product_cat-wallets-women","7":"product_cat-women","8":"product_tag-wallet","10":"first","11":"instock","12":"taxable","13":"shipping-taxable","14":"purchasable","15":"product-type-variable"},"_links":{"self":[{"href":"https:\/\/dokmairwanda.com\/fr\/wp-json\/wp\/v2\/product\/137","targetHints":{"allow":["GET"]}}],"collection":[{"href":"https:\/\/dokmairwanda.com\/fr\/wp-json\/wp\/v2\/product"}],"about":[{"href":"https:\/\/dokmairwanda.com\/fr\/wp-json\/wp\/v2\/types\/product"}],"replies":[{"embeddable":true,"href":"https:\/\/dokmairwanda.com\/fr\/wp-json\/wp\/v2\/comments?post=137"}],"wp:featuredmedia":[{"embeddable":true,"href":"https:\/\/dokmairwanda.com\/fr\/wp-json\/wp\/v2\/media\/201"}],"wp:attachment":[{"href":"https:\/\/dokmairwanda.com\/fr\/wp-json\/wp\/v2\/media?parent=137"}],"wp:term":[{"taxonomy":"product_brand","embeddable":true,"href":"https:\/\/dokmairwanda.com\/fr\/wp-json\/wp\/v2\/product_brand?post=137"},{"taxonomy":"product_cat","embeddable":true,"href":"https:\/\/dokmairwanda.com\/fr\/wp-json\/wp\/v2\/product_cat?post=137"},{"taxonomy":"product_tag","embeddable":true,"href":"https:\/\/dokmairwanda.com\/fr\/wp-json\/wp\/v2\/product_tag?post=137"},{"taxonomy":"mwb_booking_cost","embeddable":true,"href":"https:\/\/dokmairwanda.com\/fr\/wp-json\/wp\/v2\/mwb_booking_cost?post=137"},{"taxonomy":"mwb_booking_service","embeddable":true,"href":"https:\/\/dokmairwanda.com\/fr\/wp-json\/wp\/v2\/mwb_booking_service?post=137"}],"curies":[{"name":"wp","href":"https:\/\/api.w.org\/{rel}","templated":true}]}}