{"id":138,"date":"2021-03-24T08:49:36","date_gmt":"2021-03-24T08:49:36","guid":{"rendered":"http:\/\/dokmai.paulwebdesign.rw\/?post_type=product&#038;p=138"},"modified":"2023-02-17T17:14:50","modified_gmt":"2023-02-17T15:14:50","slug":"king-dots-kit-wallet","status":"publish","type":"product","link":"https:\/\/dokmairwanda.com\/fr\/produit\/king-dots-kit-wallet\/","title":{"rendered":"Portefeuille King Dots Kit"},"content":{"rendered":"<p><strong>Mat\u00e9riel<\/strong>: Cuir avec kitenge \u00e0 pois<\/p>\n<p>Les motifs du tissu de doublure en kitenge changent en fonction de la disponibilit\u00e9 du march\u00e9 local. Veuillez consulter \u00ab\u00a0Choix de tissus\u00a0\u00bb ci-dessous pour voir ce qui est actuellement disponible.<br \/>\n<strong>Taille<\/strong>: 7.8&quot;w\/4.7&quot;h\/1.5&quot;d , 10&quot; dragonne<br \/>\n<strong>La description<\/strong>: Compartiments int\u00e9rieurs porte-cartes, poche int\u00e9rieure zipp\u00e9e, fermeture zipp\u00e9e.<\/p>","protected":false},"excerpt":{"rendered":"<p>Mat\u00e9riau\u00a0: cuir avec kitenge \u00e0 pois. Les motifs du tissu de doublure Kitenge changent en fonction de la disponibilit\u00e9 sur le march\u00e9 local. Veuillez consulter \u00ab\u00a0Choix de tissus\u00a0\u00bb ci-dessous pour voir ce qui est actuellement disponible. Taille : 7,8&quot;l\/4,7&quot;h\/1,5&quot;d, dragonne 10&quot; Description : compartiments int\u00e9rieurs porte-cartes, poche int\u00e9rieure zipp\u00e9e, fermeture zipp\u00e9e.<\/p>","protected":false},"featured_media":204,"comment_status":"open","ping_status":"closed","template":"","meta":[],"product_brand":[],"product_cat":[48,27],"product_tag":[35],"mwb_booking_cost":[],"mwb_booking_service":[],"class_list":{"0":"post-138","1":"product","2":"type-product","3":"status-publish","4":"has-post-thumbnail","6":"product_cat-wallets-women","7":"product_cat-women","8":"product_tag-wallet","10":"first","11":"instock","12":"taxable","13":"shipping-taxable","14":"purchasable","15":"product-type-variable"},"_links":{"self":[{"href":"https:\/\/dokmairwanda.com\/fr\/wp-json\/wp\/v2\/product\/138","targetHints":{"allow":["GET"]}}],"collection":[{"href":"https:\/\/dokmairwanda.com\/fr\/wp-json\/wp\/v2\/product"}],"about":[{"href":"https:\/\/dokmairwanda.com\/fr\/wp-json\/wp\/v2\/types\/product"}],"replies":[{"embeddable":true,"href":"https:\/\/dokmairwanda.com\/fr\/wp-json\/wp\/v2\/comments?post=138"}],"wp:featuredmedia":[{"embeddable":true,"href":"https:\/\/dokmairwanda.com\/fr\/wp-json\/wp\/v2\/media\/204"}],"wp:attachment":[{"href":"https:\/\/dokmairwanda.com\/fr\/wp-json\/wp\/v2\/media?parent=138"}],"wp:term":[{"taxonomy":"product_brand","embeddable":true,"href":"https:\/\/dokmairwanda.com\/fr\/wp-json\/wp\/v2\/product_brand?post=138"},{"taxonomy":"product_cat","embeddable":true,"href":"https:\/\/dokmairwanda.com\/fr\/wp-json\/wp\/v2\/product_cat?post=138"},{"taxonomy":"product_tag","embeddable":true,"href":"https:\/\/dokmairwanda.com\/fr\/wp-json\/wp\/v2\/product_tag?post=138"},{"taxonomy":"mwb_booking_cost","embeddable":true,"href":"https:\/\/dokmairwanda.com\/fr\/wp-json\/wp\/v2\/mwb_booking_cost?post=138"},{"taxonomy":"mwb_booking_service","embeddable":true,"href":"https:\/\/dokmairwanda.com\/fr\/wp-json\/wp\/v2\/mwb_booking_service?post=138"}],"curies":[{"name":"wp","href":"https:\/\/api.w.org\/{rel}","templated":true}]}}