{"id":140,"date":"2021-03-24T10:49:37","date_gmt":"2021-03-24T08:49:37","guid":{"rendered":"http:\/\/dokmai.paulwebdesign.rw\/?post_type=product&#038;p=140"},"modified":"2023-06-06T13:22:55","modified_gmt":"2023-06-06T11:22:55","slug":"nina-card-holder","status":"publish","type":"product","link":"https:\/\/dokmairwanda.com\/fr\/produit\/nina-card-holder\/","title":{"rendered":"Porte-cartes Nina"},"content":{"rendered":"<p><strong>Mat\u00e9riel<\/strong>: Cuir<\/p>\n<p><strong>La description<\/strong>: portefeuille fin tress\u00e9 et porte-cartes de cr\u00e9dit. 3 emplacements pour cartes de cr\u00e9dit et 1 compartiment \u00e0 billets. facile d&#039;acc\u00e9der \u00e0 vos cartes et \u00e0 votre argent.<\/p>","protected":false},"excerpt":{"rendered":"<p>Mati\u00e8re : cuir Description : portefeuille fin tress\u00e9 et porte-cartes de cr\u00e9dit. 3 emplacements cartes de cr\u00e9dit et 1 compartiment billets. acc\u00e8s facile \u00e0 vos cartes et \u00e0 votre argent.<\/p>","protected":false},"featured_media":416,"comment_status":"open","ping_status":"closed","template":"","meta":[],"product_brand":[],"product_cat":[49,15],"product_tag":[50],"mwb_booking_cost":[],"mwb_booking_service":[],"class_list":{"0":"post-140","1":"product","2":"type-product","3":"status-publish","4":"has-post-thumbnail","6":"product_cat-card-holders","7":"product_cat-uncategorised","8":"product_tag-card-holder","10":"first","11":"instock","12":"taxable","13":"shipping-taxable","14":"purchasable","15":"product-type-variable"},"_links":{"self":[{"href":"https:\/\/dokmairwanda.com\/fr\/wp-json\/wp\/v2\/product\/140","targetHints":{"allow":["GET"]}}],"collection":[{"href":"https:\/\/dokmairwanda.com\/fr\/wp-json\/wp\/v2\/product"}],"about":[{"href":"https:\/\/dokmairwanda.com\/fr\/wp-json\/wp\/v2\/types\/product"}],"replies":[{"embeddable":true,"href":"https:\/\/dokmairwanda.com\/fr\/wp-json\/wp\/v2\/comments?post=140"}],"wp:featuredmedia":[{"embeddable":true,"href":"https:\/\/dokmairwanda.com\/fr\/wp-json\/wp\/v2\/media\/416"}],"wp:attachment":[{"href":"https:\/\/dokmairwanda.com\/fr\/wp-json\/wp\/v2\/media?parent=140"}],"wp:term":[{"taxonomy":"product_brand","embeddable":true,"href":"https:\/\/dokmairwanda.com\/fr\/wp-json\/wp\/v2\/product_brand?post=140"},{"taxonomy":"product_cat","embeddable":true,"href":"https:\/\/dokmairwanda.com\/fr\/wp-json\/wp\/v2\/product_cat?post=140"},{"taxonomy":"product_tag","embeddable":true,"href":"https:\/\/dokmairwanda.com\/fr\/wp-json\/wp\/v2\/product_tag?post=140"},{"taxonomy":"mwb_booking_cost","embeddable":true,"href":"https:\/\/dokmairwanda.com\/fr\/wp-json\/wp\/v2\/mwb_booking_cost?post=140"},{"taxonomy":"mwb_booking_service","embeddable":true,"href":"https:\/\/dokmairwanda.com\/fr\/wp-json\/wp\/v2\/mwb_booking_service?post=140"}],"curies":[{"name":"wp","href":"https:\/\/api.w.org\/{rel}","templated":true}]}}