{"id":1415,"date":"2023-03-06T17:13:44","date_gmt":"2023-03-06T15:13:44","guid":{"rendered":"https:\/\/dokmairwanda.com\/?post_type=product&#038;p=1415"},"modified":"2025-08-30T13:37:16","modified_gmt":"2025-08-30T11:37:16","slug":"beza-zero-waste","status":"publish","type":"product","link":"https:\/\/dokmairwanda.com\/fr\/produit\/beza-zero-waste\/","title":{"rendered":"Portefeuille Beza"},"content":{"rendered":"<p>Le portefeuille Beza est une d\u00e9claration audacieuse de mode responsable, fabriqu\u00e9 \u00e0 la main \u00e0 partir de lani\u00e8res de cuir haut de gamme et de chutes de tissus aux couleurs vives, autrement gaspill\u00e9es. Chaque portefeuille est une mosa\u00efque unique de textures et de couleurs, c\u00e9l\u00e9brant la cr\u00e9ativit\u00e9 rwandaise et son engagement environnemental.<\/p>\n<p><strong>Mat\u00e9riels<\/strong>: Des restes de cuir et de tissu recycl\u00e9s provenant de l&#039;atelier de Dokmai, donnant une nouvelle vie \u00e0 chaque pi\u00e8ce<\/p>\n<p><strong>Impact<\/strong>:R\u00e9duit les d\u00e9chets, soutient l&#039;emploi local et promeut la mode circulaire au Rwanda<\/p>","protected":false},"excerpt":{"rendered":"<p>Le portefeuille Beza est une d\u00e9claration audacieuse de mode responsable, fabriqu\u00e9 \u00e0 la main \u00e0 partir de lani\u00e8res de cuir haut de gamme et de chutes de tissus aux couleurs vives, autrement gaspill\u00e9es. Chaque portefeuille est une mosa\u00efque unique de textures et de couleurs, c\u00e9l\u00e9brant la cr\u00e9ativit\u00e9 rwandaise et son engagement environnemental.<\/p>","protected":false},"featured_media":1653,"comment_status":"closed","ping_status":"closed","template":"","meta":[],"product_brand":[],"product_cat":[48,27],"product_tag":[224,225],"mwb_booking_cost":[],"mwb_booking_service":[],"class_list":{"0":"post-1415","1":"product","2":"type-product","3":"status-publish","4":"has-post-thumbnail","6":"product_cat-wallets-women","7":"product_cat-women","8":"product_tag-belts","9":"product_tag-leather-belts","11":"first","12":"instock","13":"taxable","14":"shipping-taxable","15":"purchasable","16":"product-type-simple"},"_links":{"self":[{"href":"https:\/\/dokmairwanda.com\/fr\/wp-json\/wp\/v2\/product\/1415","targetHints":{"allow":["GET"]}}],"collection":[{"href":"https:\/\/dokmairwanda.com\/fr\/wp-json\/wp\/v2\/product"}],"about":[{"href":"https:\/\/dokmairwanda.com\/fr\/wp-json\/wp\/v2\/types\/product"}],"replies":[{"embeddable":true,"href":"https:\/\/dokmairwanda.com\/fr\/wp-json\/wp\/v2\/comments?post=1415"}],"wp:featuredmedia":[{"embeddable":true,"href":"https:\/\/dokmairwanda.com\/fr\/wp-json\/wp\/v2\/media\/1653"}],"wp:attachment":[{"href":"https:\/\/dokmairwanda.com\/fr\/wp-json\/wp\/v2\/media?parent=1415"}],"wp:term":[{"taxonomy":"product_brand","embeddable":true,"href":"https:\/\/dokmairwanda.com\/fr\/wp-json\/wp\/v2\/product_brand?post=1415"},{"taxonomy":"product_cat","embeddable":true,"href":"https:\/\/dokmairwanda.com\/fr\/wp-json\/wp\/v2\/product_cat?post=1415"},{"taxonomy":"product_tag","embeddable":true,"href":"https:\/\/dokmairwanda.com\/fr\/wp-json\/wp\/v2\/product_tag?post=1415"},{"taxonomy":"mwb_booking_cost","embeddable":true,"href":"https:\/\/dokmairwanda.com\/fr\/wp-json\/wp\/v2\/mwb_booking_cost?post=1415"},{"taxonomy":"mwb_booking_service","embeddable":true,"href":"https:\/\/dokmairwanda.com\/fr\/wp-json\/wp\/v2\/mwb_booking_service?post=1415"}],"curies":[{"name":"wp","href":"https:\/\/api.w.org\/{rel}","templated":true}]}}