{"id":1422,"date":"2023-03-06T20:33:38","date_gmt":"2023-03-06T18:33:38","guid":{"rendered":"https:\/\/dokmairwanda.com\/?post_type=product&#038;p=1422"},"modified":"2025-08-30T16:29:12","modified_gmt":"2025-08-30T14:29:12","slug":"keza-lts","status":"publish","type":"product","link":"https:\/\/dokmairwanda.com\/fr\/produit\/keza-lts\/","title":{"rendered":"KEZA \u2013 LTS"},"content":{"rendered":"<p><strong>Portefeuille KEZA \u2013 Une fonctionnalit\u00e9 \u00e9l\u00e9gante avec une \u00e2me vibrante<\/strong><br \/>\nFabriqu\u00e9 \u00e0 partir de cuir de premi\u00e8re qualit\u00e9 et doubl\u00e9 de couleurs vibrantes <em>kitenge<\/em> Fabriqu\u00e9 en tissu, le portefeuille KEZA allie design minimaliste et richesse culturelle. Sa silhouette compacte est dot\u00e9e d&#039;une fermeture zipp\u00e9e unique et d&#039;un int\u00e9rieur bien organis\u00e9 avec huit emplacements pour cartes de cr\u00e9dit, un compartiment pour les billets et une poche \u00e0 monnaie, parfaits pour les essentiels du quotidien.<\/p>\n<p>Chaque portefeuille est doubl\u00e9 de <em>kitenge<\/em> Les tissus et les motifs varient selon la disponibilit\u00e9 du march\u00e9 local, rendant chaque pi\u00e8ce unique. Pour d\u00e9couvrir les tissus disponibles, veuillez nous contacter pour obtenir les images disponibles.<\/p>\n<p><strong>Mat\u00e9riels:<\/strong> Cuir \/ <em>Kitenge<\/em><br \/>\n<strong>Taille:<\/strong> 7 po L \u00d7 4 po H \u00d7 1,5 po P<br \/>\n<strong>Couleurs disponibles :<\/strong> Gris fonc\u00e9, marron, noir, bleu marine, beige, rouge, turquoise<\/p>\n<p>&nbsp;<\/p>\n<p>&nbsp;<\/p>","protected":false},"excerpt":{"rendered":"<p><strong>Portefeuille KEZA \u2013 Une fonctionnalit\u00e9 \u00e9l\u00e9gante avec une \u00e2me vibrante<\/strong><br \/>\nFabriqu\u00e9 \u00e0 partir de cuir de premi\u00e8re qualit\u00e9 et doubl\u00e9 de couleurs vibrantes <em>kitenge<\/em> Fabriqu\u00e9 en tissu, le portefeuille KEZA allie design minimaliste et richesse culturelle. Sa silhouette compacte est dot\u00e9e d&#039;une fermeture zipp\u00e9e unique et d&#039;un int\u00e9rieur bien organis\u00e9 avec huit emplacements pour cartes de cr\u00e9dit, un compartiment pour les billets et une poche \u00e0 monnaie, parfaits pour les essentiels du quotidien.<\/p>","protected":false},"featured_media":1662,"comment_status":"closed","ping_status":"closed","template":"","meta":[],"product_brand":[],"product_cat":[48,27],"product_tag":[],"mwb_booking_cost":[],"mwb_booking_service":[],"class_list":{"0":"post-1422","1":"product","2":"type-product","3":"status-publish","4":"has-post-thumbnail","6":"product_cat-wallets-women","7":"product_cat-women","9":"first","10":"instock","11":"sold-individually","12":"taxable","13":"shipping-taxable","14":"purchasable","15":"product-type-simple"},"_links":{"self":[{"href":"https:\/\/dokmairwanda.com\/fr\/wp-json\/wp\/v2\/product\/1422","targetHints":{"allow":["GET"]}}],"collection":[{"href":"https:\/\/dokmairwanda.com\/fr\/wp-json\/wp\/v2\/product"}],"about":[{"href":"https:\/\/dokmairwanda.com\/fr\/wp-json\/wp\/v2\/types\/product"}],"replies":[{"embeddable":true,"href":"https:\/\/dokmairwanda.com\/fr\/wp-json\/wp\/v2\/comments?post=1422"}],"wp:featuredmedia":[{"embeddable":true,"href":"https:\/\/dokmairwanda.com\/fr\/wp-json\/wp\/v2\/media\/1662"}],"wp:attachment":[{"href":"https:\/\/dokmairwanda.com\/fr\/wp-json\/wp\/v2\/media?parent=1422"}],"wp:term":[{"taxonomy":"product_brand","embeddable":true,"href":"https:\/\/dokmairwanda.com\/fr\/wp-json\/wp\/v2\/product_brand?post=1422"},{"taxonomy":"product_cat","embeddable":true,"href":"https:\/\/dokmairwanda.com\/fr\/wp-json\/wp\/v2\/product_cat?post=1422"},{"taxonomy":"product_tag","embeddable":true,"href":"https:\/\/dokmairwanda.com\/fr\/wp-json\/wp\/v2\/product_tag?post=1422"},{"taxonomy":"mwb_booking_cost","embeddable":true,"href":"https:\/\/dokmairwanda.com\/fr\/wp-json\/wp\/v2\/mwb_booking_cost?post=1422"},{"taxonomy":"mwb_booking_service","embeddable":true,"href":"https:\/\/dokmairwanda.com\/fr\/wp-json\/wp\/v2\/mwb_booking_service?post=1422"}],"curies":[{"name":"wp","href":"https:\/\/api.w.org\/{rel}","templated":true}]}}