{"id":1514,"date":"2024-05-14T15:22:45","date_gmt":"2024-05-14T13:22:45","guid":{"rendered":"https:\/\/dokmairwanda.com\/?post_type=product&#038;p=1514"},"modified":"2025-08-30T15:32:22","modified_gmt":"2025-08-30T13:32:22","slug":"group-training","status":"publish","type":"product","link":"https:\/\/dokmairwanda.com\/fr\/produit\/group-training\/","title":{"rendered":"Formation de couture en groupe"},"content":{"rendered":"<p><strong>Rejoignez notre club de couture \u2013 L\u00e0 o\u00f9 la cr\u00e9ativit\u00e9 rencontre la communaut\u00e9<\/strong><br \/>\nQue vous enfiliez votre premi\u00e8re aiguille ou que vous ma\u00eetrisiez des techniques complexes, notre club de couture est un espace accueillant pour tous les niveaux. Nous nous r\u00e9unissons pour partager des id\u00e9es, acqu\u00e9rir de nouvelles comp\u00e9tences et c\u00e9l\u00e9brer le plaisir de cr\u00e9er ensemble. Des rencontres informelles aux cours structur\u00e9s, nous favorisons un environnement propice \u00e0 la cr\u00e9ativit\u00e9 et aux amiti\u00e9s.<\/p>\n<p>Vous souhaitez nous rejoindre ou en savoir plus sur nos prochaines sessions\u00a0? N&#039;h\u00e9sitez pas \u00e0 nous contacter et cr\u00e9ons ensemble un projet magnifique.<\/p>","protected":false},"excerpt":{"rendered":"<p>Notre club de couture est un espace o\u00f9 les gens se r\u00e9unissent et partagent leur amour de l&#039;artisanat. Nous accueillons tous les niveaux de comp\u00e9tences et croyons en la n\u00e9cessit\u00e9 de favoriser une communaut\u00e9 solidaire. Si vous souhaitez rejoindre notre club de couture ou souhaitez en savoir plus sur nos cours, n&#039;h\u00e9sitez pas \u00e0 nous contacter.<\/p>","protected":false},"featured_media":471,"comment_status":"closed","ping_status":"closed","template":"","meta":[],"product_brand":[],"product_cat":[237],"product_tag":[],"mwb_booking_cost":[],"mwb_booking_service":[],"class_list":{"0":"post-1514","1":"product","2":"type-product","3":"status-publish","4":"has-post-thumbnail","6":"product_cat-booking","8":"first","9":"instock","10":"virtual","11":"sold-individually","12":"taxable","13":"purchasable","14":"product-type-simple"},"_links":{"self":[{"href":"https:\/\/dokmairwanda.com\/fr\/wp-json\/wp\/v2\/product\/1514","targetHints":{"allow":["GET"]}}],"collection":[{"href":"https:\/\/dokmairwanda.com\/fr\/wp-json\/wp\/v2\/product"}],"about":[{"href":"https:\/\/dokmairwanda.com\/fr\/wp-json\/wp\/v2\/types\/product"}],"replies":[{"embeddable":true,"href":"https:\/\/dokmairwanda.com\/fr\/wp-json\/wp\/v2\/comments?post=1514"}],"wp:featuredmedia":[{"embeddable":true,"href":"https:\/\/dokmairwanda.com\/fr\/wp-json\/wp\/v2\/media\/471"}],"wp:attachment":[{"href":"https:\/\/dokmairwanda.com\/fr\/wp-json\/wp\/v2\/media?parent=1514"}],"wp:term":[{"taxonomy":"product_brand","embeddable":true,"href":"https:\/\/dokmairwanda.com\/fr\/wp-json\/wp\/v2\/product_brand?post=1514"},{"taxonomy":"product_cat","embeddable":true,"href":"https:\/\/dokmairwanda.com\/fr\/wp-json\/wp\/v2\/product_cat?post=1514"},{"taxonomy":"product_tag","embeddable":true,"href":"https:\/\/dokmairwanda.com\/fr\/wp-json\/wp\/v2\/product_tag?post=1514"},{"taxonomy":"mwb_booking_cost","embeddable":true,"href":"https:\/\/dokmairwanda.com\/fr\/wp-json\/wp\/v2\/mwb_booking_cost?post=1514"},{"taxonomy":"mwb_booking_service","embeddable":true,"href":"https:\/\/dokmairwanda.com\/fr\/wp-json\/wp\/v2\/mwb_booking_service?post=1514"}],"curies":[{"name":"wp","href":"https:\/\/api.w.org\/{rel}","templated":true}]}}