{"id":159,"date":"2021-03-24T10:50:38","date_gmt":"2021-03-24T08:50:38","guid":{"rendered":"http:\/\/dokmai.paulwebdesign.rw\/?post_type=product&#038;p=159"},"modified":"2023-02-20T12:08:50","modified_gmt":"2023-02-20T10:08:50","slug":"nema-coin-purse","status":"publish","type":"product","link":"https:\/\/dokmairwanda.com\/fr\/produit\/nema-coin-purse\/","title":{"rendered":"Porte-monnaie NEMA"},"content":{"rendered":"<p><strong>Mat\u00e9riel<\/strong>: Cuir\/kitenge<\/p>\n<p>Taille: <b>5,5&quot; de large\/2,5&quot; de hauteur\/1,5&quot; de profondeur<\/b><\/p>\n<p>Description : Fabriqu\u00e9 \u00e0 partir de cuir de haute qualit\u00e9. Id\u00e9al pour organiser votre facture, vos cartes et autres petits objets. Doublure en kitenge et fermeture zipp\u00e9e.<\/p>","protected":false},"excerpt":{"rendered":"<p>Mat\u00e9riau : Cuir\/kitenge Taille : 5,5&quot; l\/2,5&quot; h\/1,5&quot; p Description : Fabriqu\u00e9 \u00e0 partir de cuir de haute qualit\u00e9. Id\u00e9al pour organiser votre facture, vos cartes et autres petits objets. Doublure Kitenge et fermeture zipp\u00e9e.<\/p>","protected":false},"featured_media":413,"comment_status":"open","ping_status":"closed","template":"","meta":[],"product_brand":[],"product_cat":[15,27],"product_tag":[52],"mwb_booking_cost":[],"mwb_booking_service":[],"class_list":{"0":"post-159","1":"product","2":"type-product","3":"status-publish","4":"has-post-thumbnail","6":"product_cat-uncategorised","7":"product_cat-women","8":"product_tag-coin-purse","10":"first","11":"instock","12":"taxable","13":"shipping-taxable","14":"purchasable","15":"product-type-variable"},"_links":{"self":[{"href":"https:\/\/dokmairwanda.com\/fr\/wp-json\/wp\/v2\/product\/159","targetHints":{"allow":["GET"]}}],"collection":[{"href":"https:\/\/dokmairwanda.com\/fr\/wp-json\/wp\/v2\/product"}],"about":[{"href":"https:\/\/dokmairwanda.com\/fr\/wp-json\/wp\/v2\/types\/product"}],"replies":[{"embeddable":true,"href":"https:\/\/dokmairwanda.com\/fr\/wp-json\/wp\/v2\/comments?post=159"}],"wp:featuredmedia":[{"embeddable":true,"href":"https:\/\/dokmairwanda.com\/fr\/wp-json\/wp\/v2\/media\/413"}],"wp:attachment":[{"href":"https:\/\/dokmairwanda.com\/fr\/wp-json\/wp\/v2\/media?parent=159"}],"wp:term":[{"taxonomy":"product_brand","embeddable":true,"href":"https:\/\/dokmairwanda.com\/fr\/wp-json\/wp\/v2\/product_brand?post=159"},{"taxonomy":"product_cat","embeddable":true,"href":"https:\/\/dokmairwanda.com\/fr\/wp-json\/wp\/v2\/product_cat?post=159"},{"taxonomy":"product_tag","embeddable":true,"href":"https:\/\/dokmairwanda.com\/fr\/wp-json\/wp\/v2\/product_tag?post=159"},{"taxonomy":"mwb_booking_cost","embeddable":true,"href":"https:\/\/dokmairwanda.com\/fr\/wp-json\/wp\/v2\/mwb_booking_cost?post=159"},{"taxonomy":"mwb_booking_service","embeddable":true,"href":"https:\/\/dokmairwanda.com\/fr\/wp-json\/wp\/v2\/mwb_booking_service?post=159"}],"curies":[{"name":"wp","href":"https:\/\/api.w.org\/{rel}","templated":true}]}}