{"id":160,"date":"2021-03-24T10:50:39","date_gmt":"2021-03-24T08:50:39","guid":{"rendered":"http:\/\/dokmai.paulwebdesign.rw\/?post_type=product&#038;p=160"},"modified":"2023-03-06T16:25:47","modified_gmt":"2023-03-06T14:25:47","slug":"zuri-makeup-pouch","status":"publish","type":"product","link":"https:\/\/dokmairwanda.com\/fr\/produit\/zuri-makeup-pouch\/","title":{"rendered":"Trousse de maquillage Zuri"},"content":{"rendered":"<p>Mat\u00e9riel: <b>cuir<\/b><b> \/<\/b><b>kitenge<\/b><\/p>\n<p>Taille: <b>6,7\u00a0l\/4,5\u00a0po\u00a0h\/2,4\u00a0po de profondeur<\/b><\/p>\n<p><strong>La description:<\/strong> Fabriqu\u00e9 \u00e0 partir de cuir de haute qualit\u00e9, doublure avec un tissu color\u00e9. Fermeture zipp\u00e9e, finition pompon. Existe en deux tailles.<\/p>","protected":false},"excerpt":{"rendered":"<p>Mat\u00e9riau : cuir \/ kitenge Taille : 6,7w\/4,5&quot;h\/2,4&quot;d Description : Fabriqu\u00e9 \u00e0 partir de cuir de haute qualit\u00e9, doublure avec un tissu color\u00e9. Fermeture zipp\u00e9e, finition pompon. Existe en deux tailles.<\/p>","protected":false},"featured_media":1407,"comment_status":"closed","ping_status":"closed","template":"","meta":[],"product_brand":[],"product_cat":[27,94],"product_tag":[53],"mwb_booking_cost":[],"mwb_booking_service":[],"class_list":{"0":"post-160","1":"product","2":"type-product","3":"status-publish","4":"has-post-thumbnail","6":"product_cat-women","7":"product_cat-toiletry-bags-women","8":"product_tag-makeup-pouch","10":"first","11":"instock","12":"taxable","13":"shipping-taxable","14":"purchasable","15":"product-type-variable"},"_links":{"self":[{"href":"https:\/\/dokmairwanda.com\/fr\/wp-json\/wp\/v2\/product\/160","targetHints":{"allow":["GET"]}}],"collection":[{"href":"https:\/\/dokmairwanda.com\/fr\/wp-json\/wp\/v2\/product"}],"about":[{"href":"https:\/\/dokmairwanda.com\/fr\/wp-json\/wp\/v2\/types\/product"}],"replies":[{"embeddable":true,"href":"https:\/\/dokmairwanda.com\/fr\/wp-json\/wp\/v2\/comments?post=160"}],"wp:featuredmedia":[{"embeddable":true,"href":"https:\/\/dokmairwanda.com\/fr\/wp-json\/wp\/v2\/media\/1407"}],"wp:attachment":[{"href":"https:\/\/dokmairwanda.com\/fr\/wp-json\/wp\/v2\/media?parent=160"}],"wp:term":[{"taxonomy":"product_brand","embeddable":true,"href":"https:\/\/dokmairwanda.com\/fr\/wp-json\/wp\/v2\/product_brand?post=160"},{"taxonomy":"product_cat","embeddable":true,"href":"https:\/\/dokmairwanda.com\/fr\/wp-json\/wp\/v2\/product_cat?post=160"},{"taxonomy":"product_tag","embeddable":true,"href":"https:\/\/dokmairwanda.com\/fr\/wp-json\/wp\/v2\/product_tag?post=160"},{"taxonomy":"mwb_booking_cost","embeddable":true,"href":"https:\/\/dokmairwanda.com\/fr\/wp-json\/wp\/v2\/mwb_booking_cost?post=160"},{"taxonomy":"mwb_booking_service","embeddable":true,"href":"https:\/\/dokmairwanda.com\/fr\/wp-json\/wp\/v2\/mwb_booking_service?post=160"}],"curies":[{"name":"wp","href":"https:\/\/api.w.org\/{rel}","templated":true}]}}