{"id":1650,"date":"2025-08-31T14:28:40","date_gmt":"2025-08-31T12:28:40","guid":{"rendered":"https:\/\/dokmairwanda.com\/?post_type=product&#038;p=1650"},"modified":"2025-09-03T12:40:59","modified_gmt":"2025-09-03T10:40:59","slug":"beza-tote-bag","status":"publish","type":"product","link":"https:\/\/dokmairwanda.com\/fr\/produit\/beza-tote-bag\/","title":{"rendered":"Sac fourre-tout BEZA"},"content":{"rendered":"<p>Le portefeuille Beza est une d\u00e9claration audacieuse de mode responsable, fabriqu\u00e9 \u00e0 la main \u00e0 partir de lani\u00e8res de cuir haut de gamme et de chutes de tissus aux couleurs vives, autrement gaspill\u00e9es. Chaque sac est une mosa\u00efque unique de textures et de couleurs, c\u00e9l\u00e9brant la cr\u00e9ativit\u00e9 rwandaise et son engagement environnemental.<\/p>\n<ul>\n<li><strong>Conception<\/strong>:Spacieux et structur\u00e9 avec des poign\u00e9es renforc\u00e9es, des poches int\u00e9rieures et une fermeture magn\u00e9tique, parfait pour le travail, les voyages ou les courses quotidiennes.<\/li>\n<li><strong>Mat\u00e9riels<\/strong>: Restes de cuir et de tissu recycl\u00e9s provenant de l&#039;atelier de Dokmai, donnant une nouvelle vie \u00e0 chaque pi\u00e8ce.<\/li>\n<li><strong>Artisanat<\/strong>:Assembl\u00e9 avec amour par des artisans qualifi\u00e9s, chaque sac fourre-tout refl\u00e8te l&#039;esprit du design \u00ab paix par pi\u00e8ce \u00bb.<\/li>\n<\/ul>\n<p><strong>Impact<\/strong>:R\u00e9duit les d\u00e9chets, soutient l&#039;emploi local et promeut la mode circulaire au Rwanda<\/p>","protected":false},"excerpt":{"rendered":"<p>Le cabas Beza incarne une mode responsable et audacieuse, fabriqu\u00e9 \u00e0 la main \u00e0 partir de lani\u00e8res de cuir haut de gamme et de chutes de tissus aux couleurs vives, autrement gaspill\u00e9es. Chaque sac est une mosa\u00efque unique de textures et de couleurs, c\u00e9l\u00e9brant la cr\u00e9ativit\u00e9 rwandaise et son engagement environnemental.<\/p>","protected":false},"featured_media":1668,"comment_status":"closed","ping_status":"closed","template":"","meta":[],"product_brand":[],"product_cat":[28,15],"product_tag":[],"mwb_booking_cost":[],"mwb_booking_service":[],"class_list":{"0":"post-1650","1":"product","2":"type-product","3":"status-publish","4":"has-post-thumbnail","6":"product_cat-handbags-women","7":"product_cat-uncategorised","9":"first","10":"instock","11":"taxable","12":"shipping-taxable","13":"purchasable","14":"product-type-simple"},"_links":{"self":[{"href":"https:\/\/dokmairwanda.com\/fr\/wp-json\/wp\/v2\/product\/1650","targetHints":{"allow":["GET"]}}],"collection":[{"href":"https:\/\/dokmairwanda.com\/fr\/wp-json\/wp\/v2\/product"}],"about":[{"href":"https:\/\/dokmairwanda.com\/fr\/wp-json\/wp\/v2\/types\/product"}],"replies":[{"embeddable":true,"href":"https:\/\/dokmairwanda.com\/fr\/wp-json\/wp\/v2\/comments?post=1650"}],"wp:featuredmedia":[{"embeddable":true,"href":"https:\/\/dokmairwanda.com\/fr\/wp-json\/wp\/v2\/media\/1668"}],"wp:attachment":[{"href":"https:\/\/dokmairwanda.com\/fr\/wp-json\/wp\/v2\/media?parent=1650"}],"wp:term":[{"taxonomy":"product_brand","embeddable":true,"href":"https:\/\/dokmairwanda.com\/fr\/wp-json\/wp\/v2\/product_brand?post=1650"},{"taxonomy":"product_cat","embeddable":true,"href":"https:\/\/dokmairwanda.com\/fr\/wp-json\/wp\/v2\/product_cat?post=1650"},{"taxonomy":"product_tag","embeddable":true,"href":"https:\/\/dokmairwanda.com\/fr\/wp-json\/wp\/v2\/product_tag?post=1650"},{"taxonomy":"mwb_booking_cost","embeddable":true,"href":"https:\/\/dokmairwanda.com\/fr\/wp-json\/wp\/v2\/mwb_booking_cost?post=1650"},{"taxonomy":"mwb_booking_service","embeddable":true,"href":"https:\/\/dokmairwanda.com\/fr\/wp-json\/wp\/v2\/mwb_booking_service?post=1650"}],"curies":[{"name":"wp","href":"https:\/\/api.w.org\/{rel}","templated":true}]}}