{"id":32,"date":"2021-03-24T08:45:55","date_gmt":"2021-03-24T08:45:55","guid":{"rendered":"http:\/\/dokmai.paulwebdesign.rw\/?post_type=product&#038;p=32"},"modified":"2023-03-06T11:35:22","modified_gmt":"2023-03-06T09:35:22","slug":"tembo-messenger-bag","status":"publish","type":"product","link":"https:\/\/dokmairwanda.com\/fr\/produit\/tembo-messenger-bag\/","title":{"rendered":"Sacoche Tembo"},"content":{"rendered":"<p><strong>Mat\u00e9riel:<\/strong> cuir avec kitenge<\/p>\n<p>Les motifs du tissu de doublure en kitenge changent en fonction de la disponibilit\u00e9 du march\u00e9 local. Veuillez consulter \u00ab\u00a0Choix de tissus\u00a0\u00bb ci-dessous pour voir ce qui est actuellement disponible.<br \/>\n<strong>Taille:<\/strong> Sangle r\u00e9glable 13\u2033, 70\u2033<br \/>\n<strong>La description:<\/strong> poche avant et arri\u00e8re<br \/>\nS\u00e9parateur pour ordinateur portable\/fermeture \u00e9clair int\u00e9rieure et poche pour smartphone, fermeture \u00e0 bouton-pression magn\u00e9tique<\/p>","protected":false},"excerpt":{"rendered":"<p>Mat\u00e9riau\u00a0: cuir avec kitenge. Les motifs du tissu de doublure Kitenge changent en fonction de la disponibilit\u00e9 du march\u00e9 local. Veuillez consulter les \u00ab\u00a0Choix de tissus\u00a0\u00bb ci-dessous pour voir ce qui est actuellement disponible. Taille : 13\u2033, 70\u2033 sangle r\u00e9glable Description : poche avant et arri\u00e8re S\u00e9parateur pour ordinateur portable\/fermeture \u00e9clair int\u00e9rieure et poche pour smartphone, fermeture \u00e0 bouton-pression magn\u00e9tique<\/p>","protected":false},"featured_media":62,"comment_status":"open","ping_status":"closed","template":"","meta":[],"product_brand":[],"product_cat":[97,19],"product_tag":[21],"mwb_booking_cost":[],"mwb_booking_service":[],"class_list":{"0":"post-32","1":"product","2":"type-product","3":"status-publish","4":"has-post-thumbnail","6":"product_cat-laptop-bags","7":"product_cat-men","8":"product_tag-messenger-bag","10":"first","11":"instock","12":"featured","13":"taxable","14":"shipping-taxable","15":"purchasable","16":"product-type-variable"},"_links":{"self":[{"href":"https:\/\/dokmairwanda.com\/fr\/wp-json\/wp\/v2\/product\/32","targetHints":{"allow":["GET"]}}],"collection":[{"href":"https:\/\/dokmairwanda.com\/fr\/wp-json\/wp\/v2\/product"}],"about":[{"href":"https:\/\/dokmairwanda.com\/fr\/wp-json\/wp\/v2\/types\/product"}],"replies":[{"embeddable":true,"href":"https:\/\/dokmairwanda.com\/fr\/wp-json\/wp\/v2\/comments?post=32"}],"wp:featuredmedia":[{"embeddable":true,"href":"https:\/\/dokmairwanda.com\/fr\/wp-json\/wp\/v2\/media\/62"}],"wp:attachment":[{"href":"https:\/\/dokmairwanda.com\/fr\/wp-json\/wp\/v2\/media?parent=32"}],"wp:term":[{"taxonomy":"product_brand","embeddable":true,"href":"https:\/\/dokmairwanda.com\/fr\/wp-json\/wp\/v2\/product_brand?post=32"},{"taxonomy":"product_cat","embeddable":true,"href":"https:\/\/dokmairwanda.com\/fr\/wp-json\/wp\/v2\/product_cat?post=32"},{"taxonomy":"product_tag","embeddable":true,"href":"https:\/\/dokmairwanda.com\/fr\/wp-json\/wp\/v2\/product_tag?post=32"},{"taxonomy":"mwb_booking_cost","embeddable":true,"href":"https:\/\/dokmairwanda.com\/fr\/wp-json\/wp\/v2\/mwb_booking_cost?post=32"},{"taxonomy":"mwb_booking_service","embeddable":true,"href":"https:\/\/dokmairwanda.com\/fr\/wp-json\/wp\/v2\/mwb_booking_service?post=32"}],"curies":[{"name":"wp","href":"https:\/\/api.w.org\/{rel}","templated":true}]}}