{"id":33,"date":"2021-03-24T08:45:55","date_gmt":"2021-03-24T08:45:55","guid":{"rendered":"http:\/\/dokmai.paulwebdesign.rw\/?post_type=product&#038;p=33"},"modified":"2023-03-07T20:13:23","modified_gmt":"2023-03-07T18:13:23","slug":"stu-bag","status":"publish","type":"product","link":"https:\/\/dokmairwanda.com\/fr\/produit\/stu-bag\/","title":{"rendered":"Sac Stu"},"content":{"rendered":"<p><strong>Mat\u00e9riel:<\/strong> cuir avec kitenge<\/p>\n<p>Les motifs du tissu de doublure en kitenge changent en fonction de la disponibilit\u00e9 du march\u00e9 local. Veuillez consulter \u00ab\u00a0Choix de tissus\u00a0\u00bb ci-dessous pour voir ce qui est actuellement disponible.<br \/>\n<strong>Taille:<\/strong> 14,9&quot;L\/11,4&quot;H\/5,9&quot; W, poign\u00e9e et longue sangle r\u00e9glable<br \/>\n<strong>La description:\u00a0<\/strong>Sac multifonctionnel qui s&#039;adaptera \u00e0 votre style de vie urbain, pratique pour transporter et prot\u00e9ger votre ordinateur portable, votre appareil photo et organiser tout votre \u00e9quipement Poche avant et lat\u00e9rale pour acc\u00e9der facilement \u00e0 votre smartphone et vos lunettes<\/p>","protected":false},"excerpt":{"rendered":"<p>Material: leather w\/kitenge Kitenge lining fabric patterns change depending on local market availability. Please see \u2018Fabric choices\u2019 below to see what is currently available. Size: 14.9\u201dL\/11.4\u201dH\/5.9&#8243; W, handle and long adjustable strap Description:\u00a0Multi-functional bag who will keek up with your urban lifestyle, practical to carry and protect \u00a0your laptop, camera and organize all your gear [&#8230;]\n","protected":false},"featured_media":65,"comment_status":"open","ping_status":"closed","template":"","meta":[],"product_brand":[],"product_cat":[97,19],"product_tag":[21],"mwb_booking_cost":[],"mwb_booking_service":[],"class_list":{"0":"post-33","1":"product","2":"type-product","3":"status-publish","4":"has-post-thumbnail","6":"product_cat-laptop-bags","7":"product_cat-men","8":"product_tag-messenger-bag","10":"first","11":"instock","12":"taxable","13":"shipping-taxable","14":"purchasable","15":"product-type-variable"},"_links":{"self":[{"href":"https:\/\/dokmairwanda.com\/fr\/wp-json\/wp\/v2\/product\/33","targetHints":{"allow":["GET"]}}],"collection":[{"href":"https:\/\/dokmairwanda.com\/fr\/wp-json\/wp\/v2\/product"}],"about":[{"href":"https:\/\/dokmairwanda.com\/fr\/wp-json\/wp\/v2\/types\/product"}],"replies":[{"embeddable":true,"href":"https:\/\/dokmairwanda.com\/fr\/wp-json\/wp\/v2\/comments?post=33"}],"wp:featuredmedia":[{"embeddable":true,"href":"https:\/\/dokmairwanda.com\/fr\/wp-json\/wp\/v2\/media\/65"}],"wp:attachment":[{"href":"https:\/\/dokmairwanda.com\/fr\/wp-json\/wp\/v2\/media?parent=33"}],"wp:term":[{"taxonomy":"product_brand","embeddable":true,"href":"https:\/\/dokmairwanda.com\/fr\/wp-json\/wp\/v2\/product_brand?post=33"},{"taxonomy":"product_cat","embeddable":true,"href":"https:\/\/dokmairwanda.com\/fr\/wp-json\/wp\/v2\/product_cat?post=33"},{"taxonomy":"product_tag","embeddable":true,"href":"https:\/\/dokmairwanda.com\/fr\/wp-json\/wp\/v2\/product_tag?post=33"},{"taxonomy":"mwb_booking_cost","embeddable":true,"href":"https:\/\/dokmairwanda.com\/fr\/wp-json\/wp\/v2\/mwb_booking_cost?post=33"},{"taxonomy":"mwb_booking_service","embeddable":true,"href":"https:\/\/dokmairwanda.com\/fr\/wp-json\/wp\/v2\/mwb_booking_service?post=33"}],"curies":[{"name":"wp","href":"https:\/\/api.w.org\/{rel}","templated":true}]}}