{"id":345,"date":"2021-04-06T11:22:29","date_gmt":"2021-04-06T09:22:29","guid":{"rendered":"http:\/\/dokmai.paulwebdesign.rw\/?post_type=product&#038;p=345"},"modified":"2023-03-06T11:41:52","modified_gmt":"2023-03-06T09:41:52","slug":"huye-large-handbag","status":"publish","type":"product","link":"https:\/\/dokmairwanda.com\/fr\/produit\/huye-large-handbag\/","title":{"rendered":"Grand sac \u00e0 main Huye"},"content":{"rendered":"<p><strong>Mat\u00e9riel<\/strong>: Cuir avec kitenge<\/p>\n<p>Sangles fixes de 23&quot;, sangle r\u00e9glable de 60&quot;<\/p>\n<p><strong>D\u00e9tails int\u00e9rieurs :<\/strong> Poche int\u00e9rieure zipp\u00e9e, Poche pour smartphone, Emplacements pour cartes de visite<\/p>\n<p><strong>D\u00e9tails ext\u00e9rieurs :<\/strong> Sangle courte et longue r\u00e9glable. pieds en bas.<\/p>\n<p><strong>Description du mat\u00e9riel:<\/strong><\/p>\n<p>Les articles de Dokmai sont fabriqu\u00e9s \u00e0 partir de cuir de haute qualit\u00e9 r\u00e9pondant \u00e0 la norme europ\u00e9enne (REACH) associ\u00e9 \u00e0 un tissu en coton imprim\u00e9 refl\u00e9tant la joie de vivre rwandaise.<\/p>","protected":false},"excerpt":{"rendered":"<p>Mat\u00e9riau : Cuir avec sangles fixes kitenge 23&quot;, sangle r\u00e9glable 60&quot; D\u00e9tails int\u00e9rieurs : Poche int\u00e9rieure zipp\u00e9e, Poche pour smartphone, Emplacements pour cartes de visite D\u00e9tails ext\u00e9rieurs : sangle courte et longue r\u00e9glable. pieds en bas. Description du mat\u00e9riau : les articles Dokmai sont fabriqu\u00e9s \u00e0 partir de cuir de haute qualit\u00e9 r\u00e9pondant \u00e0 la norme europ\u00e9enne (REACH) associ\u00e9 \u00e0 un tissu en coton imprim\u00e9 refl\u00e9tant la joie de vivre rwandaise.<\/p>","protected":false},"featured_media":369,"comment_status":"open","ping_status":"closed","template":"","meta":[],"product_brand":[],"product_cat":[27,28],"product_tag":[24],"mwb_booking_cost":[],"mwb_booking_service":[],"class_list":{"0":"post-345","1":"product","2":"type-product","3":"status-publish","4":"has-post-thumbnail","6":"product_cat-women","7":"product_cat-handbags-women","8":"product_tag-workbag","10":"first","11":"instock","12":"taxable","13":"shipping-taxable","14":"purchasable","15":"product-type-simple"},"_links":{"self":[{"href":"https:\/\/dokmairwanda.com\/fr\/wp-json\/wp\/v2\/product\/345","targetHints":{"allow":["GET"]}}],"collection":[{"href":"https:\/\/dokmairwanda.com\/fr\/wp-json\/wp\/v2\/product"}],"about":[{"href":"https:\/\/dokmairwanda.com\/fr\/wp-json\/wp\/v2\/types\/product"}],"replies":[{"embeddable":true,"href":"https:\/\/dokmairwanda.com\/fr\/wp-json\/wp\/v2\/comments?post=345"}],"wp:featuredmedia":[{"embeddable":true,"href":"https:\/\/dokmairwanda.com\/fr\/wp-json\/wp\/v2\/media\/369"}],"wp:attachment":[{"href":"https:\/\/dokmairwanda.com\/fr\/wp-json\/wp\/v2\/media?parent=345"}],"wp:term":[{"taxonomy":"product_brand","embeddable":true,"href":"https:\/\/dokmairwanda.com\/fr\/wp-json\/wp\/v2\/product_brand?post=345"},{"taxonomy":"product_cat","embeddable":true,"href":"https:\/\/dokmairwanda.com\/fr\/wp-json\/wp\/v2\/product_cat?post=345"},{"taxonomy":"product_tag","embeddable":true,"href":"https:\/\/dokmairwanda.com\/fr\/wp-json\/wp\/v2\/product_tag?post=345"},{"taxonomy":"mwb_booking_cost","embeddable":true,"href":"https:\/\/dokmairwanda.com\/fr\/wp-json\/wp\/v2\/mwb_booking_cost?post=345"},{"taxonomy":"mwb_booking_service","embeddable":true,"href":"https:\/\/dokmairwanda.com\/fr\/wp-json\/wp\/v2\/mwb_booking_service?post=345"}],"curies":[{"name":"wp","href":"https:\/\/api.w.org\/{rel}","templated":true}]}}