{"id":348,"date":"2021-04-06T11:22:30","date_gmt":"2021-04-06T09:22:30","guid":{"rendered":"http:\/\/dokmai.paulwebdesign.rw\/?post_type=product&#038;p=348"},"modified":"2023-03-06T11:43:23","modified_gmt":"2023-03-06T09:43:23","slug":"isaro","status":"publish","type":"product","link":"https:\/\/dokmairwanda.com\/fr\/produit\/isaro\/","title":{"rendered":"Isaro"},"content":{"rendered":"<p>DESCRIPTION : Sac banane en cuir enti\u00e8rement fait main en cuir de vachette pleine fleur.<\/p>\r\n\r\n\r\n\r\n<p>Id\u00e9al pour toutes les occasions : travail, loisirs, f\u00eates car vous pouvez le garder toujours sur vous.<\/p>\r\n\r\n\r\n\r\n<p>Il a une poche \u00e0 l&#039;avant et \u00e0 l&#039;arri\u00e8re. Fermeture \u00e0 rabat<\/p>\r\n\r\n\r\n\r\n<p>MAT\u00c9RIAU\u00a0: Cuir de vachette pleine pluie<\/p>\r\n\r\n\r\n\r\n<p>Couleurs : Marron, Dusty-rose, Imprim\u00e9 (imitation croco) noir, Tan<\/p>\r\n\r\n\r\n\r\n<p>TAILLE\u00a0: L\u00a0:\u00a07,8&quot; W\u00a0: 0,7&quot; H\u00a0: 5,9&quot; , Rabat\u00a0: 4,1&quot; , Sangle r\u00e9glable\u00a0: 31,5&quot;<\/p>\r\n\r\n\r\n\r\n<p>&nbsp;<\/p>\r\n\r\n\r\n\r\n<p>&nbsp;<\/p>","protected":false},"excerpt":{"rendered":"<p>DESCRIPTION: Leather hip bag completely handmade in full grain cow leather. Ideal for all occasions: work, leisure, parties as you can keep it always on you. It has one pocket on front and on the back. Snap flap closure MATERIAL:\u00a0 Full rain cow leather Colors:\u00a0 Brown, Dusty-rose, Printed\u00a0 (croco imitation)\u00a0 black, Tan SIZE: L:7.8&#8243; W:0.7&#8243; [&#8230;]\n","protected":false},"featured_media":387,"comment_status":"open","ping_status":"closed","template":"","meta":[],"product_brand":[],"product_cat":[93,27],"product_tag":[61],"mwb_booking_cost":[],"mwb_booking_service":[],"class_list":{"0":"post-348","1":"product","2":"type-product","3":"status-publish","4":"has-post-thumbnail","6":"product_cat-shoulder-bags-women","7":"product_cat-women","8":"product_tag-belt-bag","10":"first","11":"instock","12":"taxable","13":"shipping-taxable","14":"purchasable","15":"product-type-variable"},"_links":{"self":[{"href":"https:\/\/dokmairwanda.com\/fr\/wp-json\/wp\/v2\/product\/348","targetHints":{"allow":["GET"]}}],"collection":[{"href":"https:\/\/dokmairwanda.com\/fr\/wp-json\/wp\/v2\/product"}],"about":[{"href":"https:\/\/dokmairwanda.com\/fr\/wp-json\/wp\/v2\/types\/product"}],"replies":[{"embeddable":true,"href":"https:\/\/dokmairwanda.com\/fr\/wp-json\/wp\/v2\/comments?post=348"}],"wp:featuredmedia":[{"embeddable":true,"href":"https:\/\/dokmairwanda.com\/fr\/wp-json\/wp\/v2\/media\/387"}],"wp:attachment":[{"href":"https:\/\/dokmairwanda.com\/fr\/wp-json\/wp\/v2\/media?parent=348"}],"wp:term":[{"taxonomy":"product_brand","embeddable":true,"href":"https:\/\/dokmairwanda.com\/fr\/wp-json\/wp\/v2\/product_brand?post=348"},{"taxonomy":"product_cat","embeddable":true,"href":"https:\/\/dokmairwanda.com\/fr\/wp-json\/wp\/v2\/product_cat?post=348"},{"taxonomy":"product_tag","embeddable":true,"href":"https:\/\/dokmairwanda.com\/fr\/wp-json\/wp\/v2\/product_tag?post=348"},{"taxonomy":"mwb_booking_cost","embeddable":true,"href":"https:\/\/dokmairwanda.com\/fr\/wp-json\/wp\/v2\/mwb_booking_cost?post=348"},{"taxonomy":"mwb_booking_service","embeddable":true,"href":"https:\/\/dokmairwanda.com\/fr\/wp-json\/wp\/v2\/mwb_booking_service?post=348"}],"curies":[{"name":"wp","href":"https:\/\/api.w.org\/{rel}","templated":true}]}}