{"id":349,"date":"2021-04-06T11:22:30","date_gmt":"2021-04-06T09:22:30","guid":{"rendered":"http:\/\/dokmai.paulwebdesign.rw\/?post_type=product&#038;p=349"},"modified":"2023-03-06T10:48:51","modified_gmt":"2023-03-06T08:48:51","slug":"keza-crossbody","status":"publish","type":"product","link":"https:\/\/dokmairwanda.com\/fr\/produit\/keza-crossbody\/","title":{"rendered":"Sac \u00e0 bandouli\u00e8re Keza"},"content":{"rendered":"<p><strong>Mat\u00e9riel<\/strong>: Cuir avec kitenge<\/p>\n<p>Les motifs du tissu de doublure en kitenge changent en fonction de la disponibilit\u00e9 du march\u00e9 local. Veuillez consulter \u00ab\u00a0Choix de tissus\u00a0\u00bb ci-dessous pour voir ce qui est actuellement disponible.<\/p>\n<p><strong>Taille<\/strong>: 9,9&quot;L\/7&quot;H\/0,5&quot;P<br \/>\n<strong>La description<\/strong>: Couleur cuir bicolore, bandouli\u00e8re longue amovible\/poche zipp\u00e9e int\u00e9rieure zipp\u00e9e, poche smartphone.<\/p>","protected":false},"excerpt":{"rendered":"<p>Mat\u00e9riau : cuir avec doublure kitenge. Les motifs du tissu de doublure Kitenge changent en fonction de la disponibilit\u00e9 du march\u00e9 local. Veuillez consulter les \u00ab\u00a0Choix de tissus\u00a0\u00bb ci-dessous pour voir ce qui est actuellement disponible. Taille : 9,9&quot; L\/7&quot; H\/0,5&quot; P Description : Couleur cuir bicolore, longue sangle amovible\/poche int\u00e9rieure zipp\u00e9e \u00e0 fermeture \u00e9clair, poche pour smartphone.<\/p>","protected":false},"featured_media":388,"comment_status":"closed","ping_status":"closed","template":"","meta":[],"product_brand":[],"product_cat":[27,229],"product_tag":[29],"mwb_booking_cost":[],"mwb_booking_service":[],"class_list":{"0":"post-349","1":"product","2":"type-product","3":"status-publish","4":"has-post-thumbnail","6":"product_cat-women","7":"product_cat-cross-body-bag","8":"product_tag-crossbody","10":"first","11":"instock","12":"taxable","13":"shipping-taxable","14":"purchasable","15":"product-type-variable"},"_links":{"self":[{"href":"https:\/\/dokmairwanda.com\/fr\/wp-json\/wp\/v2\/product\/349","targetHints":{"allow":["GET"]}}],"collection":[{"href":"https:\/\/dokmairwanda.com\/fr\/wp-json\/wp\/v2\/product"}],"about":[{"href":"https:\/\/dokmairwanda.com\/fr\/wp-json\/wp\/v2\/types\/product"}],"replies":[{"embeddable":true,"href":"https:\/\/dokmairwanda.com\/fr\/wp-json\/wp\/v2\/comments?post=349"}],"wp:featuredmedia":[{"embeddable":true,"href":"https:\/\/dokmairwanda.com\/fr\/wp-json\/wp\/v2\/media\/388"}],"wp:attachment":[{"href":"https:\/\/dokmairwanda.com\/fr\/wp-json\/wp\/v2\/media?parent=349"}],"wp:term":[{"taxonomy":"product_brand","embeddable":true,"href":"https:\/\/dokmairwanda.com\/fr\/wp-json\/wp\/v2\/product_brand?post=349"},{"taxonomy":"product_cat","embeddable":true,"href":"https:\/\/dokmairwanda.com\/fr\/wp-json\/wp\/v2\/product_cat?post=349"},{"taxonomy":"product_tag","embeddable":true,"href":"https:\/\/dokmairwanda.com\/fr\/wp-json\/wp\/v2\/product_tag?post=349"},{"taxonomy":"mwb_booking_cost","embeddable":true,"href":"https:\/\/dokmairwanda.com\/fr\/wp-json\/wp\/v2\/mwb_booking_cost?post=349"},{"taxonomy":"mwb_booking_service","embeddable":true,"href":"https:\/\/dokmairwanda.com\/fr\/wp-json\/wp\/v2\/mwb_booking_service?post=349"}],"curies":[{"name":"wp","href":"https:\/\/api.w.org\/{rel}","templated":true}]}}