{"id":352,"date":"2021-04-06T11:22:30","date_gmt":"2021-04-06T09:22:30","guid":{"rendered":"http:\/\/dokmai.paulwebdesign.rw\/?post_type=product&#038;p=352"},"modified":"2023-03-06T11:12:00","modified_gmt":"2023-03-06T09:12:00","slug":"leul","status":"publish","type":"product","link":"https:\/\/dokmairwanda.com\/fr\/produit\/leul\/","title":{"rendered":"Leul"},"content":{"rendered":"<p>DESCRIPTION : Etui Ipad 6\u00e8me g\u00e9n\u00e9ration, con\u00e7u et fabriqu\u00e9 en cuir de vachette pleine fleur. L\u00e9g\u00e8rement rembourr\u00e9 pour prot\u00e9ger l&#039;Ipad. Doublure en kitenge et fermeture zipp\u00e9e<\/p>\r\n<p>MATI\u00c8RE : Cuir de vachette pleine fleur, Doublure coton 100% (kitenge)<\/p>\r\n<!-- \/wp:post-content -->\r\n\r\n<!-- wp:paragraph -->\r\n<p>Couleurs : noir, marron, vieux rose, beige, olive<\/p>\r\n<!-- \/wp:paragraph -->\r\n\r\n<!-- wp:paragraph -->\r\n<p>TAILLE\u00a0:\u00a0L\u00a0:\u00a010,6\u00a0\u2033 W\u00a0: 0,2\u00a0\u2033 H\u00a0: 7,4\u2033<\/p>","protected":false},"excerpt":{"rendered":"<p>DESCRIPTION : Housse pour iPad de 6\u00e8me g\u00e9n\u00e9ration, con\u00e7ue et fabriqu\u00e9e \u00e0 partir de cuir de vache pleine fleur. L\u00e9g\u00e8rement rembourr\u00e9 pour prot\u00e9ger l&#039;Ipad. Doublure kitenge et fermeture zipp\u00e9e MAT\u00c9RIEL : Cuir de vache pleine fleur, Doublure coton 100% (kitenge) Couleurs : Noir, Marron, Rose poudr\u00e9, Tan, Olive TAILLE : L : 10,6\u2033 L : 0,2\u2033 H : 7,4\u2033<\/p>","protected":false},"featured_media":403,"comment_status":"open","ping_status":"closed","template":"","meta":[],"product_brand":[],"product_cat":[230,19,15],"product_tag":[],"mwb_booking_cost":[],"mwb_booking_service":[],"class_list":{"0":"post-352","1":"product","2":"type-product","3":"status-publish","4":"has-post-thumbnail","6":"product_cat-laptop-sleeve-men","7":"product_cat-men","8":"product_cat-uncategorised","10":"first","11":"instock","12":"taxable","13":"shipping-taxable","14":"purchasable","15":"product-type-variable"},"_links":{"self":[{"href":"https:\/\/dokmairwanda.com\/fr\/wp-json\/wp\/v2\/product\/352","targetHints":{"allow":["GET"]}}],"collection":[{"href":"https:\/\/dokmairwanda.com\/fr\/wp-json\/wp\/v2\/product"}],"about":[{"href":"https:\/\/dokmairwanda.com\/fr\/wp-json\/wp\/v2\/types\/product"}],"replies":[{"embeddable":true,"href":"https:\/\/dokmairwanda.com\/fr\/wp-json\/wp\/v2\/comments?post=352"}],"wp:featuredmedia":[{"embeddable":true,"href":"https:\/\/dokmairwanda.com\/fr\/wp-json\/wp\/v2\/media\/403"}],"wp:attachment":[{"href":"https:\/\/dokmairwanda.com\/fr\/wp-json\/wp\/v2\/media?parent=352"}],"wp:term":[{"taxonomy":"product_brand","embeddable":true,"href":"https:\/\/dokmairwanda.com\/fr\/wp-json\/wp\/v2\/product_brand?post=352"},{"taxonomy":"product_cat","embeddable":true,"href":"https:\/\/dokmairwanda.com\/fr\/wp-json\/wp\/v2\/product_cat?post=352"},{"taxonomy":"product_tag","embeddable":true,"href":"https:\/\/dokmairwanda.com\/fr\/wp-json\/wp\/v2\/product_tag?post=352"},{"taxonomy":"mwb_booking_cost","embeddable":true,"href":"https:\/\/dokmairwanda.com\/fr\/wp-json\/wp\/v2\/mwb_booking_cost?post=352"},{"taxonomy":"mwb_booking_service","embeddable":true,"href":"https:\/\/dokmairwanda.com\/fr\/wp-json\/wp\/v2\/mwb_booking_service?post=352"}],"curies":[{"name":"wp","href":"https:\/\/api.w.org\/{rel}","templated":true}]}}