{"id":358,"date":"2021-04-06T11:22:31","date_gmt":"2021-04-06T09:22:31","guid":{"rendered":"http:\/\/dokmai.paulwebdesign.rw\/?post_type=product&#038;p=358"},"modified":"2023-03-06T10:49:02","modified_gmt":"2023-03-06T08:49:02","slug":"misha-two-tone-crossbody","status":"publish","type":"product","link":"https:\/\/dokmairwanda.com\/fr\/produit\/misha-two-tone-crossbody\/","title":{"rendered":"Sac \u00e0 bandouli\u00e8re bicolore Misha"},"content":{"rendered":"<p><strong>Mat\u00e9riel<\/strong>: cuir avec kitenge<\/p>\n<p>Les motifs du tissu de doublure en kitenge changent en fonction de la disponibilit\u00e9 du march\u00e9 local. Veuillez consulter \u00ab\u00a0Choix de tissus\u00a0\u00bb ci-dessous pour voir ce qui est actuellement disponible<\/p>\n<p><strong>La description<\/strong>: Bandouli\u00e8re bicolore avec 3 compartiments s\u00e9par\u00e9s utiles pour garder vos affaires organis\u00e9es fermeture \u00e0 glissi\u00e8re et longue sangle r\u00e9glable.<\/p>","protected":false},"excerpt":{"rendered":"<p>Mat\u00e9riau : cuir avec kitenge Doublure en kitenge Les motifs du tissu changent en fonction de la disponibilit\u00e9 sur le march\u00e9 local. Veuillez consulter les \u00ab choix de tissus \u00bb ci-dessous pour voir ce qui est actuellement disponible. Description : sac \u00e0 bandouli\u00e8re bicolore avec 3 compartiments s\u00e9par\u00e9s, utile pour garder vos affaires organis\u00e9es.<\/p>","protected":false},"featured_media":405,"comment_status":"open","ping_status":"closed","template":"","meta":[],"product_brand":[],"product_cat":[27,229,102],"product_tag":[29],"mwb_booking_cost":[],"mwb_booking_service":[],"class_list":{"0":"post-358","1":"product","2":"type-product","3":"status-publish","4":"has-post-thumbnail","6":"product_cat-women","7":"product_cat-cross-body-bag","8":"product_cat-featured","9":"product_tag-crossbody","11":"first","12":"instock","13":"taxable","14":"shipping-taxable","15":"purchasable","16":"product-type-variable"},"_links":{"self":[{"href":"https:\/\/dokmairwanda.com\/fr\/wp-json\/wp\/v2\/product\/358","targetHints":{"allow":["GET"]}}],"collection":[{"href":"https:\/\/dokmairwanda.com\/fr\/wp-json\/wp\/v2\/product"}],"about":[{"href":"https:\/\/dokmairwanda.com\/fr\/wp-json\/wp\/v2\/types\/product"}],"replies":[{"embeddable":true,"href":"https:\/\/dokmairwanda.com\/fr\/wp-json\/wp\/v2\/comments?post=358"}],"wp:featuredmedia":[{"embeddable":true,"href":"https:\/\/dokmairwanda.com\/fr\/wp-json\/wp\/v2\/media\/405"}],"wp:attachment":[{"href":"https:\/\/dokmairwanda.com\/fr\/wp-json\/wp\/v2\/media?parent=358"}],"wp:term":[{"taxonomy":"product_brand","embeddable":true,"href":"https:\/\/dokmairwanda.com\/fr\/wp-json\/wp\/v2\/product_brand?post=358"},{"taxonomy":"product_cat","embeddable":true,"href":"https:\/\/dokmairwanda.com\/fr\/wp-json\/wp\/v2\/product_cat?post=358"},{"taxonomy":"product_tag","embeddable":true,"href":"https:\/\/dokmairwanda.com\/fr\/wp-json\/wp\/v2\/product_tag?post=358"},{"taxonomy":"mwb_booking_cost","embeddable":true,"href":"https:\/\/dokmairwanda.com\/fr\/wp-json\/wp\/v2\/mwb_booking_cost?post=358"},{"taxonomy":"mwb_booking_service","embeddable":true,"href":"https:\/\/dokmairwanda.com\/fr\/wp-json\/wp\/v2\/mwb_booking_service?post=358"}],"curies":[{"name":"wp","href":"https:\/\/api.w.org\/{rel}","templated":true}]}}