{"id":362,"date":"2021-04-06T11:22:31","date_gmt":"2021-04-06T09:22:31","guid":{"rendered":"http:\/\/dokmai.paulwebdesign.rw\/?post_type=product&#038;p=362"},"modified":"2023-01-23T11:31:37","modified_gmt":"2023-01-23T09:31:37","slug":"pinatex-collection","status":"publish","type":"product","link":"https:\/\/dokmairwanda.com\/fr\/produit\/pinatex-collection\/","title":{"rendered":"Collection PINATEX"},"content":{"rendered":"<p>Alternative au cuir v\u00e9g\u00e9talien PINATEX pour tous les clients soucieux du bien-\u00eatre animal<\/p>\n<p>Vous pouvez \u00eatre \u00e0 la mode, v\u00e9g\u00e9talien et protecteur des animaux avec ces produits de qualit\u00e9 sup\u00e9rieure<\/p>\n<p>Couleurs : naturel, rouge, noir, marron, argent, or<\/p>\n<p>Demandez les prix<\/p>","protected":false},"excerpt":{"rendered":"<p>Accessoires en cuir v\u00e9g\u00e9talien Pinatex<\/p>","protected":false},"featured_media":420,"comment_status":"open","ping_status":"closed","template":"","meta":[],"product_brand":[],"product_cat":[66],"product_tag":[105],"mwb_booking_cost":[],"mwb_booking_service":[],"class_list":{"0":"post-362","1":"product","2":"type-product","3":"status-publish","4":"has-post-thumbnail","6":"product_cat-pinatex","7":"product_tag-vegan-leather-alternativ","9":"first","10":"instock","11":"featured","12":"taxable","13":"shipping-taxable","14":"product-type-variable"},"_links":{"self":[{"href":"https:\/\/dokmairwanda.com\/fr\/wp-json\/wp\/v2\/product\/362","targetHints":{"allow":["GET"]}}],"collection":[{"href":"https:\/\/dokmairwanda.com\/fr\/wp-json\/wp\/v2\/product"}],"about":[{"href":"https:\/\/dokmairwanda.com\/fr\/wp-json\/wp\/v2\/types\/product"}],"replies":[{"embeddable":true,"href":"https:\/\/dokmairwanda.com\/fr\/wp-json\/wp\/v2\/comments?post=362"}],"wp:featuredmedia":[{"embeddable":true,"href":"https:\/\/dokmairwanda.com\/fr\/wp-json\/wp\/v2\/media\/420"}],"wp:attachment":[{"href":"https:\/\/dokmairwanda.com\/fr\/wp-json\/wp\/v2\/media?parent=362"}],"wp:term":[{"taxonomy":"product_brand","embeddable":true,"href":"https:\/\/dokmairwanda.com\/fr\/wp-json\/wp\/v2\/product_brand?post=362"},{"taxonomy":"product_cat","embeddable":true,"href":"https:\/\/dokmairwanda.com\/fr\/wp-json\/wp\/v2\/product_cat?post=362"},{"taxonomy":"product_tag","embeddable":true,"href":"https:\/\/dokmairwanda.com\/fr\/wp-json\/wp\/v2\/product_tag?post=362"},{"taxonomy":"mwb_booking_cost","embeddable":true,"href":"https:\/\/dokmairwanda.com\/fr\/wp-json\/wp\/v2\/mwb_booking_cost?post=362"},{"taxonomy":"mwb_booking_service","embeddable":true,"href":"https:\/\/dokmairwanda.com\/fr\/wp-json\/wp\/v2\/mwb_booking_service?post=362"}],"curies":[{"name":"wp","href":"https:\/\/api.w.org\/{rel}","templated":true}]}}