{"id":363,"date":"2021-06-22T11:22:31","date_gmt":"2021-06-22T09:22:31","guid":{"rendered":"http:\/\/dokmai.paulwebdesign.rw\/?post_type=product&#038;p=363"},"modified":"2023-02-20T10:41:39","modified_gmt":"2023-02-20T08:41:39","slug":"pinatex-wristlet-pouch","status":"publish","type":"product","link":"https:\/\/dokmairwanda.com\/fr\/produit\/pinatex-wristlet-pouch\/","title":{"rendered":"Pina-Clutch"},"content":{"rendered":"<p><strong>LA DESCRIPTION:<\/strong> La fermeture \u00e0 glissi\u00e8re Pina-Clutch est fabriqu\u00e9e \u00e0 partir de la collection Pinatex Metallic &quot;organise vos petits objets, ou utilisez-la comme pochette de soir\u00e9e,\u00a0<\/p>\r\n\r\n\r\n\r\n<p>PINATEX\u00ae est un nouveau mat\u00e9riau innovant fabriqu\u00e9 \u00e0 partir de fibre de feuille d&#039;ananas qui est utilis\u00e9 dans les industries de la mode et de la tapisserie d&#039;ameublement.<\/p>\r\n<p><strong>Couleurs:<\/strong> Argent froiss\u00e9 \u2013 Or froiss\u00e9 \u2013 Noir m\u00e9tallique froiss\u00e9<\/p>\r\n<p>\r\n\r\n<\/p>\r\n<h4><strong>Taille<\/strong>: L:14.2\u2033 W:1\u2033 H: 6\u2033<\/h4>\r\n\r\n\r\n\r\n\r\n\r\n<p>MAT\u00c9RIAU\u00a0: Collection PINATEX\u00ae Metallic<a href=\"https:\/\/dokmairwanda.com\/wp-content\/uploads\/2021\/04\/IMG_9326-Edit.jpg\"><img loading=\"lazy\" decoding=\"async\" class=\"size-medium wp-image-542 alignleft\" src=\"https:\/\/dokmairwanda.com\/wp-content\/uploads\/2021\/04\/IMG_9326-Edit-300x200.jpg\" alt=\"Group shoot-Metallic collection\" width=\"300\" height=\"200\" srcset=\"https:\/\/dokmairwanda.com\/wp-content\/uploads\/2021\/04\/IMG_9326-Edit-300x200.jpg 300w, https:\/\/dokmairwanda.com\/wp-content\/uploads\/2021\/04\/IMG_9326-Edit-510x340.jpg 510w, https:\/\/dokmairwanda.com\/wp-content\/uploads\/2021\/04\/IMG_9326-Edit-1024x683.jpg 1024w, https:\/\/dokmairwanda.com\/wp-content\/uploads\/2021\/04\/IMG_9326-Edit-768x512.jpg 768w, https:\/\/dokmairwanda.com\/wp-content\/uploads\/2021\/04\/IMG_9326-Edit-1536x1024.jpg 1536w, https:\/\/dokmairwanda.com\/wp-content\/uploads\/2021\/04\/IMG_9326-Edit-16x12.jpg 16w, https:\/\/dokmairwanda.com\/wp-content\/uploads\/2021\/04\/IMG_9326-Edit-1600x1066.jpg 1600w, https:\/\/dokmairwanda.com\/wp-content\/uploads\/2021\/04\/IMG_9326-Edit.jpg 2048w\" sizes=\"auto, (max-width: 300px) 100vw, 300px\" \/><\/a><\/p>\r\n\r\n\r\n\r\n<p>&nbsp;<\/p>","protected":false},"excerpt":{"rendered":"<p>DESCRIPTION: Pina-Clutch\u00a0 zip closure is made from\u00a0 Pinatex Metallic collection\u00a0 &#8220;organizes your small goods, or use as an evening clutch,\u00a0 PINATEX\u00ae is an innovative new material made from pineapple leaf fiber which is use in the Fashion and upholstery industries. Colors: Wrinkled silver \u2013 wrinkled Gold \u2013 wrinkled Metallic black Size: L:14.2&#8243; W:1&#8243; H: 6&#8243; [&#8230;]\n","protected":false},"featured_media":1044,"comment_status":"open","ping_status":"closed","template":"","meta":[],"product_brand":[],"product_cat":[86,66],"product_tag":[106],"mwb_booking_cost":[],"mwb_booking_service":[],"class_list":{"0":"post-363","1":"product","2":"type-product","3":"status-publish","4":"has-post-thumbnail","6":"product_cat-handbags","7":"product_cat-pinatex","8":"product_tag-pinatex-metallic-collection","10":"first","11":"instock","12":"taxable","13":"shipping-taxable","14":"purchasable","15":"product-type-variable"},"_links":{"self":[{"href":"https:\/\/dokmairwanda.com\/fr\/wp-json\/wp\/v2\/product\/363","targetHints":{"allow":["GET"]}}],"collection":[{"href":"https:\/\/dokmairwanda.com\/fr\/wp-json\/wp\/v2\/product"}],"about":[{"href":"https:\/\/dokmairwanda.com\/fr\/wp-json\/wp\/v2\/types\/product"}],"replies":[{"embeddable":true,"href":"https:\/\/dokmairwanda.com\/fr\/wp-json\/wp\/v2\/comments?post=363"}],"wp:featuredmedia":[{"embeddable":true,"href":"https:\/\/dokmairwanda.com\/fr\/wp-json\/wp\/v2\/media\/1044"}],"wp:attachment":[{"href":"https:\/\/dokmairwanda.com\/fr\/wp-json\/wp\/v2\/media?parent=363"}],"wp:term":[{"taxonomy":"product_brand","embeddable":true,"href":"https:\/\/dokmairwanda.com\/fr\/wp-json\/wp\/v2\/product_brand?post=363"},{"taxonomy":"product_cat","embeddable":true,"href":"https:\/\/dokmairwanda.com\/fr\/wp-json\/wp\/v2\/product_cat?post=363"},{"taxonomy":"product_tag","embeddable":true,"href":"https:\/\/dokmairwanda.com\/fr\/wp-json\/wp\/v2\/product_tag?post=363"},{"taxonomy":"mwb_booking_cost","embeddable":true,"href":"https:\/\/dokmairwanda.com\/fr\/wp-json\/wp\/v2\/mwb_booking_cost?post=363"},{"taxonomy":"mwb_booking_service","embeddable":true,"href":"https:\/\/dokmairwanda.com\/fr\/wp-json\/wp\/v2\/mwb_booking_service?post=363"}],"curies":[{"name":"wp","href":"https:\/\/api.w.org\/{rel}","templated":true}]}}