{"id":395,"date":"2021-06-21T12:58:43","date_gmt":"2021-06-21T10:58:43","guid":{"rendered":"http:\/\/dokmai.paulwebdesign.rw\/?post_type=product&#038;p=395"},"modified":"2023-03-06T10:51:37","modified_gmt":"2023-03-06T08:51:37","slug":"soso-tote","status":"publish","type":"product","link":"https:\/\/dokmairwanda.com\/fr\/produit\/soso-tote\/","title":{"rendered":"Comme ci comme \u00e7a"},"content":{"rendered":"<p><strong>Mat\u00e9riel<\/strong>: Cuir avec kitenge<\/p>\n<p>Les motifs du tissu de doublure en kitenge changent en fonction de la disponibilit\u00e9 du march\u00e9 local. Veuillez consulter \u00ab\u00a0choix de tissus\u00a0\u00bb pour voir ce qui est actuellement disponible.<br \/>\n<strong>Taille<\/strong>: 11,5&quot; L\/15&quot; H\/3,5&quot; P, sangles fixes 30&quot;<br \/>\n<strong>La description<\/strong>: Poche int\u00e9rieure zipp\u00e9e\/smartphone doublure tissu coton portefeuille inclus.<\/p>","protected":false},"excerpt":{"rendered":"<p>Mat\u00e9riau\u00a0: cuir avec kitenge. Les motifs des tissus de doublure Kitenge changent en fonction de la disponibilit\u00e9 sur le march\u00e9 local. S&#039;il vous pla\u00eet voir &#039;choix de tissus&#039; pour voir ce qui est actuellement disponible. Taille : 11,5 po L\/15 po H\/3,5 po P, bretelles fixes 30 po Description : poche int\u00e9rieure zipp\u00e9e\/portefeuille doubl\u00e9 en tissu de coton pour smartphone inclus.<\/p>","protected":false},"featured_media":861,"comment_status":"open","ping_status":"closed","template":"","meta":[],"product_brand":[],"product_cat":[27,102,93],"product_tag":[69],"mwb_booking_cost":[],"mwb_booking_service":[],"class_list":{"0":"post-395","1":"product","2":"type-product","3":"status-publish","4":"has-post-thumbnail","6":"product_cat-women","7":"product_cat-featured","8":"product_cat-shoulder-bags-women","9":"product_tag-tote","11":"first","12":"instock","13":"taxable","14":"shipping-taxable","15":"purchasable","16":"product-type-variable"},"_links":{"self":[{"href":"https:\/\/dokmairwanda.com\/fr\/wp-json\/wp\/v2\/product\/395","targetHints":{"allow":["GET"]}}],"collection":[{"href":"https:\/\/dokmairwanda.com\/fr\/wp-json\/wp\/v2\/product"}],"about":[{"href":"https:\/\/dokmairwanda.com\/fr\/wp-json\/wp\/v2\/types\/product"}],"replies":[{"embeddable":true,"href":"https:\/\/dokmairwanda.com\/fr\/wp-json\/wp\/v2\/comments?post=395"}],"wp:featuredmedia":[{"embeddable":true,"href":"https:\/\/dokmairwanda.com\/fr\/wp-json\/wp\/v2\/media\/861"}],"wp:attachment":[{"href":"https:\/\/dokmairwanda.com\/fr\/wp-json\/wp\/v2\/media?parent=395"}],"wp:term":[{"taxonomy":"product_brand","embeddable":true,"href":"https:\/\/dokmairwanda.com\/fr\/wp-json\/wp\/v2\/product_brand?post=395"},{"taxonomy":"product_cat","embeddable":true,"href":"https:\/\/dokmairwanda.com\/fr\/wp-json\/wp\/v2\/product_cat?post=395"},{"taxonomy":"product_tag","embeddable":true,"href":"https:\/\/dokmairwanda.com\/fr\/wp-json\/wp\/v2\/product_tag?post=395"},{"taxonomy":"mwb_booking_cost","embeddable":true,"href":"https:\/\/dokmairwanda.com\/fr\/wp-json\/wp\/v2\/mwb_booking_cost?post=395"},{"taxonomy":"mwb_booking_service","embeddable":true,"href":"https:\/\/dokmairwanda.com\/fr\/wp-json\/wp\/v2\/mwb_booking_service?post=395"}],"curies":[{"name":"wp","href":"https:\/\/api.w.org\/{rel}","templated":true}]}}