{"id":397,"date":"2021-04-06T12:58:43","date_gmt":"2021-04-06T10:58:43","guid":{"rendered":"http:\/\/dokmai.paulwebdesign.rw\/?post_type=product&#038;p=397"},"modified":"2023-03-06T10:40:51","modified_gmt":"2023-03-06T08:40:51","slug":"thai-tote","status":"publish","type":"product","link":"https:\/\/dokmairwanda.com\/fr\/produit\/thai-tote\/","title":{"rendered":"THA\u00cfLANDAIS"},"content":{"rendered":"<p><strong>Mat\u00e9riel<\/strong>: Cuir avec kitenge<br \/>\nLes motifs du tissu de doublure en kitenge changent en fonction de la disponibilit\u00e9 du march\u00e9 local (si vous souhaitez acheter ce produit. Veuillez nous contacter pour obtenir des photos avec les motifs disponibles parmi lesquels vous pouvez choisir<br \/>\n<strong>Taille<\/strong>: 15&quot;W\/ 19,8&quot;H\/ 7&quot; poign\u00e9e de chute<br \/>\n<strong>La description<\/strong>: Un fourre-tout au design unique en cuir souple de haute qualit\u00e9,<br \/>\nFermeture zipp\u00e9e sur les poches lat\u00e9rales pour acc\u00e9der \u00e0 l&#039;int\u00e9rieur du cabas.<\/p>","protected":false},"excerpt":{"rendered":"<p>Material: Leather w\/kitenge Kitenge lining fabric patterns change depending on local market availability (if you wish to purchase this product. Please contact us to obtain pictures with available patterns from which you can choose Size: 15\u201dW\/ 19.8\u201dH\/ 7\u201d handle drop Description: A unique design tote made from high-quality soft leather, Zip closure on side pockets [&#8230;]\n","protected":false},"featured_media":433,"comment_status":"open","ping_status":"closed","template":"","meta":[],"product_brand":[],"product_cat":[93,27],"product_tag":[69],"mwb_booking_cost":[],"mwb_booking_service":[],"class_list":{"0":"post-397","1":"product","2":"type-product","3":"status-publish","4":"has-post-thumbnail","6":"product_cat-shoulder-bags-women","7":"product_cat-women","8":"product_tag-tote","10":"first","11":"instock","12":"taxable","13":"shipping-taxable","14":"purchasable","15":"product-type-simple"},"_links":{"self":[{"href":"https:\/\/dokmairwanda.com\/fr\/wp-json\/wp\/v2\/product\/397","targetHints":{"allow":["GET"]}}],"collection":[{"href":"https:\/\/dokmairwanda.com\/fr\/wp-json\/wp\/v2\/product"}],"about":[{"href":"https:\/\/dokmairwanda.com\/fr\/wp-json\/wp\/v2\/types\/product"}],"replies":[{"embeddable":true,"href":"https:\/\/dokmairwanda.com\/fr\/wp-json\/wp\/v2\/comments?post=397"}],"wp:featuredmedia":[{"embeddable":true,"href":"https:\/\/dokmairwanda.com\/fr\/wp-json\/wp\/v2\/media\/433"}],"wp:attachment":[{"href":"https:\/\/dokmairwanda.com\/fr\/wp-json\/wp\/v2\/media?parent=397"}],"wp:term":[{"taxonomy":"product_brand","embeddable":true,"href":"https:\/\/dokmairwanda.com\/fr\/wp-json\/wp\/v2\/product_brand?post=397"},{"taxonomy":"product_cat","embeddable":true,"href":"https:\/\/dokmairwanda.com\/fr\/wp-json\/wp\/v2\/product_cat?post=397"},{"taxonomy":"product_tag","embeddable":true,"href":"https:\/\/dokmairwanda.com\/fr\/wp-json\/wp\/v2\/product_tag?post=397"},{"taxonomy":"mwb_booking_cost","embeddable":true,"href":"https:\/\/dokmairwanda.com\/fr\/wp-json\/wp\/v2\/mwb_booking_cost?post=397"},{"taxonomy":"mwb_booking_service","embeddable":true,"href":"https:\/\/dokmairwanda.com\/fr\/wp-json\/wp\/v2\/mwb_booking_service?post=397"}],"curies":[{"name":"wp","href":"https:\/\/api.w.org\/{rel}","templated":true}]}}