{"id":409,"date":"2021-04-06T13:00:01","date_gmt":"2021-04-06T11:00:01","guid":{"rendered":"http:\/\/dokmai.paulwebdesign.rw\/?post_type=product&#038;p=409"},"modified":"2023-03-06T11:32:00","modified_gmt":"2023-03-06T09:32:00","slug":"backpack","status":"publish","type":"product","link":"https:\/\/dokmairwanda.com\/fr\/produit\/backpack\/","title":{"rendered":"GITORI"},"content":{"rendered":"<p><strong>Mat\u00e9riel<\/strong>: cuir avec kitenge<\/p>\n<p>Les motifs du tissu de doublure en kitenge changent en fonction de la disponibilit\u00e9 du march\u00e9 local. Veuillez consulter \u00ab\u00a0Choix de tissus\u00a0\u00bb ci-dessous pour voir ce qui est actuellement disponible.<br \/>\n<strong>Taille<\/strong>: 11\u2033W \/ 16&quot;H 5.5&quot;&#039;D, sangle r\u00e9glable et<br \/>\n<strong>La description<\/strong>: Sac \u00e0 dos urbain fonctionnel unisexe, con\u00e7u avec un grand espace de rangement et un compartiment pour ordinateur portable.<br \/>\nPoches int\u00e9rieures zipp\u00e9es ouvertes, poche ext\u00e9rieure zipp\u00e9e<\/p>","protected":false},"excerpt":{"rendered":"<p>Mat\u00e9riau\u00a0: cuir avec kitenge Doublure en kitenge Les motifs du tissu changent en fonction de la disponibilit\u00e9 sur le march\u00e9 local. Veuillez consulter \u00ab\u00a0Choix de tissus\u00a0\u00bb ci-dessous pour voir ce qui est actuellement disponible. Taille : 11\u2033W \/ 16\u2033H 5.5\u2033&#039;D, sangle r\u00e9glable et description : sac \u00e0 dos urbain fonctionnel unisexe, con\u00e7u avec un grand espace de rangement et un compartiment pour ordinateur portable. Poches int\u00e9rieures zipp\u00e9es, poche ext\u00e9rieure zipp\u00e9e<\/p>","protected":false},"featured_media":1398,"comment_status":"open","ping_status":"closed","template":"","meta":[],"product_brand":[],"product_cat":[95,19],"product_tag":[26],"mwb_booking_cost":[],"mwb_booking_service":[],"class_list":{"0":"post-409","1":"product","2":"type-product","3":"status-publish","4":"has-post-thumbnail","6":"product_cat-backpack-men","7":"product_cat-men","8":"product_tag-backpack","10":"first","11":"instock","12":"featured","13":"taxable","14":"shipping-taxable","15":"purchasable","16":"product-type-variable"},"_links":{"self":[{"href":"https:\/\/dokmairwanda.com\/fr\/wp-json\/wp\/v2\/product\/409","targetHints":{"allow":["GET"]}}],"collection":[{"href":"https:\/\/dokmairwanda.com\/fr\/wp-json\/wp\/v2\/product"}],"about":[{"href":"https:\/\/dokmairwanda.com\/fr\/wp-json\/wp\/v2\/types\/product"}],"replies":[{"embeddable":true,"href":"https:\/\/dokmairwanda.com\/fr\/wp-json\/wp\/v2\/comments?post=409"}],"wp:featuredmedia":[{"embeddable":true,"href":"https:\/\/dokmairwanda.com\/fr\/wp-json\/wp\/v2\/media\/1398"}],"wp:attachment":[{"href":"https:\/\/dokmairwanda.com\/fr\/wp-json\/wp\/v2\/media?parent=409"}],"wp:term":[{"taxonomy":"product_brand","embeddable":true,"href":"https:\/\/dokmairwanda.com\/fr\/wp-json\/wp\/v2\/product_brand?post=409"},{"taxonomy":"product_cat","embeddable":true,"href":"https:\/\/dokmairwanda.com\/fr\/wp-json\/wp\/v2\/product_cat?post=409"},{"taxonomy":"product_tag","embeddable":true,"href":"https:\/\/dokmairwanda.com\/fr\/wp-json\/wp\/v2\/product_tag?post=409"},{"taxonomy":"mwb_booking_cost","embeddable":true,"href":"https:\/\/dokmairwanda.com\/fr\/wp-json\/wp\/v2\/mwb_booking_cost?post=409"},{"taxonomy":"mwb_booking_service","embeddable":true,"href":"https:\/\/dokmairwanda.com\/fr\/wp-json\/wp\/v2\/mwb_booking_service?post=409"}],"curies":[{"name":"wp","href":"https:\/\/api.w.org\/{rel}","templated":true}]}}