{"id":41,"date":"2021-03-24T08:45:56","date_gmt":"2021-03-24T08:45:56","guid":{"rendered":"http:\/\/dokmai.paulwebdesign.rw\/?post_type=product&#038;p=41"},"modified":"2023-03-06T11:00:48","modified_gmt":"2023-03-06T09:00:48","slug":"igitego-briefcase","status":"publish","type":"product","link":"https:\/\/dokmairwanda.com\/fr\/produit\/igitego-briefcase\/","title":{"rendered":"Mallette Igitego"},"content":{"rendered":"<p><strong>Mat\u00e9riel<\/strong>: Cuir\/avec kitenge<\/p>\n<p>Les motifs du tissu de doublure en kitenge changent en fonction de la disponibilit\u00e9 du march\u00e9 local. Veuillez consulter \u00ab\u00a0Choix de tissus\u00a0\u00bb ci-dessous pour voir ce qui est actuellement disponible.<br \/>\n<strong>Taille<\/strong>: 13\u2033m 14\u2033, 15\u201d L \/ 11\u201d H \/ 2,7\u201d L, , 2 sangles de ceinture (cuir ou litenge); 70&quot; avec sangle r\u00e9glable.<br \/>\n<strong>La description<\/strong>: poche avant et arri\u00e8re.<br \/>\n<strong>Diviseur<\/strong> pour ordinateur portable\/fermeture \u00e9clair int\u00e9rieure et poche pour smartphone.Fermeture \u00e0 bouton-pression et fermeture \u00e9clair magn\u00e9tiques.<\/p>","protected":false},"excerpt":{"rendered":"<p>Material: Leather\/w kitenge Kitenge lining fabric patterns change depending on local market availability. Please see \u2018Fabric choices\u2019 below to see what is currently available. Size: 13&#8243;m 14&#8243;, 15\u201d L\u00a0\/ 11\u201d H \/ 2.7\u201d W,\u00a0 , 2 belt straps (leather or litenge); 70\u201d \u00a0with adjustable strap. Description: front and back pocket. Divider for laptop\/inner zipper and [&#8230;]\n","protected":false},"featured_media":87,"comment_status":"open","ping_status":"closed","template":"","meta":[],"product_brand":[],"product_cat":[232,19,27],"product_tag":[31],"mwb_booking_cost":[],"mwb_booking_service":[],"class_list":{"0":"post-41","1":"product","2":"type-product","3":"status-publish","4":"has-post-thumbnail","6":"product_cat-laptop-bags-women","7":"product_cat-men","8":"product_cat-women","9":"product_tag-satchel","11":"first","12":"instock","13":"taxable","14":"shipping-taxable","15":"purchasable","16":"product-type-variable"},"_links":{"self":[{"href":"https:\/\/dokmairwanda.com\/fr\/wp-json\/wp\/v2\/product\/41","targetHints":{"allow":["GET"]}}],"collection":[{"href":"https:\/\/dokmairwanda.com\/fr\/wp-json\/wp\/v2\/product"}],"about":[{"href":"https:\/\/dokmairwanda.com\/fr\/wp-json\/wp\/v2\/types\/product"}],"replies":[{"embeddable":true,"href":"https:\/\/dokmairwanda.com\/fr\/wp-json\/wp\/v2\/comments?post=41"}],"wp:featuredmedia":[{"embeddable":true,"href":"https:\/\/dokmairwanda.com\/fr\/wp-json\/wp\/v2\/media\/87"}],"wp:attachment":[{"href":"https:\/\/dokmairwanda.com\/fr\/wp-json\/wp\/v2\/media?parent=41"}],"wp:term":[{"taxonomy":"product_brand","embeddable":true,"href":"https:\/\/dokmairwanda.com\/fr\/wp-json\/wp\/v2\/product_brand?post=41"},{"taxonomy":"product_cat","embeddable":true,"href":"https:\/\/dokmairwanda.com\/fr\/wp-json\/wp\/v2\/product_cat?post=41"},{"taxonomy":"product_tag","embeddable":true,"href":"https:\/\/dokmairwanda.com\/fr\/wp-json\/wp\/v2\/product_tag?post=41"},{"taxonomy":"mwb_booking_cost","embeddable":true,"href":"https:\/\/dokmairwanda.com\/fr\/wp-json\/wp\/v2\/mwb_booking_cost?post=41"},{"taxonomy":"mwb_booking_service","embeddable":true,"href":"https:\/\/dokmairwanda.com\/fr\/wp-json\/wp\/v2\/mwb_booking_service?post=41"}],"curies":[{"name":"wp","href":"https:\/\/api.w.org\/{rel}","templated":true}]}}