{"id":48,"date":"2021-03-24T08:45:56","date_gmt":"2021-03-24T06:45:56","guid":{"rendered":"http:\/\/dokmai.paulwebdesign.rw\/?post_type=product&#038;p=48"},"modified":"2023-02-20T11:27:20","modified_gmt":"2023-02-20T09:27:20","slug":"msafiri-dufflebag","status":"publish","type":"product","link":"https:\/\/dokmairwanda.com\/fr\/produit\/msafiri-dufflebag\/","title":{"rendered":"Msafiri"},"content":{"rendered":"<p><strong>Mat\u00e9riel<\/strong>: Cuir avec kitenge<\/p>\n<p>Les motifs du tissu de doublure en kitenge changent en fonction de la disponibilit\u00e9 du march\u00e9 local. Veuillez voir \u00ab\u00a0Choix de tissus\u00a0\u00bb ci-dessous pour voir ce qui est actuellement disponible.<\/p>\n<p><strong>Taille<\/strong>:16,5&quot; L \/ 11,8&quot; H \/ 6&#039;2&quot; L, sangles fixes 21,6&quot;.<br \/>\n<strong>La description<\/strong>: Sac multifonctionnel qui s&#039;adaptera \u00e0 votre style de vie urbain, pratique \u00e0 transporter et \u00e0 voyager. Sangle courte et longue r\u00e9glable. Pieds sur la poche int\u00e9rieure zipp\u00e9e inf\u00e9rieure, un grand espace de rangement et une poche ext\u00e9rieure<\/p>","protected":false},"excerpt":{"rendered":"<p>Material: Leather w\/kitenge Kitenge lining fabric patterns change depending on local market availability. Please see \u2018Fabric choices\u2019 below to see what is currently available.. Size:16.5\u201d L \/ 11.8\u201d H \/ 6&#8217;2\u201d W, 21.6\u201d fixed straps. Description:\u00a0Multi-functional bag who will keep up with your urban lifestyle, practical to carry and take\u00a0a trip.\u00a0Short and adjustable long strap.feets [&#8230;]\n","protected":false},"featured_media":104,"comment_status":"open","ping_status":"closed","template":"","meta":[],"product_brand":[],"product_cat":[27],"product_tag":[37],"mwb_booking_cost":[],"mwb_booking_service":[],"class_list":{"0":"post-48","1":"product","2":"type-product","3":"status-publish","4":"has-post-thumbnail","6":"product_cat-women","7":"product_tag-weekender","9":"first","10":"instock","11":"taxable","12":"shipping-taxable","13":"purchasable","14":"product-type-variable"},"_links":{"self":[{"href":"https:\/\/dokmairwanda.com\/fr\/wp-json\/wp\/v2\/product\/48","targetHints":{"allow":["GET"]}}],"collection":[{"href":"https:\/\/dokmairwanda.com\/fr\/wp-json\/wp\/v2\/product"}],"about":[{"href":"https:\/\/dokmairwanda.com\/fr\/wp-json\/wp\/v2\/types\/product"}],"replies":[{"embeddable":true,"href":"https:\/\/dokmairwanda.com\/fr\/wp-json\/wp\/v2\/comments?post=48"}],"wp:featuredmedia":[{"embeddable":true,"href":"https:\/\/dokmairwanda.com\/fr\/wp-json\/wp\/v2\/media\/104"}],"wp:attachment":[{"href":"https:\/\/dokmairwanda.com\/fr\/wp-json\/wp\/v2\/media?parent=48"}],"wp:term":[{"taxonomy":"product_brand","embeddable":true,"href":"https:\/\/dokmairwanda.com\/fr\/wp-json\/wp\/v2\/product_brand?post=48"},{"taxonomy":"product_cat","embeddable":true,"href":"https:\/\/dokmairwanda.com\/fr\/wp-json\/wp\/v2\/product_cat?post=48"},{"taxonomy":"product_tag","embeddable":true,"href":"https:\/\/dokmairwanda.com\/fr\/wp-json\/wp\/v2\/product_tag?post=48"},{"taxonomy":"mwb_booking_cost","embeddable":true,"href":"https:\/\/dokmairwanda.com\/fr\/wp-json\/wp\/v2\/mwb_booking_cost?post=48"},{"taxonomy":"mwb_booking_service","embeddable":true,"href":"https:\/\/dokmairwanda.com\/fr\/wp-json\/wp\/v2\/mwb_booking_service?post=48"}],"curies":[{"name":"wp","href":"https:\/\/api.w.org\/{rel}","templated":true}]}}