{"id":49,"date":"2021-03-24T08:45:56","date_gmt":"2021-03-24T08:45:56","guid":{"rendered":"http:\/\/dokmai.paulwebdesign.rw\/?post_type=product&#038;p=49"},"modified":"2023-03-07T20:13:11","modified_gmt":"2023-03-07T18:13:11","slug":"sovu-convertible-backpack","status":"publish","type":"product","link":"https:\/\/dokmairwanda.com\/fr\/produit\/sovu-convertible-backpack\/","title":{"rendered":"Sac \u00e0 dos convertible Sovu"},"content":{"rendered":"<p><strong>Mat\u00e9riel<\/strong>: cuir avec kitenge<\/p>\n<p>Kitenge avec cuir (la photo est indicative, les m\u00eames tissus kitenge ne sont pas toujours disponibles merci de nous contacter pour des photos des tissus kitenge disponibles avant de commander).<br \/>\n<strong>Taille<\/strong>: 8,6&quot; L\/12,5&quot; H\/2,8&quot; L . Bretelles de sac \u00e0 dos r\u00e9glables de 70&quot;<br \/>\n<strong>La description<\/strong>:Sac \u00e0 dos bidirectionnel en cuir de haute qualit\u00e9, poche avant et poche arri\u00e8re avec bordure en tissu, fermeture \u00e0 glissi\u00e8re. Poche int\u00e9rieure zipp\u00e9e\/doublure en coton pour smartphone<\/p>","protected":false},"excerpt":{"rendered":"<p>Material: leather w\/kitenge Kitenge with leather (the picture is indicative, the same kitenge fabrics are not always available please contact us for pictures of the available kitenge fabrics before you order). Size: 8.6\u201d L\/12.5\u201dH\/2.8\u201dW . 70\u201d adjustable backpack straps Description:Two-way\u00a0Backpack made from high-quality leather,\u00a0front pocket and backside pocket with fabri trim,\u00a0zip closure. Inner zip pocket\/smartphone [&#8230;]\n","protected":false},"featured_media":109,"comment_status":"open","ping_status":"closed","template":"","meta":[],"product_brand":[],"product_cat":[38,27],"product_tag":[26],"mwb_booking_cost":[],"mwb_booking_service":[],"class_list":{"0":"post-49","1":"product","2":"type-product","3":"status-publish","4":"has-post-thumbnail","6":"product_cat-backpack-women","7":"product_cat-women","8":"product_tag-backpack","10":"first","11":"instock","12":"taxable","13":"shipping-taxable","14":"purchasable","15":"product-type-variable"},"_links":{"self":[{"href":"https:\/\/dokmairwanda.com\/fr\/wp-json\/wp\/v2\/product\/49","targetHints":{"allow":["GET"]}}],"collection":[{"href":"https:\/\/dokmairwanda.com\/fr\/wp-json\/wp\/v2\/product"}],"about":[{"href":"https:\/\/dokmairwanda.com\/fr\/wp-json\/wp\/v2\/types\/product"}],"replies":[{"embeddable":true,"href":"https:\/\/dokmairwanda.com\/fr\/wp-json\/wp\/v2\/comments?post=49"}],"wp:featuredmedia":[{"embeddable":true,"href":"https:\/\/dokmairwanda.com\/fr\/wp-json\/wp\/v2\/media\/109"}],"wp:attachment":[{"href":"https:\/\/dokmairwanda.com\/fr\/wp-json\/wp\/v2\/media?parent=49"}],"wp:term":[{"taxonomy":"product_brand","embeddable":true,"href":"https:\/\/dokmairwanda.com\/fr\/wp-json\/wp\/v2\/product_brand?post=49"},{"taxonomy":"product_cat","embeddable":true,"href":"https:\/\/dokmairwanda.com\/fr\/wp-json\/wp\/v2\/product_cat?post=49"},{"taxonomy":"product_tag","embeddable":true,"href":"https:\/\/dokmairwanda.com\/fr\/wp-json\/wp\/v2\/product_tag?post=49"},{"taxonomy":"mwb_booking_cost","embeddable":true,"href":"https:\/\/dokmairwanda.com\/fr\/wp-json\/wp\/v2\/mwb_booking_cost?post=49"},{"taxonomy":"mwb_booking_service","embeddable":true,"href":"https:\/\/dokmairwanda.com\/fr\/wp-json\/wp\/v2\/mwb_booking_service?post=49"}],"curies":[{"name":"wp","href":"https:\/\/api.w.org\/{rel}","templated":true}]}}