{"id":50,"date":"2021-03-24T08:45:56","date_gmt":"2021-03-24T06:45:56","guid":{"rendered":"http:\/\/dokmai.paulwebdesign.rw\/?post_type=product&#038;p=50"},"modified":"2023-02-20T12:10:55","modified_gmt":"2023-02-20T10:10:55","slug":"shema-handbag","status":"publish","type":"product","link":"https:\/\/dokmairwanda.com\/fr\/produit\/shema-handbag\/","title":{"rendered":"Sac \u00e0 main Shema"},"content":{"rendered":"<p><strong>Mat\u00e9riel<\/strong>: Cuir\/kitenge<\/p>\n<div>\n<p>Sangles fixes de 23&quot;<\/p>\n<p><strong>La description:<\/strong> Fabriqu\u00e9 \u00e0 partir de cuir de haute qualit\u00e9\/\u00e9quip\u00e9 de suffisamment d&#039;espace pour transporter votre ordinateur portable et d&#039;autres objets\/poches int\u00e9rieures zipp\u00e9es et pour smartphone\/fermeture \u00e0 glissi\u00e8re\/pieds en bas.<\/p>\n<\/div>","protected":false},"excerpt":{"rendered":"<p>Mat\u00e9riau : Cuir\/bretelles fixes kitenge 23&quot; Description : Fabriqu\u00e9 \u00e0 partir de cuir de haute qualit\u00e9 \/ \u00e9quip\u00e9 de suffisamment d&#039;espace pour transporter votre ordinateur portable et d&#039;autres objets \/ poches int\u00e9rieures zipp\u00e9es et pour smartphone\/fermeture zipp\u00e9e\/pieds en bas.<\/p>","protected":false},"featured_media":113,"comment_status":"open","ping_status":"closed","template":"","meta":[],"product_brand":[],"product_cat":[28,27],"product_tag":[24],"mwb_booking_cost":[],"mwb_booking_service":[],"class_list":{"0":"post-50","1":"product","2":"type-product","3":"status-publish","4":"has-post-thumbnail","6":"product_cat-handbags-women","7":"product_cat-women","8":"product_tag-workbag","10":"first","11":"instock","12":"taxable","13":"shipping-taxable","14":"purchasable","15":"product-type-variable"},"_links":{"self":[{"href":"https:\/\/dokmairwanda.com\/fr\/wp-json\/wp\/v2\/product\/50","targetHints":{"allow":["GET"]}}],"collection":[{"href":"https:\/\/dokmairwanda.com\/fr\/wp-json\/wp\/v2\/product"}],"about":[{"href":"https:\/\/dokmairwanda.com\/fr\/wp-json\/wp\/v2\/types\/product"}],"replies":[{"embeddable":true,"href":"https:\/\/dokmairwanda.com\/fr\/wp-json\/wp\/v2\/comments?post=50"}],"wp:featuredmedia":[{"embeddable":true,"href":"https:\/\/dokmairwanda.com\/fr\/wp-json\/wp\/v2\/media\/113"}],"wp:attachment":[{"href":"https:\/\/dokmairwanda.com\/fr\/wp-json\/wp\/v2\/media?parent=50"}],"wp:term":[{"taxonomy":"product_brand","embeddable":true,"href":"https:\/\/dokmairwanda.com\/fr\/wp-json\/wp\/v2\/product_brand?post=50"},{"taxonomy":"product_cat","embeddable":true,"href":"https:\/\/dokmairwanda.com\/fr\/wp-json\/wp\/v2\/product_cat?post=50"},{"taxonomy":"product_tag","embeddable":true,"href":"https:\/\/dokmairwanda.com\/fr\/wp-json\/wp\/v2\/product_tag?post=50"},{"taxonomy":"mwb_booking_cost","embeddable":true,"href":"https:\/\/dokmairwanda.com\/fr\/wp-json\/wp\/v2\/mwb_booking_cost?post=50"},{"taxonomy":"mwb_booking_service","embeddable":true,"href":"https:\/\/dokmairwanda.com\/fr\/wp-json\/wp\/v2\/mwb_booking_service?post=50"}],"curies":[{"name":"wp","href":"https:\/\/api.w.org\/{rel}","templated":true}]}}