{"id":51,"date":"2021-03-24T08:45:56","date_gmt":"2021-03-24T08:45:56","guid":{"rendered":"http:\/\/dokmai.paulwebdesign.rw\/?post_type=product&#038;p=51"},"modified":"2023-03-06T11:45:48","modified_gmt":"2023-03-06T09:45:48","slug":"sifa-clutch-with-braided-handle","status":"publish","type":"product","link":"https:\/\/dokmairwanda.com\/fr\/produit\/sifa-clutch-with-braided-handle\/","title":{"rendered":"Pochette Sifa avec poign\u00e9e tress\u00e9e"},"content":{"rendered":"<p><strong>Mat\u00e9riel:<\/strong> Cuir\/Kitenge<\/p>\n<p><strong>La description:<\/strong> Fabriqu\u00e9 \u00e0 partir de cuir de haute qualit\u00e9, associ\u00e9 \u00e0 un tissu en coton imprim\u00e9 refl\u00e9tant la joie de vivre rwandaise. Poche int\u00e9rieure zipp\u00e9e\/poche pour smartphone, fermeture zipp\u00e9e et c\u00f4t\u00e9 poign\u00e9e tiss\u00e9e facilitant le transport de la pochette.<\/p>","protected":false},"excerpt":{"rendered":"<p>Mat\u00e9riau : Cuir\/Kitenge Description : Fabriqu\u00e9 \u00e0 partir de cuir de haute qualit\u00e9, associ\u00e9 \u00e0 un tissu en coton imprim\u00e9 refl\u00e9tant la joie de vivre rwandaise. Poche int\u00e9rieure zipp\u00e9e\/poche pour smartphone, fermeture zipp\u00e9e et poign\u00e9e tiss\u00e9e sur le c\u00f4t\u00e9 pour faciliter le transport de la pochette.<\/p>","protected":false},"featured_media":592,"comment_status":"open","ping_status":"closed","template":"","meta":[],"product_brand":[],"product_cat":[28,27],"product_tag":[42],"mwb_booking_cost":[],"mwb_booking_service":[],"class_list":{"0":"post-51","1":"product","2":"type-product","3":"status-publish","4":"has-post-thumbnail","6":"product_cat-handbags-women","7":"product_cat-women","8":"product_tag-clutch","10":"first","11":"instock","12":"taxable","13":"shipping-taxable","14":"purchasable","15":"product-type-variable"},"_links":{"self":[{"href":"https:\/\/dokmairwanda.com\/fr\/wp-json\/wp\/v2\/product\/51","targetHints":{"allow":["GET"]}}],"collection":[{"href":"https:\/\/dokmairwanda.com\/fr\/wp-json\/wp\/v2\/product"}],"about":[{"href":"https:\/\/dokmairwanda.com\/fr\/wp-json\/wp\/v2\/types\/product"}],"replies":[{"embeddable":true,"href":"https:\/\/dokmairwanda.com\/fr\/wp-json\/wp\/v2\/comments?post=51"}],"wp:featuredmedia":[{"embeddable":true,"href":"https:\/\/dokmairwanda.com\/fr\/wp-json\/wp\/v2\/media\/592"}],"wp:attachment":[{"href":"https:\/\/dokmairwanda.com\/fr\/wp-json\/wp\/v2\/media?parent=51"}],"wp:term":[{"taxonomy":"product_brand","embeddable":true,"href":"https:\/\/dokmairwanda.com\/fr\/wp-json\/wp\/v2\/product_brand?post=51"},{"taxonomy":"product_cat","embeddable":true,"href":"https:\/\/dokmairwanda.com\/fr\/wp-json\/wp\/v2\/product_cat?post=51"},{"taxonomy":"product_tag","embeddable":true,"href":"https:\/\/dokmairwanda.com\/fr\/wp-json\/wp\/v2\/product_tag?post=51"},{"taxonomy":"mwb_booking_cost","embeddable":true,"href":"https:\/\/dokmairwanda.com\/fr\/wp-json\/wp\/v2\/mwb_booking_cost?post=51"},{"taxonomy":"mwb_booking_service","embeddable":true,"href":"https:\/\/dokmairwanda.com\/fr\/wp-json\/wp\/v2\/mwb_booking_service?post=51"}],"curies":[{"name":"wp","href":"https:\/\/api.w.org\/{rel}","templated":true}]}}