{"id":53,"date":"2021-03-24T08:45:57","date_gmt":"2021-03-24T06:45:57","guid":{"rendered":"http:\/\/dokmai.paulwebdesign.rw\/?post_type=product&#038;p=53"},"modified":"2023-02-17T18:56:50","modified_gmt":"2023-02-17T16:56:50","slug":"kito-lts-convertible-backpack","status":"publish","type":"product","link":"https:\/\/dokmairwanda.com\/fr\/produit\/kito-lts-convertible-backpack\/","title":{"rendered":"Sac \u00e0 dos convertible Kito LTS"},"content":{"rendered":"<p><strong>Mat\u00e9riel<\/strong>: cuir w\/kitenge (la photo est indicative, les m\u00eames tissus kitenge ne sont pas toujours disponibles merci de nous contacter pour des photos des tissus kitenge disponibles avant de commander).<br \/>\n<strong>Taille<\/strong>: 8,6&quot; L\/12,5&quot; H\/2,8&quot; L . Sangles de sac \u00e0 dos r\u00e9glables de 80&quot;.<br \/>\n<strong>La description<\/strong>: Sac \u00e0 dos bidirectionnel en cuir de haute qualit\u00e9, 2 poches avant et poche arri\u00e8re avec d\u00e9tails en kitenge, fermeture \u00e0 glissi\u00e8re. Poche int\u00e9rieure zipp\u00e9e\/doublure en coton pour smartphone<\/p>","protected":false},"excerpt":{"rendered":"<p>Material: leather w\/kitenge (the picture is indicative, the same kitenge fabrics are not always available please contact us for pictures of the available kitenge fabrics before you order). Size: 8.6\u201d L\/12.5\u201dH\/2.8\u201dW . 80\u201d adjustable backpack straps. Description:\u00a0Two-way\u00a0Backpack made from high-quality leather, 2 front pockets and back side pocket with kitenge details,\u00a0zip closure. Inner zip pocket\/smartphone [&#8230;]\n","protected":false},"featured_media":115,"comment_status":"open","ping_status":"closed","template":"","meta":[],"product_brand":[],"product_cat":[38,27],"product_tag":[26],"mwb_booking_cost":[],"mwb_booking_service":[],"class_list":{"0":"post-53","1":"product","2":"type-product","3":"status-publish","4":"has-post-thumbnail","6":"product_cat-backpack-women","7":"product_cat-women","8":"product_tag-backpack","10":"first","11":"instock","12":"taxable","13":"shipping-taxable","14":"purchasable","15":"product-type-variable"},"_links":{"self":[{"href":"https:\/\/dokmairwanda.com\/fr\/wp-json\/wp\/v2\/product\/53","targetHints":{"allow":["GET"]}}],"collection":[{"href":"https:\/\/dokmairwanda.com\/fr\/wp-json\/wp\/v2\/product"}],"about":[{"href":"https:\/\/dokmairwanda.com\/fr\/wp-json\/wp\/v2\/types\/product"}],"replies":[{"embeddable":true,"href":"https:\/\/dokmairwanda.com\/fr\/wp-json\/wp\/v2\/comments?post=53"}],"wp:featuredmedia":[{"embeddable":true,"href":"https:\/\/dokmairwanda.com\/fr\/wp-json\/wp\/v2\/media\/115"}],"wp:attachment":[{"href":"https:\/\/dokmairwanda.com\/fr\/wp-json\/wp\/v2\/media?parent=53"}],"wp:term":[{"taxonomy":"product_brand","embeddable":true,"href":"https:\/\/dokmairwanda.com\/fr\/wp-json\/wp\/v2\/product_brand?post=53"},{"taxonomy":"product_cat","embeddable":true,"href":"https:\/\/dokmairwanda.com\/fr\/wp-json\/wp\/v2\/product_cat?post=53"},{"taxonomy":"product_tag","embeddable":true,"href":"https:\/\/dokmairwanda.com\/fr\/wp-json\/wp\/v2\/product_tag?post=53"},{"taxonomy":"mwb_booking_cost","embeddable":true,"href":"https:\/\/dokmairwanda.com\/fr\/wp-json\/wp\/v2\/mwb_booking_cost?post=53"},{"taxonomy":"mwb_booking_service","embeddable":true,"href":"https:\/\/dokmairwanda.com\/fr\/wp-json\/wp\/v2\/mwb_booking_service?post=53"}],"curies":[{"name":"wp","href":"https:\/\/api.w.org\/{rel}","templated":true}]}}