{"id":54,"date":"2021-03-24T08:45:57","date_gmt":"2021-03-24T08:45:57","guid":{"rendered":"http:\/\/dokmai.paulwebdesign.rw\/?post_type=product&#038;p=54"},"modified":"2023-03-07T20:08:48","modified_gmt":"2023-03-07T18:08:48","slug":"kigali-hills-bag","status":"publish","type":"product","link":"https:\/\/dokmairwanda.com\/fr\/produit\/kigali-hills-bag\/","title":{"rendered":"Sac Kigali Hills"},"content":{"rendered":"<p>Mat\u00e9riel: <b>Cuir<\/b><b> \/ <\/b><b>Doublure<\/b> <b>Kitenge<\/b><\/p>\n<p><b>Int\u00e9rieur<\/b> <b>des d\u00e9tails<\/b><b>:<\/b> poche int\u00e9rieure zipp\u00e9e\/poche pour smartphone et un portefeuille.<\/p>\n<p><b>Ext\u00e9rieur<\/b> <b>des d\u00e9tails<\/b><b>:<\/b> poche arri\u00e8re zipp\u00e9e\/c\u00f4t\u00e9 agr\u00e9ment\u00e9 d&#039;une bordure en tissu\/Poign\u00e9es\/pieds fixes en bas<\/p>\n<p><b>Mat\u00e9riel<\/b><b> la description:<\/b> Les articles de Dokmai sont fabriqu\u00e9s \u00e0 partir de cuir de haute qualit\u00e9 r\u00e9pondant \u00e0 la norme europ\u00e9enne (REACH) associ\u00e9 \u00e0 un tissu en coton imprim\u00e9 refl\u00e9tant la joie de vivre rwandaise.<\/p>","protected":false},"excerpt":{"rendered":"<p>Mat\u00e9riel : Cuir \/ doublure Kitenge D\u00e9tails int\u00e9rieurs : poche int\u00e9rieure zipp\u00e9e\/poche pour smartphone et un portefeuille. D\u00e9tails ext\u00e9rieurs : poche arri\u00e8re zipp\u00e9e\/c\u00f4t\u00e9 orn\u00e9 d&#039;une bordure en tissu\/poign\u00e9es\/pieds fixes sur le bas Description du mat\u00e9riau : les articles Dokmai sont fabriqu\u00e9s \u00e0 partir de cuir de haute qualit\u00e9 r\u00e9pondant \u00e0 la norme europ\u00e9enne (REACH) associ\u00e9 \u00e0 un tissu en coton imprim\u00e9 refl\u00e9tant la joie de vivre rwandaise. .<\/p>","protected":false},"featured_media":116,"comment_status":"open","ping_status":"closed","template":"","meta":[],"product_brand":[],"product_cat":[27,93],"product_tag":[45],"mwb_booking_cost":[],"mwb_booking_service":[],"class_list":{"0":"post-54","1":"product","2":"type-product","3":"status-publish","4":"has-post-thumbnail","6":"product_cat-women","7":"product_cat-shoulder-bags-women","8":"product_tag-shopping-bag","10":"first","11":"instock","12":"featured","13":"taxable","14":"shipping-taxable","15":"purchasable","16":"product-type-variable"},"_links":{"self":[{"href":"https:\/\/dokmairwanda.com\/fr\/wp-json\/wp\/v2\/product\/54","targetHints":{"allow":["GET"]}}],"collection":[{"href":"https:\/\/dokmairwanda.com\/fr\/wp-json\/wp\/v2\/product"}],"about":[{"href":"https:\/\/dokmairwanda.com\/fr\/wp-json\/wp\/v2\/types\/product"}],"replies":[{"embeddable":true,"href":"https:\/\/dokmairwanda.com\/fr\/wp-json\/wp\/v2\/comments?post=54"}],"wp:featuredmedia":[{"embeddable":true,"href":"https:\/\/dokmairwanda.com\/fr\/wp-json\/wp\/v2\/media\/116"}],"wp:attachment":[{"href":"https:\/\/dokmairwanda.com\/fr\/wp-json\/wp\/v2\/media?parent=54"}],"wp:term":[{"taxonomy":"product_brand","embeddable":true,"href":"https:\/\/dokmairwanda.com\/fr\/wp-json\/wp\/v2\/product_brand?post=54"},{"taxonomy":"product_cat","embeddable":true,"href":"https:\/\/dokmairwanda.com\/fr\/wp-json\/wp\/v2\/product_cat?post=54"},{"taxonomy":"product_tag","embeddable":true,"href":"https:\/\/dokmairwanda.com\/fr\/wp-json\/wp\/v2\/product_tag?post=54"},{"taxonomy":"mwb_booking_cost","embeddable":true,"href":"https:\/\/dokmairwanda.com\/fr\/wp-json\/wp\/v2\/mwb_booking_cost?post=54"},{"taxonomy":"mwb_booking_service","embeddable":true,"href":"https:\/\/dokmairwanda.com\/fr\/wp-json\/wp\/v2\/mwb_booking_service?post=54"}],"curies":[{"name":"wp","href":"https:\/\/api.w.org\/{rel}","templated":true}]}}