{"id":57,"date":"2021-03-24T08:45:57","date_gmt":"2021-03-24T06:45:57","guid":{"rendered":"http:\/\/dokmai.paulwebdesign.rw\/?post_type=product&#038;p=57"},"modified":"2023-03-07T20:13:31","modified_gmt":"2023-03-07T18:13:31","slug":"bisoke-weekender","status":"publish","type":"product","link":"https:\/\/dokmairwanda.com\/fr\/produit\/bisoke-weekender\/","title":{"rendered":"Bisoke (weekender)"},"content":{"rendered":"<p><strong>Mat\u00e9riel:<\/strong> Cuir\/kitenge<\/p>\n<p><strong>Taille<\/strong>: 14,9&quot; L\/11,4&quot; H\/5,9&quot; L, sangles fixes 30&quot;, sangle r\u00e9glable 60&quot;<\/p>\n<p><strong>D\u00e9tails int\u00e9rieurs :<\/strong> Poche int\u00e9rieure zipp\u00e9e et poche smartphone, doublure en coton<\/p>\n<p><strong>D\u00e9tails ext\u00e9rieurs<\/strong>: fermeture zipp\u00e9e, poches lat\u00e9rales avec d\u00e9tails kitenge. Pieds en bas<\/p>\n<p><strong>Description du mat\u00e9riel:<\/strong>\u00a0Les articles de Dokmai sont fabriqu\u00e9s \u00e0 partir de cuir de haute qualit\u00e9 r\u00e9pondant \u00e0 la norme europ\u00e9enne (REACH) associ\u00e9 \u00e0 un tissu en coton imprim\u00e9 refl\u00e9tant la joie de vivre rwandaise.<\/p>","protected":false},"excerpt":{"rendered":"<p>Material: Leather\/kitenge Size: 14.9\u201d L\/11.4\u201d H\/5.9&#8243; W, 30\u201d fixed straps, 60\u201d adjustable strap Interior details: Inner zip pocket and smartphone pocket, cotton fabric lining Exterior details: zip closure, side pockets with kitenge details. Feet on bottom Material description:\u00a0Dokmai\u2019s items are made from high-quality leather meeting the EU Standart (REACH) paired with printed cotton fabric reflecting [&#8230;]\n","protected":false},"featured_media":126,"comment_status":"open","ping_status":"closed","template":"","meta":[],"product_brand":[],"product_cat":[27,28],"product_tag":[37],"mwb_booking_cost":[],"mwb_booking_service":[],"class_list":{"0":"post-57","1":"product","2":"type-product","3":"status-publish","4":"has-post-thumbnail","6":"product_cat-women","7":"product_cat-handbags-women","8":"product_tag-weekender","10":"first","11":"instock","12":"taxable","13":"shipping-taxable","14":"purchasable","15":"product-type-variable"},"_links":{"self":[{"href":"https:\/\/dokmairwanda.com\/fr\/wp-json\/wp\/v2\/product\/57","targetHints":{"allow":["GET"]}}],"collection":[{"href":"https:\/\/dokmairwanda.com\/fr\/wp-json\/wp\/v2\/product"}],"about":[{"href":"https:\/\/dokmairwanda.com\/fr\/wp-json\/wp\/v2\/types\/product"}],"replies":[{"embeddable":true,"href":"https:\/\/dokmairwanda.com\/fr\/wp-json\/wp\/v2\/comments?post=57"}],"wp:featuredmedia":[{"embeddable":true,"href":"https:\/\/dokmairwanda.com\/fr\/wp-json\/wp\/v2\/media\/126"}],"wp:attachment":[{"href":"https:\/\/dokmairwanda.com\/fr\/wp-json\/wp\/v2\/media?parent=57"}],"wp:term":[{"taxonomy":"product_brand","embeddable":true,"href":"https:\/\/dokmairwanda.com\/fr\/wp-json\/wp\/v2\/product_brand?post=57"},{"taxonomy":"product_cat","embeddable":true,"href":"https:\/\/dokmairwanda.com\/fr\/wp-json\/wp\/v2\/product_cat?post=57"},{"taxonomy":"product_tag","embeddable":true,"href":"https:\/\/dokmairwanda.com\/fr\/wp-json\/wp\/v2\/product_tag?post=57"},{"taxonomy":"mwb_booking_cost","embeddable":true,"href":"https:\/\/dokmairwanda.com\/fr\/wp-json\/wp\/v2\/mwb_booking_cost?post=57"},{"taxonomy":"mwb_booking_service","embeddable":true,"href":"https:\/\/dokmairwanda.com\/fr\/wp-json\/wp\/v2\/mwb_booking_service?post=57"}],"curies":[{"name":"wp","href":"https:\/\/api.w.org\/{rel}","templated":true}]}}