{"id":59,"date":"2021-03-24T08:45:57","date_gmt":"2021-03-24T08:45:57","guid":{"rendered":"http:\/\/dokmai.paulwebdesign.rw\/?post_type=product&#038;p=59"},"modified":"2023-02-17T16:29:47","modified_gmt":"2023-02-17T14:29:47","slug":"ngeli-backpack","status":"publish","type":"product","link":"https:\/\/dokmairwanda.com\/fr\/produit\/ngeli-backpack\/","title":{"rendered":"Sac \u00e0 dos Ngeli"},"content":{"rendered":"<p><strong>Mat\u00e9riel<\/strong>: Cuir.<br \/>\nBretelles de sac \u00e0 dos r\u00e9glables de 70 pouces.<br \/>\n<strong>La description<\/strong>: Sac \u00e0 dos en cuir de haute qualit\u00e9, poche avant \/ Fermeture \u00e0 rabat avec garniture en tissu.<br \/>\nPoche int\u00e9rieure zipp\u00e9e\/doublure en coton pour smartphone.<\/p>","protected":false},"excerpt":{"rendered":"<p>Mat\u00e9riel: Cuir. Bretelles de sac \u00e0 dos r\u00e9glables de 70 pouces. Description : Sac \u00e0 dos en cuir de haute qualit\u00e9, poche avant\/fermeture \u00e0 rabat avec bordure en tissu. Poche int\u00e9rieure zipp\u00e9e\/doublure en tissu coton pour smartphone.<\/p>","protected":false},"featured_media":131,"comment_status":"open","ping_status":"closed","template":"","meta":[],"product_brand":[],"product_cat":[27,38],"product_tag":[26],"mwb_booking_cost":[],"mwb_booking_service":[],"class_list":{"0":"post-59","1":"product","2":"type-product","3":"status-publish","4":"has-post-thumbnail","6":"product_cat-women","7":"product_cat-backpack-women","8":"product_tag-backpack","10":"first","11":"instock","12":"taxable","13":"shipping-taxable","14":"purchasable","15":"product-type-variable"},"_links":{"self":[{"href":"https:\/\/dokmairwanda.com\/fr\/wp-json\/wp\/v2\/product\/59","targetHints":{"allow":["GET"]}}],"collection":[{"href":"https:\/\/dokmairwanda.com\/fr\/wp-json\/wp\/v2\/product"}],"about":[{"href":"https:\/\/dokmairwanda.com\/fr\/wp-json\/wp\/v2\/types\/product"}],"replies":[{"embeddable":true,"href":"https:\/\/dokmairwanda.com\/fr\/wp-json\/wp\/v2\/comments?post=59"}],"wp:featuredmedia":[{"embeddable":true,"href":"https:\/\/dokmairwanda.com\/fr\/wp-json\/wp\/v2\/media\/131"}],"wp:attachment":[{"href":"https:\/\/dokmairwanda.com\/fr\/wp-json\/wp\/v2\/media?parent=59"}],"wp:term":[{"taxonomy":"product_brand","embeddable":true,"href":"https:\/\/dokmairwanda.com\/fr\/wp-json\/wp\/v2\/product_brand?post=59"},{"taxonomy":"product_cat","embeddable":true,"href":"https:\/\/dokmairwanda.com\/fr\/wp-json\/wp\/v2\/product_cat?post=59"},{"taxonomy":"product_tag","embeddable":true,"href":"https:\/\/dokmairwanda.com\/fr\/wp-json\/wp\/v2\/product_tag?post=59"},{"taxonomy":"mwb_booking_cost","embeddable":true,"href":"https:\/\/dokmairwanda.com\/fr\/wp-json\/wp\/v2\/mwb_booking_cost?post=59"},{"taxonomy":"mwb_booking_service","embeddable":true,"href":"https:\/\/dokmairwanda.com\/fr\/wp-json\/wp\/v2\/mwb_booking_service?post=59"}],"curies":[{"name":"wp","href":"https:\/\/api.w.org\/{rel}","templated":true}]}}